{"id":16240,"date":"2025-03-21T15:02:41","date_gmt":"2025-03-21T12:02:41","guid":{"rendered":"https:\/\/ceoparts.com\/?post_type=product&#038;p=16240"},"modified":"2026-05-16T14:58:47","modified_gmt":"2026-05-16T11:58:47","slug":"still-exu-catal-mekanizma-civatasi","status":"publish","type":"product","link":"https:\/\/ceoparts.com\/fr\/urun\/still-exu-catal-mekanizma-civatasi\/","title":{"rendered":"Still Exu Boulon du m\u00e9canisme de fourche"},"content":{"rendered":"<p>Still Exu Boulon du m\u00e9canisme de fourche<\/p>","protected":false},"excerpt":{"rendered":"<p data-start=\"2242\" data-end=\"2509\">La <strong data-start=\"2245\" data-end=\"2286\">Vis de M\u00e9canisme de Fourche Still Exu<\/strong> est une pi\u00e8ce de fixation d&#8217;origine utilis\u00e9e dans le m\u00e9canisme de connexion de fourche des transpalettes Still EXU. Sa structure solide et sa haute r\u00e9sistance assurent un fonctionnement s\u00fbr et stable du syst\u00e8me de fourche.<\/p>\n<p data-start=\"2511\" data-end=\"2535\"><strong data-start=\"2511\" data-end=\"2533\">Caract\u00e9ristiques :<\/strong><\/p>\n<ul data-start=\"2536\" data-end=\"2702\">\n<li data-start=\"2536\" data-end=\"2587\">\n<p data-start=\"2538\" data-end=\"2587\">Compatibilit\u00e9 totale avec les mod\u00e8les Still EXU<\/p>\n<\/li>\n<li data-start=\"2588\" data-end=\"2631\">\n<p data-start=\"2590\" data-end=\"2631\">Haute r\u00e9sistance et longue dur\u00e9e de vie<\/p>\n<\/li>\n<li data-start=\"2632\" data-end=\"2674\">\n<p data-start=\"2634\" data-end=\"2674\">Installation simple et fixation solide<\/p>\n<\/li>\n<li data-start=\"2675\" data-end=\"2702\">\n<p data-start=\"2677\" data-end=\"2702\">Qualit\u00e9 pi\u00e8ce d&#8217;origine<\/p>\n<\/li>\n<\/ul>\n","protected":false},"featured_media":16244,"template":"","meta":[],"product_brand":[],"product_cat":[241,467,524],"product_tag":[],"class_list":{"0":"post-16240","1":"product","2":"type-product","3":"status-publish","4":"has-post-thumbnail","6":"product_cat-still","7":"product_cat-mil-grubu","8":"product_cat-yedek-parca-still","10":"first","11":"instock","12":"taxable","13":"shipping-taxable","14":"purchasable","15":"product-type-simple"},"_links":{"self":[{"href":"https:\/\/ceoparts.com\/fr\/wp-json\/wp\/v2\/product\/16240","targetHints":{"allow":["GET"]}}],"collection":[{"href":"https:\/\/ceoparts.com\/fr\/wp-json\/wp\/v2\/product"}],"about":[{"href":"https:\/\/ceoparts.com\/fr\/wp-json\/wp\/v2\/types\/product"}],"wp:featuredmedia":[{"embeddable":true,"href":"https:\/\/ceoparts.com\/fr\/wp-json\/wp\/v2\/media\/16244"}],"wp:attachment":[{"href":"https:\/\/ceoparts.com\/fr\/wp-json\/wp\/v2\/media?parent=16240"}],"wp:term":[{"taxonomy":"product_brand","embeddable":true,"href":"https:\/\/ceoparts.com\/fr\/wp-json\/wp\/v2\/product_brand?post=16240"},{"taxonomy":"product_cat","embeddable":true,"href":"https:\/\/ceoparts.com\/fr\/wp-json\/wp\/v2\/product_cat?post=16240"},{"taxonomy":"product_tag","embeddable":true,"href":"https:\/\/ceoparts.com\/fr\/wp-json\/wp\/v2\/product_tag?post=16240"}],"curies":[{"name":"wp","href":"https:\/\/api.w.org\/{rel}","templated":true}]}}