{"id":16245,"date":"2025-03-21T15:43:55","date_gmt":"2025-03-21T12:43:55","guid":{"rendered":"https:\/\/ceoparts.com\/?post_type=product&#038;p=16245"},"modified":"2026-05-16T14:57:50","modified_gmt":"2026-05-16T11:57:50","slug":"jungheinrich-fren-manyetigi-takim-51765293","status":"publish","type":"product","link":"https:\/\/ceoparts.com\/fr\/urun\/jungheinrich-fren-manyetigi-takim-51765293\/","title":{"rendered":"Jungheinrich Kit d&#8217;aimant de frein &#8211; 51765293"},"content":{"rendered":"<p>Jungheinrich Kit d&#8217;aimant de frein &#8211; 51765293<\/p>","protected":false},"excerpt":{"rendered":"<p data-start=\"2424\" data-end=\"2774\">Le <strong data-start=\"2427\" data-end=\"2474\">Kit Aimant de Frein Jungheinrich \u2013 51765293<\/strong> est une pi\u00e8ce d\u00e9tach\u00e9e d&#8217;origine pour les syst\u00e8mes de freinage des chariots \u00e9l\u00e9vateurs Jungheinrich. Sa forte puissance magn\u00e9tique et sa conception robuste am\u00e9liorent les performances de freinage et garantissent une utilisation s\u00fbre et ma\u00eetris\u00e9e. Livr\u00e9 complet avec tous les accessoires n\u00e9cessaires.<\/p>\n<p data-start=\"2776\" data-end=\"2800\"><strong data-start=\"2776\" data-end=\"2798\">Caract\u00e9ristiques :<\/strong><\/p>\n<ul data-start=\"2801\" data-end=\"2989\">\n<li data-start=\"2801\" data-end=\"2843\">\n<p data-start=\"2803\" data-end=\"2843\">Compatibilit\u00e9 totale avec Jungheinrich<\/p>\n<\/li>\n<li data-start=\"2844\" data-end=\"2874\">\n<p data-start=\"2846\" data-end=\"2874\">Freinage haute performance<\/p>\n<\/li>\n<li data-start=\"2875\" data-end=\"2913\">\n<p data-start=\"2877\" data-end=\"2913\">Construction durable et r\u00e9sistante<\/p>\n<\/li>\n<li data-start=\"2914\" data-end=\"2951\">\n<p data-start=\"2916\" data-end=\"2951\">Installation et entretien faciles<\/p>\n<\/li>\n<li data-start=\"2952\" data-end=\"2989\">\n<p data-start=\"2954\" data-end=\"2989\">Fournit avec tous les accessoires<\/p>\n<\/li>\n<\/ul>\n","protected":false},"featured_media":16247,"template":"","meta":[],"product_brand":[],"product_cat":[236,449,522],"product_tag":[],"class_list":{"0":"post-16245","1":"product","2":"type-product","3":"status-publish","4":"has-post-thumbnail","6":"product_cat-jungheinrich","7":"product_cat-fren-sistem-parcalari","8":"product_cat-yedek-parca-jungheinrich","10":"first","11":"instock","12":"taxable","13":"shipping-taxable","14":"purchasable","15":"product-type-simple"},"_links":{"self":[{"href":"https:\/\/ceoparts.com\/fr\/wp-json\/wp\/v2\/product\/16245","targetHints":{"allow":["GET"]}}],"collection":[{"href":"https:\/\/ceoparts.com\/fr\/wp-json\/wp\/v2\/product"}],"about":[{"href":"https:\/\/ceoparts.com\/fr\/wp-json\/wp\/v2\/types\/product"}],"wp:featuredmedia":[{"embeddable":true,"href":"https:\/\/ceoparts.com\/fr\/wp-json\/wp\/v2\/media\/16247"}],"wp:attachment":[{"href":"https:\/\/ceoparts.com\/fr\/wp-json\/wp\/v2\/media?parent=16245"}],"wp:term":[{"taxonomy":"product_brand","embeddable":true,"href":"https:\/\/ceoparts.com\/fr\/wp-json\/wp\/v2\/product_brand?post=16245"},{"taxonomy":"product_cat","embeddable":true,"href":"https:\/\/ceoparts.com\/fr\/wp-json\/wp\/v2\/product_cat?post=16245"},{"taxonomy":"product_tag","embeddable":true,"href":"https:\/\/ceoparts.com\/fr\/wp-json\/wp\/v2\/product_tag?post=16245"}],"curies":[{"name":"wp","href":"https:\/\/api.w.org\/{rel}","templated":true}]}}