{"id":16250,"date":"2025-03-21T16:18:17","date_gmt":"2025-03-21T13:18:17","guid":{"rendered":"https:\/\/ceoparts.com\/?post_type=product&#038;p=16250"},"modified":"2026-05-16T18:11:02","modified_gmt":"2026-05-16T15:11:02","slug":"linde-l16-direksiyon-kolu-3095405938","status":"publish","type":"product","link":"https:\/\/ceoparts.com\/fr\/urun\/linde-l16-direksiyon-kolu-3095405938\/","title":{"rendered":"Linde L16 Poign\u00e9e de direction &#8211; 3095405938"},"content":{"rendered":"<p>Linde L16 Poign\u00e9e de direction &#8211; 3095405938<\/p>","protected":false},"excerpt":{"rendered":"<p data-start=\"1899\" data-end=\"2124\">La <strong data-start=\"1902\" data-end=\"1949\">Poign\u00e9e de Direction Linde L16 \u2013 3095405938<\/strong> est la pi\u00e8ce d&#8217;origine con\u00e7ue pour les gerbeurs Linde L16. Son design ergonomique et sa fabrication robuste assurent une manipulation pr\u00e9cise et confortable pour l&#8217;op\u00e9rateur.<\/p>\n<p data-start=\"2126\" data-end=\"2150\"><strong data-start=\"2126\" data-end=\"2148\">Caract\u00e9ristiques :<\/strong><\/p>\n<ul data-start=\"2151\" data-end=\"2286\">\n<li data-start=\"2151\" data-end=\"2190\">\n<p data-start=\"2153\" data-end=\"2190\">Compatibilit\u00e9 totale avec Linde L16<\/p>\n<\/li>\n<li data-start=\"2191\" data-end=\"2227\">\n<p data-start=\"2193\" data-end=\"2227\">Conception ergonomique et solide<\/p>\n<\/li>\n<li data-start=\"2228\" data-end=\"2262\">\n<p data-start=\"2230\" data-end=\"2262\">Contr\u00f4le pr\u00e9cis et confortable<\/p>\n<\/li>\n<li data-start=\"2263\" data-end=\"2286\">\n<p data-start=\"2265\" data-end=\"2286\">Installation facile<\/p>\n<\/li>\n<\/ul>\n<p>Linde L14-16, Seri 372, Referans 3095405938, 3093810427 i\u00e7in 3093810427<\/p>\n","protected":false},"featured_media":16251,"template":"","meta":[],"product_brand":[],"product_cat":[246,450,523],"product_tag":[],"class_list":{"0":"post-16250","1":"product","2":"type-product","3":"status-publish","4":"has-post-thumbnail","6":"product_cat-linde","7":"product_cat-direksiyon-sistemleri","8":"product_cat-yedek-parca-linde","10":"first","11":"instock","12":"taxable","13":"shipping-taxable","14":"purchasable","15":"product-type-simple"},"_links":{"self":[{"href":"https:\/\/ceoparts.com\/fr\/wp-json\/wp\/v2\/product\/16250","targetHints":{"allow":["GET"]}}],"collection":[{"href":"https:\/\/ceoparts.com\/fr\/wp-json\/wp\/v2\/product"}],"about":[{"href":"https:\/\/ceoparts.com\/fr\/wp-json\/wp\/v2\/types\/product"}],"wp:featuredmedia":[{"embeddable":true,"href":"https:\/\/ceoparts.com\/fr\/wp-json\/wp\/v2\/media\/16251"}],"wp:attachment":[{"href":"https:\/\/ceoparts.com\/fr\/wp-json\/wp\/v2\/media?parent=16250"}],"wp:term":[{"taxonomy":"product_brand","embeddable":true,"href":"https:\/\/ceoparts.com\/fr\/wp-json\/wp\/v2\/product_brand?post=16250"},{"taxonomy":"product_cat","embeddable":true,"href":"https:\/\/ceoparts.com\/fr\/wp-json\/wp\/v2\/product_cat?post=16250"},{"taxonomy":"product_tag","embeddable":true,"href":"https:\/\/ceoparts.com\/fr\/wp-json\/wp\/v2\/product_tag?post=16250"}],"curies":[{"name":"wp","href":"https:\/\/api.w.org\/{rel}","templated":true}]}}