{"id":16261,"date":"2025-03-22T11:34:56","date_gmt":"2025-03-22T08:34:56","guid":{"rendered":"https:\/\/ceoparts.com\/?post_type=product&#038;p=16261"},"modified":"2026-05-16T21:36:21","modified_gmt":"2026-05-16T18:36:21","slug":"albright-linde-acil-stop-kontaktoru-7915491610-7915491622","status":"publish","type":"product","link":"https:\/\/ceoparts.com\/fr\/urun\/albright-linde-acil-stop-kontaktoru-7915491610-7915491622\/","title":{"rendered":"Albright Linde Contacteur d&#8217;Arr\u00eat d&#8217;Urgence &#8211; 7915491610, 7915491622"},"content":{"rendered":"<p>Albright Linde Contacteur d&#8217;Arr\u00eat d&#8217;Urgence &#8211; 7915491610, 7915491622<\/p>\n<table border=\"0\" width=\"339\" cellspacing=\"0\" cellpadding=\"0\">\n<colgroup>\n<col width=\"84\" \/>\n<col width=\"255\" \/><\/colgroup>\n<tbody>\n<tr>\n<td class=\"xl65\" width=\"84\" height=\"20\"><span style=\"font-family: Calibri;\">1158<\/span><\/td>\n<td class=\"xl65\" width=\"255\"><span style=\"font-family: Calibri;\">T30\/T30AP<\/span><\/td>\n<\/tr>\n<tr>\n<td class=\"xl65\" height=\"20\"><span style=\"font-family: Calibri;\">1158<\/span><\/td>\n<td class=\"xl65\"><span style=\"font-family: Calibri;\">T20AP-04\/T20SP<\/span><\/td>\n<\/tr>\n<tr>\n<td class=\"xl65\" height=\"20\"><span style=\"font-family: Calibri;\">1170<\/span><\/td>\n<td class=\"xl65\"><span style=\"font-family: Calibri;\">L06\/10\/12\/16AC<\/span><\/td>\n<\/tr>\n<tr>\n<td class=\"xl65\" height=\"20\"><span style=\"font-family: Calibri;\">131<\/span><\/td>\n<td class=\"xl65\"><span style=\"font-family: Calibri;\">T20AP\/T20SP<\/span><\/td>\n<\/tr>\n<tr>\n<td class=\"xl65\" height=\"20\"><span style=\"font-family: Calibri;\">131<\/span><\/td>\n<td class=\"xl65\"><span style=\"font-family: Calibri;\">T30<\/span><\/td>\n<\/tr>\n<tr>\n<td class=\"xl65\" height=\"20\"><span style=\"font-family: Calibri;\">131<\/span><\/td>\n<td class=\"xl65\"><span style=\"font-family: Calibri;\">L14\/16AS<\/span><\/td>\n<\/tr>\n<tr>\n<td class=\"xl65\" height=\"20\"><span style=\"font-family: Calibri;\">131<\/span><\/td>\n<td class=\"xl65\"><span style=\"font-family: Calibri;\">P50<\/span><\/td>\n<\/tr>\n<tr>\n<td class=\"xl65\" height=\"20\"><span style=\"font-family: Calibri;\">133<\/span><\/td>\n<td class=\"xl65\"><span style=\"font-family: Calibri;\">L12\/L14-L12L\/L14L-L12LHP<\/span><\/td>\n<\/tr>\n<tr>\n<td class=\"xl65\" height=\"20\"><span style=\"font-family: Calibri;\">372<\/span><\/td>\n<td class=\"xl65\"><span style=\"font-family: Calibri;\">L14\/16\/L14AP\/16AP<\/span><\/td>\n<\/tr>\n<\/tbody>\n<\/table>","protected":false},"excerpt":{"rendered":"<p data-start=\"2382\" data-end=\"2708\">Le <strong data-start=\"2385\" data-end=\"2458\">Contacteur d\u2019arr\u00eat d\u2019urgence Albright Linde \u2013 7915491610 , 7915491622<\/strong> est un composant de s\u00e9curit\u00e9 essentiel qui coupe instantan\u00e9ment le circuit \u00e9lectrique en cas d\u2019urgence, garantissant ainsi la s\u00e9curit\u00e9 de l\u2019op\u00e9rateur et de l\u2019\u00e9quipement. Parfaitement compatible avec les chariots \u00e9l\u00e9vateurs Linde. Robuste et r\u00e9actif.<\/p>\n<p data-start=\"2710\" data-end=\"2734\"><strong data-start=\"2710\" data-end=\"2732\">Caract\u00e9ristiques :<\/strong><\/p>\n<ul data-start=\"2735\" data-end=\"2882\">\n<li data-start=\"2735\" data-end=\"2773\">\n<p data-start=\"2737\" data-end=\"2773\">Compatible avec les chariots Linde<\/p>\n<\/li>\n<li data-start=\"2774\" data-end=\"2812\">\n<p data-start=\"2776\" data-end=\"2812\">Coupure de circuit ultra-s\u00e9curis\u00e9e<\/p>\n<\/li>\n<li data-start=\"2813\" data-end=\"2844\">\n<p data-start=\"2815\" data-end=\"2844\">Structure durable et fiable<\/p>\n<\/li>\n<li data-start=\"2845\" data-end=\"2882\">\n<p data-start=\"2847\" data-end=\"2882\">Installation et connexion faciles<\/p>\n<\/li>\n<\/ul>\n","protected":false},"featured_media":16262,"template":"","meta":[],"product_brand":[],"product_cat":[246,462,523],"product_tag":[],"class_list":{"0":"post-16261","1":"product","2":"type-product","3":"status-publish","4":"has-post-thumbnail","6":"product_cat-linde","7":"product_cat-kontaktorler","8":"product_cat-yedek-parca-linde","10":"first","11":"instock","12":"taxable","13":"shipping-taxable","14":"purchasable","15":"product-type-simple"},"_links":{"self":[{"href":"https:\/\/ceoparts.com\/fr\/wp-json\/wp\/v2\/product\/16261","targetHints":{"allow":["GET"]}}],"collection":[{"href":"https:\/\/ceoparts.com\/fr\/wp-json\/wp\/v2\/product"}],"about":[{"href":"https:\/\/ceoparts.com\/fr\/wp-json\/wp\/v2\/types\/product"}],"wp:featuredmedia":[{"embeddable":true,"href":"https:\/\/ceoparts.com\/fr\/wp-json\/wp\/v2\/media\/16262"}],"wp:attachment":[{"href":"https:\/\/ceoparts.com\/fr\/wp-json\/wp\/v2\/media?parent=16261"}],"wp:term":[{"taxonomy":"product_brand","embeddable":true,"href":"https:\/\/ceoparts.com\/fr\/wp-json\/wp\/v2\/product_brand?post=16261"},{"taxonomy":"product_cat","embeddable":true,"href":"https:\/\/ceoparts.com\/fr\/wp-json\/wp\/v2\/product_cat?post=16261"},{"taxonomy":"product_tag","embeddable":true,"href":"https:\/\/ceoparts.com\/fr\/wp-json\/wp\/v2\/product_tag?post=16261"}],"curies":[{"name":"wp","href":"https:\/\/api.w.org\/{rel}","templated":true}]}}