{"id":16272,"date":"2025-03-24T11:52:02","date_gmt":"2025-03-24T08:52:02","guid":{"rendered":"https:\/\/ceoparts.com\/?post_type=product&#038;p=16272"},"modified":"2026-05-16T19:52:27","modified_gmt":"2026-05-16T16:52:27","slug":"jungheinrich-tutamak-51192969","status":"publish","type":"product","link":"https:\/\/ceoparts.com\/fr\/urun\/jungheinrich-tutamak-51192969\/","title":{"rendered":"Jungheinrich Poign\u00e9e &#8211; 51192969"},"content":{"rendered":"<p>Jungheinrich Poign\u00e9e &#8211; 51192969<\/p>","protected":false},"excerpt":{"rendered":"<p data-start=\"2375\" data-end=\"2759\">La <strong data-start=\"2378\" data-end=\"2413\">Poign\u00e9e Jungheinrich \u2013 51192969<\/strong> est une pi\u00e8ce d\u00e9tach\u00e9e de haute qualit\u00e9 con\u00e7ue pour am\u00e9liorer la s\u00e9curit\u00e9 et le confort de l\u2019op\u00e9rateur sur les chariots \u00e9l\u00e9vateurs et \u00e9quipements de magasinage. Sa structure r\u00e9sistante garantit une utilisation durable et son design ergonomique offre une prise en main confortable. Compatible avec les chariots Jungheinrich et facile \u00e0 installer.<\/p>\n<p data-start=\"2761\" data-end=\"2785\"><strong data-start=\"2761\" data-end=\"2783\">Caract\u00e9ristiques :<\/strong><\/p>\n<ul data-start=\"2786\" data-end=\"2943\">\n<li data-start=\"2786\" data-end=\"2831\">\n<p data-start=\"2788\" data-end=\"2831\">Compatible avec les chariots Jungheinrich<\/p>\n<\/li>\n<li data-start=\"2832\" data-end=\"2865\">\n<p data-start=\"2834\" data-end=\"2865\">Design robuste et ergonomique<\/p>\n<\/li>\n<li data-start=\"2866\" data-end=\"2889\">\n<p data-start=\"2868\" data-end=\"2889\">Installation facile<\/p>\n<\/li>\n<li data-start=\"2890\" data-end=\"2943\">\n<p data-start=\"2892\" data-end=\"2943\">Am\u00e9liore le confort et la s\u00e9curit\u00e9 de l\u2019op\u00e9rateur<\/p>\n<\/li>\n<\/ul>\n","protected":false},"featured_media":16273,"template":"","meta":[],"product_brand":[],"product_cat":[236,470,522],"product_tag":[],"class_list":{"0":"post-16272","1":"product","2":"type-product","3":"status-publish","4":"has-post-thumbnail","6":"product_cat-jungheinrich","7":"product_cat-diger-yedek-parcalar","8":"product_cat-yedek-parca-jungheinrich","10":"first","11":"instock","12":"taxable","13":"shipping-taxable","14":"purchasable","15":"product-type-simple"},"_links":{"self":[{"href":"https:\/\/ceoparts.com\/fr\/wp-json\/wp\/v2\/product\/16272","targetHints":{"allow":["GET"]}}],"collection":[{"href":"https:\/\/ceoparts.com\/fr\/wp-json\/wp\/v2\/product"}],"about":[{"href":"https:\/\/ceoparts.com\/fr\/wp-json\/wp\/v2\/types\/product"}],"wp:featuredmedia":[{"embeddable":true,"href":"https:\/\/ceoparts.com\/fr\/wp-json\/wp\/v2\/media\/16273"}],"wp:attachment":[{"href":"https:\/\/ceoparts.com\/fr\/wp-json\/wp\/v2\/media?parent=16272"}],"wp:term":[{"taxonomy":"product_brand","embeddable":true,"href":"https:\/\/ceoparts.com\/fr\/wp-json\/wp\/v2\/product_brand?post=16272"},{"taxonomy":"product_cat","embeddable":true,"href":"https:\/\/ceoparts.com\/fr\/wp-json\/wp\/v2\/product_cat?post=16272"},{"taxonomy":"product_tag","embeddable":true,"href":"https:\/\/ceoparts.com\/fr\/wp-json\/wp\/v2\/product_tag?post=16272"}],"curies":[{"name":"wp","href":"https:\/\/api.w.org\/{rel}","templated":true}]}}