{"id":16278,"date":"2025-03-24T11:58:26","date_gmt":"2025-03-24T08:58:26","guid":{"rendered":"https:\/\/ceoparts.com\/?post_type=product&#038;p=16278"},"modified":"2026-05-16T15:28:32","modified_gmt":"2026-05-16T12:28:32","slug":"jungheinrich-efg-430k-devir-sensoru-51267083","status":"publish","type":"product","link":"https:\/\/ceoparts.com\/fr\/urun\/jungheinrich-efg-430k-devir-sensoru-51267083\/","title":{"rendered":"Jungheinrich EFG 430K Capteur de R\u00e9volution &#8211; 51267083"},"content":{"rendered":"<p>Jungheinrich EFG 430K Capteur de R\u00e9volution &#8211; 51267083<\/p>","protected":false},"excerpt":{"rendered":"<p data-start=\"2780\" data-end=\"3194\">Le <strong data-start=\"2783\" data-end=\"2838\">Capteur de Vitesse Jungheinrich EFG 430K \u2013 51267083<\/strong> mesure avec pr\u00e9cision la vitesse du moteur des chariots \u00e9l\u00e9vateurs \u00e9lectriques et transmet l\u2019information au syst\u00e8me de contr\u00f4le. Parfaitement compatible avec les mod\u00e8les EFG 430K, ce capteur garantit un contr\u00f4le fiable de la vitesse et des performances. Sa conception robuste et durable r\u00e9duit le risque de panne et assure la continuit\u00e9 de vos op\u00e9rations.<\/p>\n<p data-start=\"3196\" data-end=\"3220\"><strong data-start=\"3196\" data-end=\"3218\">Caract\u00e9ristiques :<\/strong><\/p>\n<ul data-start=\"3221\" data-end=\"3441\">\n<li data-start=\"3221\" data-end=\"3275\">\n<p data-start=\"3223\" data-end=\"3275\">Compatible avec les chariots Jungheinrich EFG 430K<\/p>\n<\/li>\n<li data-start=\"3276\" data-end=\"3333\">\n<p data-start=\"3278\" data-end=\"3333\">Mesure de la vitesse moteur et transmission du signal<\/p>\n<\/li>\n<li data-start=\"3334\" data-end=\"3376\">\n<p data-start=\"3336\" data-end=\"3376\">Mat\u00e9riaux robustes et de haute qualit\u00e9<\/p>\n<\/li>\n<li data-start=\"3377\" data-end=\"3417\">\n<p data-start=\"3379\" data-end=\"3417\">Installation et remplacement faciles<\/p>\n<\/li>\n<li data-start=\"3418\" data-end=\"3441\">\n<p data-start=\"3420\" data-end=\"3441\">Longue dur\u00e9e de vie<\/p>\n<\/li>\n<\/ul>\n","protected":false},"featured_media":16282,"template":"","meta":[],"product_brand":[],"product_cat":[522,236,251,469,518],"product_tag":[],"class_list":{"0":"post-16278","1":"product","2":"type-product","3":"status-publish","4":"has-post-thumbnail","6":"product_cat-yedek-parca-jungheinrich","7":"product_cat-jungheinrich","8":"product_cat-bt","9":"product_cat-elektrik-ve-sistem-parcalari","10":"product_cat-yedek-parca-bt","12":"first","13":"instock","14":"taxable","15":"shipping-taxable","16":"purchasable","17":"product-type-simple"},"_links":{"self":[{"href":"https:\/\/ceoparts.com\/fr\/wp-json\/wp\/v2\/product\/16278","targetHints":{"allow":["GET"]}}],"collection":[{"href":"https:\/\/ceoparts.com\/fr\/wp-json\/wp\/v2\/product"}],"about":[{"href":"https:\/\/ceoparts.com\/fr\/wp-json\/wp\/v2\/types\/product"}],"wp:featuredmedia":[{"embeddable":true,"href":"https:\/\/ceoparts.com\/fr\/wp-json\/wp\/v2\/media\/16282"}],"wp:attachment":[{"href":"https:\/\/ceoparts.com\/fr\/wp-json\/wp\/v2\/media?parent=16278"}],"wp:term":[{"taxonomy":"product_brand","embeddable":true,"href":"https:\/\/ceoparts.com\/fr\/wp-json\/wp\/v2\/product_brand?post=16278"},{"taxonomy":"product_cat","embeddable":true,"href":"https:\/\/ceoparts.com\/fr\/wp-json\/wp\/v2\/product_cat?post=16278"},{"taxonomy":"product_tag","embeddable":true,"href":"https:\/\/ceoparts.com\/fr\/wp-json\/wp\/v2\/product_tag?post=16278"}],"curies":[{"name":"wp","href":"https:\/\/api.w.org\/{rel}","templated":true}]}}