{"id":16284,"date":"2025-03-24T13:40:55","date_gmt":"2025-03-24T10:40:55","guid":{"rendered":"https:\/\/ceoparts.com\/?post_type=product&#038;p=16284"},"modified":"2026-05-16T17:34:11","modified_gmt":"2026-05-16T14:34:11","slug":"bt-lpe-spe-basinc-sensoru-224980","status":"publish","type":"product","link":"https:\/\/ceoparts.com\/fr\/urun\/bt-lpe-spe-basinc-sensoru-224980\/","title":{"rendered":"BT LPE\/SPE Capteur de Pression &#8211; 224980"},"content":{"rendered":"<p>BT LPE\/SPE Capteur de Pression &#8211; 224980<\/p>","protected":false},"excerpt":{"rendered":"<p data-start=\"2113\" data-end=\"2432\">Le <strong data-start=\"2116\" data-end=\"2159\">capteur de pression BT LPE\/SPE \u2013 224980<\/strong> est con\u00e7u pour mesurer et contr\u00f4ler avec pr\u00e9cision la pression du syst\u00e8me hydraulique sur les chariots \u00e9l\u00e9vateurs et gerbeurs. Sa grande robustesse et fiabilit\u00e9 assurent un fonctionnement durable. Un composant id\u00e9al pour un fonctionnement s\u00fbr et efficace de votre machine.<\/p>\n<p data-start=\"2434\" data-end=\"2458\"><strong data-start=\"2434\" data-end=\"2456\">Caract\u00e9ristiques :<\/strong><\/p>\n<ul data-start=\"2459\" data-end=\"2594\">\n<li data-start=\"2459\" data-end=\"2497\">\n<p data-start=\"2461\" data-end=\"2497\">Mesure de pression haute pr\u00e9cision<\/p>\n<\/li>\n<li data-start=\"2498\" data-end=\"2525\">\n<p data-start=\"2500\" data-end=\"2525\">Corps solide et durable<\/p>\n<\/li>\n<li data-start=\"2526\" data-end=\"2570\">\n<p data-start=\"2528\" data-end=\"2570\">Compatible avec les s\u00e9ries BT LPE et SPE<\/p>\n<\/li>\n<li data-start=\"2571\" data-end=\"2594\">\n<p data-start=\"2573\" data-end=\"2594\">Installation facile<\/p>\n<\/li>\n<\/ul>\n","protected":false},"featured_media":16289,"template":"","meta":[],"product_brand":[],"product_cat":[251,461,518],"product_tag":[],"class_list":{"0":"post-16284","1":"product","2":"type-product","3":"status-publish","4":"has-post-thumbnail","6":"product_cat-bt","7":"product_cat-hidrolik-sistemi","8":"product_cat-yedek-parca-bt","10":"first","11":"instock","12":"taxable","13":"shipping-taxable","14":"purchasable","15":"product-type-simple"},"_links":{"self":[{"href":"https:\/\/ceoparts.com\/fr\/wp-json\/wp\/v2\/product\/16284","targetHints":{"allow":["GET"]}}],"collection":[{"href":"https:\/\/ceoparts.com\/fr\/wp-json\/wp\/v2\/product"}],"about":[{"href":"https:\/\/ceoparts.com\/fr\/wp-json\/wp\/v2\/types\/product"}],"wp:featuredmedia":[{"embeddable":true,"href":"https:\/\/ceoparts.com\/fr\/wp-json\/wp\/v2\/media\/16289"}],"wp:attachment":[{"href":"https:\/\/ceoparts.com\/fr\/wp-json\/wp\/v2\/media?parent=16284"}],"wp:term":[{"taxonomy":"product_brand","embeddable":true,"href":"https:\/\/ceoparts.com\/fr\/wp-json\/wp\/v2\/product_brand?post=16284"},{"taxonomy":"product_cat","embeddable":true,"href":"https:\/\/ceoparts.com\/fr\/wp-json\/wp\/v2\/product_cat?post=16284"},{"taxonomy":"product_tag","embeddable":true,"href":"https:\/\/ceoparts.com\/fr\/wp-json\/wp\/v2\/product_tag?post=16284"}],"curies":[{"name":"wp","href":"https:\/\/api.w.org\/{rel}","templated":true}]}}