{"id":16290,"date":"2025-03-24T14:09:23","date_gmt":"2025-03-24T11:09:23","guid":{"rendered":"https:\/\/ceoparts.com\/?post_type=product&#038;p=16290"},"modified":"2026-05-16T17:12:45","modified_gmt":"2026-05-16T14:12:45","slug":"linde-kontaktor-0009763594","status":"publish","type":"product","link":"https:\/\/ceoparts.com\/fr\/urun\/linde-kontaktor-0009763594\/","title":{"rendered":"Linde Contacteur &#8211; 0009763594"},"content":{"rendered":"<p>Linde Contacteur &#8211; 0009763594<\/p>","protected":false},"excerpt":{"rendered":"<p data-start=\"2282\" data-end=\"2616\">Le <strong data-start=\"2285\" data-end=\"2318\">contacteur Linde \u2013 0009763594<\/strong> assure un contr\u00f4le s\u00fbr et efficace des circuits \u00e9lectriques dans les chariots \u00e9l\u00e9vateurs et v\u00e9hicules industriels. Fabriqu\u00e9 selon des normes de haute qualit\u00e9, il est durable et adapt\u00e9 aux conditions de travail exigeantes. Un composant id\u00e9al pour une performance fiable de vos syst\u00e8mes \u00e9lectriques.<\/p>\n<p data-start=\"2618\" data-end=\"2642\"><strong data-start=\"2618\" data-end=\"2640\">Caract\u00e9ristiques :<\/strong><\/p>\n<ul data-start=\"2643\" data-end=\"2836\">\n<li data-start=\"2643\" data-end=\"2665\">\n<p data-start=\"2645\" data-end=\"2665\">Durable et robuste<\/p>\n<\/li>\n<li data-start=\"2666\" data-end=\"2732\">\n<p data-start=\"2668\" data-end=\"2732\">Convient aux applications industrielles et chariots \u00e9l\u00e9vateurs<\/p>\n<\/li>\n<li data-start=\"2733\" data-end=\"2796\">\n<p data-start=\"2735\" data-end=\"2796\">Haute performance dans le contr\u00f4le des circuits \u00e9lectriques<\/p>\n<\/li>\n<li data-start=\"2797\" data-end=\"2836\">\n<p data-start=\"2799\" data-end=\"2836\">Mat\u00e9riaux et fabrication de qualit\u00e9<\/p>\n<\/li>\n<\/ul>\n","protected":false},"featured_media":16295,"template":"","meta":[],"product_brand":[],"product_cat":[246,462,523],"product_tag":[],"class_list":{"0":"post-16290","1":"product","2":"type-product","3":"status-publish","4":"has-post-thumbnail","6":"product_cat-linde","7":"product_cat-kontaktorler","8":"product_cat-yedek-parca-linde","10":"first","11":"instock","12":"taxable","13":"shipping-taxable","14":"purchasable","15":"product-type-simple"},"_links":{"self":[{"href":"https:\/\/ceoparts.com\/fr\/wp-json\/wp\/v2\/product\/16290","targetHints":{"allow":["GET"]}}],"collection":[{"href":"https:\/\/ceoparts.com\/fr\/wp-json\/wp\/v2\/product"}],"about":[{"href":"https:\/\/ceoparts.com\/fr\/wp-json\/wp\/v2\/types\/product"}],"wp:featuredmedia":[{"embeddable":true,"href":"https:\/\/ceoparts.com\/fr\/wp-json\/wp\/v2\/media\/16295"}],"wp:attachment":[{"href":"https:\/\/ceoparts.com\/fr\/wp-json\/wp\/v2\/media?parent=16290"}],"wp:term":[{"taxonomy":"product_brand","embeddable":true,"href":"https:\/\/ceoparts.com\/fr\/wp-json\/wp\/v2\/product_brand?post=16290"},{"taxonomy":"product_cat","embeddable":true,"href":"https:\/\/ceoparts.com\/fr\/wp-json\/wp\/v2\/product_cat?post=16290"},{"taxonomy":"product_tag","embeddable":true,"href":"https:\/\/ceoparts.com\/fr\/wp-json\/wp\/v2\/product_tag?post=16290"}],"curies":[{"name":"wp","href":"https:\/\/api.w.org\/{rel}","templated":true}]}}