{"id":16296,"date":"2025-03-24T14:36:30","date_gmt":"2025-03-24T11:36:30","guid":{"rendered":"https:\/\/ceoparts.com\/?post_type=product&#038;p=16296"},"modified":"2026-05-16T16:07:18","modified_gmt":"2026-05-16T13:07:18","slug":"albright-kontaktor-sw200-80v","status":"publish","type":"product","link":"https:\/\/ceoparts.com\/fr\/urun\/albright-kontaktor-sw200-80v\/","title":{"rendered":"Albright Contacteur SW200 80V"},"content":{"rendered":"<p>Albright Contacteur SW200 80V<\/p>","protected":false},"excerpt":{"rendered":"<p data-start=\"1964\" data-end=\"2279\">Le <strong data-start=\"1967\" data-end=\"2000\">contacteur Albright SW200 80V<\/strong> offre un contr\u00f4le fiable et performant du courant \u00e9lectrique pour chariots \u00e9l\u00e9vateurs et v\u00e9hicules industriels. Construit pour durer, il supporte une tension de fonctionnement de 80V et assure une longue dur\u00e9e de vie. Id\u00e9al pour g\u00e9rer vos circuits \u00e9lectriques en toute s\u00e9curit\u00e9.<\/p>\n<p data-start=\"2281\" data-end=\"2305\"><strong data-start=\"2281\" data-end=\"2303\">Caract\u00e9ristiques :<\/strong><\/p>\n<ul data-start=\"2306\" data-end=\"2467\">\n<li data-start=\"2306\" data-end=\"2335\">\n<p data-start=\"2308\" data-end=\"2335\">Haute capacit\u00e9 de courant<\/p>\n<\/li>\n<li data-start=\"2336\" data-end=\"2369\">\n<p data-start=\"2338\" data-end=\"2369\">Tension de fonctionnement 80V<\/p>\n<\/li>\n<li data-start=\"2370\" data-end=\"2404\">\n<p data-start=\"2372\" data-end=\"2404\">Durable et longue dur\u00e9e de vie<\/p>\n<\/li>\n<li data-start=\"2405\" data-end=\"2467\">\n<p data-start=\"2407\" data-end=\"2467\">Convient pour chariots \u00e9l\u00e9vateurs et v\u00e9hicules industriels<\/p>\n<\/li>\n<\/ul>\n","protected":false},"featured_media":16297,"template":"","meta":[],"product_brand":[],"product_cat":[462],"product_tag":[],"class_list":{"0":"post-16296","1":"product","2":"type-product","3":"status-publish","4":"has-post-thumbnail","6":"product_cat-kontaktorler","8":"first","9":"instock","10":"taxable","11":"shipping-taxable","12":"purchasable","13":"product-type-simple"},"_links":{"self":[{"href":"https:\/\/ceoparts.com\/fr\/wp-json\/wp\/v2\/product\/16296","targetHints":{"allow":["GET"]}}],"collection":[{"href":"https:\/\/ceoparts.com\/fr\/wp-json\/wp\/v2\/product"}],"about":[{"href":"https:\/\/ceoparts.com\/fr\/wp-json\/wp\/v2\/types\/product"}],"wp:featuredmedia":[{"embeddable":true,"href":"https:\/\/ceoparts.com\/fr\/wp-json\/wp\/v2\/media\/16297"}],"wp:attachment":[{"href":"https:\/\/ceoparts.com\/fr\/wp-json\/wp\/v2\/media?parent=16296"}],"wp:term":[{"taxonomy":"product_brand","embeddable":true,"href":"https:\/\/ceoparts.com\/fr\/wp-json\/wp\/v2\/product_brand?post=16296"},{"taxonomy":"product_cat","embeddable":true,"href":"https:\/\/ceoparts.com\/fr\/wp-json\/wp\/v2\/product_cat?post=16296"},{"taxonomy":"product_tag","embeddable":true,"href":"https:\/\/ceoparts.com\/fr\/wp-json\/wp\/v2\/product_tag?post=16296"}],"curies":[{"name":"wp","href":"https:\/\/api.w.org\/{rel}","templated":true}]}}