{"id":16302,"date":"2025-03-24T15:35:45","date_gmt":"2025-03-24T12:35:45","guid":{"rendered":"https:\/\/ceoparts.com\/?post_type=product&#038;p=16302"},"modified":"2026-05-16T15:04:12","modified_gmt":"2026-05-16T12:04:12","slug":"albright-kontaktor-sw201-80v","status":"publish","type":"product","link":"https:\/\/ceoparts.com\/fr\/urun\/albright-kontaktor-sw201-80v\/","title":{"rendered":"Albright Contacteur SW201 80V"},"content":{"rendered":"<p>Albright Contacteur SW201 80V<\/p>","protected":false},"excerpt":{"rendered":"<p data-start=\"1944\" data-end=\"2265\">Le <strong data-start=\"1947\" data-end=\"1980\">contacteur Albright SW201 80V<\/strong> assure un contr\u00f4le performant du courant \u00e9lectrique dans les chariots \u00e9l\u00e9vateurs et v\u00e9hicules industriels. Sa construction durable et son fonctionnement fiable g\u00e8rent efficacement vos circuits \u00e9lectriques. Adapt\u00e9 pour une tension de fonctionnement de 80V avec une longue dur\u00e9e de vie.<\/p>\n<p data-start=\"2267\" data-end=\"2291\"><strong data-start=\"2267\" data-end=\"2289\">Caract\u00e9ristiques :<\/strong><\/p>\n<ul data-start=\"2292\" data-end=\"2437\">\n<li data-start=\"2292\" data-end=\"2321\">\n<p data-start=\"2294\" data-end=\"2321\">Haute capacit\u00e9 de courant<\/p>\n<\/li>\n<li data-start=\"2322\" data-end=\"2355\">\n<p data-start=\"2324\" data-end=\"2355\">Tension de fonctionnement 80V<\/p>\n<\/li>\n<li data-start=\"2356\" data-end=\"2377\">\n<p data-start=\"2358\" data-end=\"2377\">Durable et fiable<\/p>\n<\/li>\n<li data-start=\"2378\" data-end=\"2437\">\n<p data-start=\"2380\" data-end=\"2437\">Id\u00e9al pour chariots \u00e9l\u00e9vateurs et v\u00e9hicules industrielsv<\/p>\n<\/li>\n<\/ul>\n","protected":false},"featured_media":16306,"template":"","meta":[],"product_brand":[],"product_cat":[462],"product_tag":[],"class_list":{"0":"post-16302","1":"product","2":"type-product","3":"status-publish","4":"has-post-thumbnail","6":"product_cat-kontaktorler","8":"first","9":"instock","10":"taxable","11":"shipping-taxable","12":"purchasable","13":"product-type-simple"},"_links":{"self":[{"href":"https:\/\/ceoparts.com\/fr\/wp-json\/wp\/v2\/product\/16302","targetHints":{"allow":["GET"]}}],"collection":[{"href":"https:\/\/ceoparts.com\/fr\/wp-json\/wp\/v2\/product"}],"about":[{"href":"https:\/\/ceoparts.com\/fr\/wp-json\/wp\/v2\/types\/product"}],"wp:featuredmedia":[{"embeddable":true,"href":"https:\/\/ceoparts.com\/fr\/wp-json\/wp\/v2\/media\/16306"}],"wp:attachment":[{"href":"https:\/\/ceoparts.com\/fr\/wp-json\/wp\/v2\/media?parent=16302"}],"wp:term":[{"taxonomy":"product_brand","embeddable":true,"href":"https:\/\/ceoparts.com\/fr\/wp-json\/wp\/v2\/product_brand?post=16302"},{"taxonomy":"product_cat","embeddable":true,"href":"https:\/\/ceoparts.com\/fr\/wp-json\/wp\/v2\/product_cat?post=16302"},{"taxonomy":"product_tag","embeddable":true,"href":"https:\/\/ceoparts.com\/fr\/wp-json\/wp\/v2\/product_tag?post=16302"}],"curies":[{"name":"wp","href":"https:\/\/api.w.org\/{rel}","templated":true}]}}