{"id":16316,"date":"2025-03-25T09:01:24","date_gmt":"2025-03-25T06:01:24","guid":{"rendered":"https:\/\/ceoparts.com\/?post_type=product&#038;p=16316"},"modified":"2026-05-16T15:01:27","modified_gmt":"2026-05-16T12:01:27","slug":"bt-kablo-baglantisi","status":"publish","type":"product","link":"https:\/\/ceoparts.com\/fr\/urun\/bt-kablo-baglantisi\/","title":{"rendered":"Connexion de c\u00e2ble IT"},"content":{"rendered":"<p>Connexion de c\u00e2ble IT<\/p>","protected":false},"excerpt":{"rendered":"<p data-start=\"1985\" data-end=\"2306\">Le <strong data-start=\"1988\" data-end=\"2014\">Connecteur de c\u00e2ble BT<\/strong> assure des connexions \u00e9lectriques s\u00fbres et fiables dans les chariots \u00e9l\u00e9vateurs et v\u00e9hicules industriels. Fabriqu\u00e9 \u00e0 partir de mat\u00e9riaux de haute qualit\u00e9, il garantit un flux \u00e9lectrique fluide et am\u00e9liore les performances de l&#8217;appareil. Sa construction durable offre une longue dur\u00e9e de vie.<\/p>\n<p data-start=\"2308\" data-end=\"2332\"><strong data-start=\"2308\" data-end=\"2330\">Caract\u00e9ristiques :<\/strong><\/p>\n<ul data-start=\"2333\" data-end=\"2481\">\n<li data-start=\"2333\" data-end=\"2361\">\n<p data-start=\"2335\" data-end=\"2361\">Connexion s\u00fbre et solide<\/p>\n<\/li>\n<li data-start=\"2362\" data-end=\"2384\">\n<p data-start=\"2364\" data-end=\"2384\">Haute conductivit\u00e9<\/p>\n<\/li>\n<li data-start=\"2385\" data-end=\"2419\">\n<p data-start=\"2387\" data-end=\"2419\">Durable et longue dur\u00e9e de vie<\/p>\n<\/li>\n<li data-start=\"2420\" data-end=\"2481\">\n<p data-start=\"2422\" data-end=\"2481\">Convient aux chariots \u00e9l\u00e9vateurs et v\u00e9hicules industriels<\/p>\n<\/li>\n<\/ul>\n","protected":false},"featured_media":16319,"template":"","meta":[],"product_brand":[],"product_cat":[251,469,518],"product_tag":[],"class_list":{"0":"post-16316","1":"product","2":"type-product","3":"status-publish","4":"has-post-thumbnail","6":"product_cat-bt","7":"product_cat-elektrik-ve-sistem-parcalari","8":"product_cat-yedek-parca-bt","10":"first","11":"instock","12":"taxable","13":"shipping-taxable","14":"purchasable","15":"product-type-simple"},"_links":{"self":[{"href":"https:\/\/ceoparts.com\/fr\/wp-json\/wp\/v2\/product\/16316","targetHints":{"allow":["GET"]}}],"collection":[{"href":"https:\/\/ceoparts.com\/fr\/wp-json\/wp\/v2\/product"}],"about":[{"href":"https:\/\/ceoparts.com\/fr\/wp-json\/wp\/v2\/types\/product"}],"wp:featuredmedia":[{"embeddable":true,"href":"https:\/\/ceoparts.com\/fr\/wp-json\/wp\/v2\/media\/16319"}],"wp:attachment":[{"href":"https:\/\/ceoparts.com\/fr\/wp-json\/wp\/v2\/media?parent=16316"}],"wp:term":[{"taxonomy":"product_brand","embeddable":true,"href":"https:\/\/ceoparts.com\/fr\/wp-json\/wp\/v2\/product_brand?post=16316"},{"taxonomy":"product_cat","embeddable":true,"href":"https:\/\/ceoparts.com\/fr\/wp-json\/wp\/v2\/product_cat?post=16316"},{"taxonomy":"product_tag","embeddable":true,"href":"https:\/\/ceoparts.com\/fr\/wp-json\/wp\/v2\/product_tag?post=16316"}],"curies":[{"name":"wp","href":"https:\/\/api.w.org\/{rel}","templated":true}]}}