{"id":16324,"date":"2025-03-25T09:37:04","date_gmt":"2025-03-25T06:37:04","guid":{"rendered":"https:\/\/ceoparts.com\/?post_type=product&#038;p=16324"},"modified":"2026-05-16T10:41:51","modified_gmt":"2026-05-16T07:41:51","slug":"cat-forklift-pad-pedal-9135124800","status":"publish","type":"product","link":"https:\/\/ceoparts.com\/fr\/urun\/cat-forklift-pad-pedal-9135124800\/","title":{"rendered":"P\u00e9dale de tampon pour chariot \u00e9l\u00e9vateur Cat &#8211; 9135124800"},"content":{"rendered":"<p>P\u00e9dale de tampon pour chariot \u00e9l\u00e9vateur Cat &#8211; 9135124800<\/p>\n<table id=\"pf-fitment-compatibility-table\">\n<tbody>\n<tr>\n<td>Forklift<\/td>\n<td>MITSUBISHI<\/td>\n<td>FD30<\/td>\n<td>S4S<\/td>\n<\/tr>\n<tr>\n<td>Forklift<\/td>\n<td>MITSUBISHI<\/td>\n<td>FG30<\/td>\n<td>4G64<\/td>\n<\/tr>\n<tr>\n<td>Forklift<\/td>\n<td>MITSUBISHI<\/td>\n<td>FD35<\/td>\n<td>S6S<\/td>\n<\/tr>\n<tr>\n<td>Forklift<\/td>\n<td>MITSUBISHI<\/td>\n<td>FD35<\/td>\n<td>S6S<\/td>\n<\/tr>\n<tr>\n<td>Forklift<\/td>\n<td>MITSUBISHI<\/td>\n<td>FD40<\/td>\n<td>S6S<\/td>\n<\/tr>\n<tr>\n<td>Forklift<\/td>\n<td>MITSUBISHI<\/td>\n<td>FD40<\/td>\n<td>S6S<\/td>\n<\/tr>\n<tr>\n<td>Forklift<\/td>\n<td>MITSUBISHI<\/td>\n<td>FD45<\/td>\n<td>S6S<\/td>\n<\/tr>\n<tr>\n<td>Forklift<\/td>\n<td>MITSUBISHI<\/td>\n<td>FD45<\/td>\n<td>S6S<\/td>\n<\/tr>\n<tr>\n<td>Forklift<\/td>\n<td>MITSUBISHI<\/td>\n<td>FD45<\/td>\n<td>S6S<\/td>\n<\/tr>\n<tr>\n<td>Forklift<\/td>\n<td>MITSUBISHI<\/td>\n<td>FD50<\/td>\n<td>S6S<\/td>\n<\/tr>\n<tr>\n<td>Forklift<\/td>\n<td>MITSUBISHI<\/td>\n<td>FD50C<\/td>\n<td>S6S<\/td>\n<\/tr>\n<tr>\n<td>Forklift<\/td>\n<td>MITSUBISHI<\/td>\n<td>FD50C<\/td>\n<td>S6S<\/td>\n<\/tr>\n<\/tbody>\n<\/table>","protected":false},"excerpt":{"rendered":"<p data-start=\"1951\" data-end=\"2266\">La <strong data-start=\"1954\" data-end=\"1994\">P\u00e9dale Cat Forklift Pad \u2013 9135124800<\/strong> est une p\u00e9dale durable con\u00e7ue pour am\u00e9liorer la s\u00e9curit\u00e9 et le contr\u00f4le lors de l\u2019utilisation du chariot \u00e9l\u00e9vateur. Fabriqu\u00e9e avec des mat\u00e9riaux de haute qualit\u00e9, elle offre une longue dur\u00e9e de vie. Compatible avec les mod\u00e8les de chariots \u00e9l\u00e9vateurs Cat, pi\u00e8ce d\u2019origine.<\/p>\n<p data-start=\"2268\" data-end=\"2292\"><strong data-start=\"2268\" data-end=\"2290\">Caract\u00e9ristiques :<\/strong><\/p>\n<ul data-start=\"2293\" data-end=\"2408\">\n<li data-start=\"2293\" data-end=\"2322\">\n<p data-start=\"2295\" data-end=\"2322\">Design durable et robuste<\/p>\n<\/li>\n<li data-start=\"2323\" data-end=\"2346\">\n<p data-start=\"2325\" data-end=\"2346\">Pi\u00e8ce d\u2019origine Cat<\/p>\n<\/li>\n<li data-start=\"2347\" data-end=\"2385\">\n<p data-start=\"2349\" data-end=\"2385\">Am\u00e9liore la s\u00e9curit\u00e9 d\u2019utilisation<\/p>\n<\/li>\n<li data-start=\"2386\" data-end=\"2408\">\n<p data-start=\"2388\" data-end=\"2408\">Usage longue dur\u00e9e<\/p>\n<\/li>\n<\/ul>\n","protected":false},"featured_media":16329,"template":"","meta":[],"product_brand":[],"product_cat":[471],"product_tag":[],"class_list":{"0":"post-16324","1":"product","2":"type-product","3":"status-publish","4":"has-post-thumbnail","6":"product_cat-joystick-pedal-yedek-parca","8":"first","9":"instock","10":"taxable","11":"shipping-taxable","12":"purchasable","13":"product-type-simple"},"_links":{"self":[{"href":"https:\/\/ceoparts.com\/fr\/wp-json\/wp\/v2\/product\/16324","targetHints":{"allow":["GET"]}}],"collection":[{"href":"https:\/\/ceoparts.com\/fr\/wp-json\/wp\/v2\/product"}],"about":[{"href":"https:\/\/ceoparts.com\/fr\/wp-json\/wp\/v2\/types\/product"}],"wp:featuredmedia":[{"embeddable":true,"href":"https:\/\/ceoparts.com\/fr\/wp-json\/wp\/v2\/media\/16329"}],"wp:attachment":[{"href":"https:\/\/ceoparts.com\/fr\/wp-json\/wp\/v2\/media?parent=16324"}],"wp:term":[{"taxonomy":"product_brand","embeddable":true,"href":"https:\/\/ceoparts.com\/fr\/wp-json\/wp\/v2\/product_brand?post=16324"},{"taxonomy":"product_cat","embeddable":true,"href":"https:\/\/ceoparts.com\/fr\/wp-json\/wp\/v2\/product_cat?post=16324"},{"taxonomy":"product_tag","embeddable":true,"href":"https:\/\/ceoparts.com\/fr\/wp-json\/wp\/v2\/product_tag?post=16324"}],"curies":[{"name":"wp","href":"https:\/\/api.w.org\/{rel}","templated":true}]}}