{"id":16330,"date":"2025-03-25T09:44:51","date_gmt":"2025-03-25T06:44:51","guid":{"rendered":"https:\/\/ceoparts.com\/?post_type=product&#038;p=16330"},"modified":"2026-05-16T15:28:47","modified_gmt":"2026-05-16T12:28:47","slug":"still-selenoid-12193502900","status":"publish","type":"product","link":"https:\/\/ceoparts.com\/fr\/urun\/still-selenoid-12193502900\/","title":{"rendered":"STILL Selenoid &#8211; 12193502900"},"content":{"rendered":"<p>STILL Selenoid &#8211; 12193502900<\/p>\n","protected":false},"excerpt":{"rendered":"<p data-start=\"2166\" data-end=\"2498\">Le <strong data-start=\"2169\" data-end=\"2202\">Sol\u00e9no\u00efde STILL \u2013 12193502900<\/strong> est une vanne \u00e9lectromagn\u00e9tique de haute qualit\u00e9 et durable utilis\u00e9e dans les chariots \u00e9l\u00e9vateurs et v\u00e9hicules industriels. Con\u00e7u pour contr\u00f4ler les syst\u00e8mes hydrauliques, il offre une performance longue dur\u00e9e. Pi\u00e8ce d\u2019origine STILL assurant un fonctionnement fiable sur les mod\u00e8les compatibles.<\/p>\n<p data-start=\"2500\" data-end=\"2524\"><strong data-start=\"2500\" data-end=\"2522\">Caract\u00e9ristiques :<\/strong><\/p>\n<ul data-start=\"2525\" data-end=\"2675\">\n<li data-start=\"2525\" data-end=\"2573\">\n<p data-start=\"2527\" data-end=\"2573\">Sol\u00e9no\u00efde \u00e9lectromagn\u00e9tique de haute qualit\u00e9<\/p>\n<\/li>\n<li data-start=\"2574\" data-end=\"2596\">\n<p data-start=\"2576\" data-end=\"2596\">Durable et robuste<\/p>\n<\/li>\n<li data-start=\"2597\" data-end=\"2622\">\n<p data-start=\"2599\" data-end=\"2622\">Pi\u00e8ce d\u2019origine STILL<\/p>\n<\/li>\n<li data-start=\"2623\" data-end=\"2675\">\n<p data-start=\"2625\" data-end=\"2675\">Id\u00e9al pour le contr\u00f4le des syst\u00e8mes hydrauliques<\/p>\n<\/li>\n<\/ul>\n","protected":false},"featured_media":16331,"template":"","meta":[],"product_brand":[],"product_cat":[241,470,524],"product_tag":[],"class_list":{"0":"post-16330","1":"product","2":"type-product","3":"status-publish","4":"has-post-thumbnail","6":"product_cat-still","7":"product_cat-diger-yedek-parcalar","8":"product_cat-yedek-parca-still","10":"first","11":"instock","12":"taxable","13":"shipping-taxable","14":"purchasable","15":"product-type-simple"},"_links":{"self":[{"href":"https:\/\/ceoparts.com\/fr\/wp-json\/wp\/v2\/product\/16330","targetHints":{"allow":["GET"]}}],"collection":[{"href":"https:\/\/ceoparts.com\/fr\/wp-json\/wp\/v2\/product"}],"about":[{"href":"https:\/\/ceoparts.com\/fr\/wp-json\/wp\/v2\/types\/product"}],"wp:featuredmedia":[{"embeddable":true,"href":"https:\/\/ceoparts.com\/fr\/wp-json\/wp\/v2\/media\/16331"}],"wp:attachment":[{"href":"https:\/\/ceoparts.com\/fr\/wp-json\/wp\/v2\/media?parent=16330"}],"wp:term":[{"taxonomy":"product_brand","embeddable":true,"href":"https:\/\/ceoparts.com\/fr\/wp-json\/wp\/v2\/product_brand?post=16330"},{"taxonomy":"product_cat","embeddable":true,"href":"https:\/\/ceoparts.com\/fr\/wp-json\/wp\/v2\/product_cat?post=16330"},{"taxonomy":"product_tag","embeddable":true,"href":"https:\/\/ceoparts.com\/fr\/wp-json\/wp\/v2\/product_tag?post=16330"}],"curies":[{"name":"wp","href":"https:\/\/api.w.org\/{rel}","templated":true}]}}