{"id":16335,"date":"2025-03-25T10:07:13","date_gmt":"2025-03-25T07:07:13","guid":{"rendered":"https:\/\/ceoparts.com\/?post_type=product&#038;p=16335"},"modified":"2026-05-16T14:28:41","modified_gmt":"2026-05-16T11:28:41","slug":"41-ayna-sideshift-1070-mm-42674042","status":"publish","type":"product","link":"https:\/\/ceoparts.com\/fr\/urun\/41-ayna-sideshift-1070-mm-42674042\/","title":{"rendered":"Miroir 41 Sideshift 1070 mm &#8211; 42674042"},"content":{"rendered":"<p>Miroir 41 Sideshift 1070 mm &#8211; 42674042<\/p>","protected":false},"excerpt":{"rendered":"<p>Le <strong data-start=\"1375\" data-end=\"1406\">Miroir 41 Sideshift 1070 mm<\/strong> est un miroir de haute qualit\u00e9 sp\u00e9cialement con\u00e7u pour le syst\u00e8me de d\u00e9calage lat\u00e9ral des chariots \u00e9l\u00e9vateurs. Il offre un large champ de vision et une construction robuste pour am\u00e9liorer la s\u00e9curit\u00e9 de l\u2019op\u00e9rateur. Performance durable garantie pi\u00e8ce d\u2019origine.<\/p>\n","protected":false},"featured_media":16336,"template":"","meta":[],"product_brand":[],"product_cat":[470],"product_tag":[],"class_list":{"0":"post-16335","1":"product","2":"type-product","3":"status-publish","4":"has-post-thumbnail","6":"product_cat-diger-yedek-parcalar","8":"first","9":"instock","10":"taxable","11":"shipping-taxable","12":"purchasable","13":"product-type-simple"},"_links":{"self":[{"href":"https:\/\/ceoparts.com\/fr\/wp-json\/wp\/v2\/product\/16335","targetHints":{"allow":["GET"]}}],"collection":[{"href":"https:\/\/ceoparts.com\/fr\/wp-json\/wp\/v2\/product"}],"about":[{"href":"https:\/\/ceoparts.com\/fr\/wp-json\/wp\/v2\/types\/product"}],"wp:featuredmedia":[{"embeddable":true,"href":"https:\/\/ceoparts.com\/fr\/wp-json\/wp\/v2\/media\/16336"}],"wp:attachment":[{"href":"https:\/\/ceoparts.com\/fr\/wp-json\/wp\/v2\/media?parent=16335"}],"wp:term":[{"taxonomy":"product_brand","embeddable":true,"href":"https:\/\/ceoparts.com\/fr\/wp-json\/wp\/v2\/product_brand?post=16335"},{"taxonomy":"product_cat","embeddable":true,"href":"https:\/\/ceoparts.com\/fr\/wp-json\/wp\/v2\/product_cat?post=16335"},{"taxonomy":"product_tag","embeddable":true,"href":"https:\/\/ceoparts.com\/fr\/wp-json\/wp\/v2\/product_tag?post=16335"}],"curies":[{"name":"wp","href":"https:\/\/api.w.org\/{rel}","templated":true}]}}