{"id":16352,"date":"2025-03-25T10:55:50","date_gmt":"2025-03-25T07:55:50","guid":{"rendered":"https:\/\/ceoparts.com\/?post_type=product&#038;p=16352"},"modified":"2026-05-16T17:22:30","modified_gmt":"2026-05-16T14:22:30","slug":"cat-forklift-kol-dayama-91a7322020","status":"publish","type":"product","link":"https:\/\/ceoparts.com\/fr\/urun\/cat-forklift-kol-dayama-91a7322020\/","title":{"rendered":"Accoudoir pour chariot \u00e9l\u00e9vateur Cat &#8211; 91A7322020"},"content":{"rendered":"<p>Accoudoir pour chariot \u00e9l\u00e9vateur Cat &#8211; 91A7322020<\/p>","protected":false},"excerpt":{"rendered":"<p data-start=\"1887\" data-end=\"2178\">Le <strong data-start=\"1890\" data-end=\"1945\">Repose-bras pour chariot \u00e9l\u00e9vateur Cat \u2013 91A7322020<\/strong> est un repose-bras durable et ergonomique con\u00e7u pour am\u00e9liorer le confort de l\u2019op\u00e9rateur. Il r\u00e9duit la fatigue lors des longues heures de travail et am\u00e9liore le contr\u00f4le et l\u2019efficacit\u00e9. Pi\u00e8ce d\u2019origine Cat avec installation facile.<\/p>\n<p data-start=\"2180\" data-end=\"2204\"><strong data-start=\"2180\" data-end=\"2202\">Caract\u00e9ristiques :<\/strong><\/p>\n<ul data-start=\"2205\" data-end=\"2325\">\n<li data-start=\"2205\" data-end=\"2228\">\n<p data-start=\"2207\" data-end=\"2228\">Pi\u00e8ce d\u2019origine Cat<\/p>\n<\/li>\n<li data-start=\"2229\" data-end=\"2262\">\n<p data-start=\"2231\" data-end=\"2262\">Design ergonomique et robuste<\/p>\n<\/li>\n<li data-start=\"2263\" data-end=\"2301\">\n<p data-start=\"2265\" data-end=\"2301\">Am\u00e9liore le confort de l\u2019op\u00e9rateur<\/p>\n<\/li>\n<li data-start=\"2302\" data-end=\"2325\">\n<p data-start=\"2304\" data-end=\"2325\">Installation facile<\/p>\n<\/li>\n<\/ul>\n","protected":false},"featured_media":16354,"template":"","meta":[],"product_brand":[],"product_cat":[472],"product_tag":[],"class_list":{"0":"post-16352","1":"product","2":"type-product","3":"status-publish","4":"has-post-thumbnail","6":"product_cat-kaporta-aksami","8":"first","9":"instock","10":"taxable","11":"shipping-taxable","12":"purchasable","13":"product-type-simple"},"_links":{"self":[{"href":"https:\/\/ceoparts.com\/fr\/wp-json\/wp\/v2\/product\/16352","targetHints":{"allow":["GET"]}}],"collection":[{"href":"https:\/\/ceoparts.com\/fr\/wp-json\/wp\/v2\/product"}],"about":[{"href":"https:\/\/ceoparts.com\/fr\/wp-json\/wp\/v2\/types\/product"}],"wp:featuredmedia":[{"embeddable":true,"href":"https:\/\/ceoparts.com\/fr\/wp-json\/wp\/v2\/media\/16354"}],"wp:attachment":[{"href":"https:\/\/ceoparts.com\/fr\/wp-json\/wp\/v2\/media?parent=16352"}],"wp:term":[{"taxonomy":"product_brand","embeddable":true,"href":"https:\/\/ceoparts.com\/fr\/wp-json\/wp\/v2\/product_brand?post=16352"},{"taxonomy":"product_cat","embeddable":true,"href":"https:\/\/ceoparts.com\/fr\/wp-json\/wp\/v2\/product_cat?post=16352"},{"taxonomy":"product_tag","embeddable":true,"href":"https:\/\/ceoparts.com\/fr\/wp-json\/wp\/v2\/product_tag?post=16352"}],"curies":[{"name":"wp","href":"https:\/\/api.w.org\/{rel}","templated":true}]}}