{"id":16357,"date":"2025-03-25T11:07:11","date_gmt":"2025-03-25T08:07:11","guid":{"rendered":"https:\/\/ceoparts.com\/?post_type=product&#038;p=16357"},"modified":"2026-05-16T18:39:40","modified_gmt":"2026-05-16T15:39:40","slug":"cat-forklift-yan-kapak-9701312800","status":"publish","type":"product","link":"https:\/\/ceoparts.com\/fr\/urun\/cat-forklift-yan-kapak-9701312800\/","title":{"rendered":"Panneau lat\u00e9ral pour chariot \u00e9l\u00e9vateur Cat &#8211; 9701312800"},"content":{"rendered":"<p>Panneau lat\u00e9ral pour chariot \u00e9l\u00e9vateur Cat &#8211; 9701312800<\/p>","protected":false},"excerpt":{"rendered":"<p data-start=\"2163\" data-end=\"2492\">Le <strong data-start=\"2166\" data-end=\"2223\">Cache lat\u00e9ral pour chariot \u00e9l\u00e9vateur Cat \u2013 9701312800<\/strong> est une pi\u00e8ce d\u2019origine con\u00e7ue pour les mod\u00e8les de chariots Cat. Il prot\u00e8ge le moteur et les composants internes des agressions ext\u00e9rieures, am\u00e9liore la s\u00e9curit\u00e9 au travail et garantit la long\u00e9vit\u00e9 de l\u2019\u00e9quipement. Fabriqu\u00e9 en mat\u00e9riau r\u00e9sistant et facile \u00e0 installer.<\/p>\n<p data-start=\"2494\" data-end=\"2518\"><strong data-start=\"2494\" data-end=\"2516\">Caract\u00e9ristiques :<\/strong><\/p>\n<ul data-start=\"2519\" data-end=\"2668\">\n<li data-start=\"2519\" data-end=\"2564\">\n<p data-start=\"2521\" data-end=\"2564\">Compatible avec : chariots \u00e9l\u00e9vateurs Cat<\/p>\n<\/li>\n<li data-start=\"2565\" data-end=\"2612\">\n<p data-start=\"2567\" data-end=\"2612\">Protection du moteur et des pi\u00e8ces internes<\/p>\n<\/li>\n<li data-start=\"2613\" data-end=\"2644\">\n<p data-start=\"2615\" data-end=\"2644\">Mat\u00e9riau robuste et durable<\/p>\n<\/li>\n<li data-start=\"2645\" data-end=\"2668\">\n<p data-start=\"2647\" data-end=\"2668\">Installation facile<\/p>\n<\/li>\n<\/ul>\n","protected":false},"featured_media":16358,"template":"","meta":[],"product_brand":[],"product_cat":[472],"product_tag":[],"class_list":{"0":"post-16357","1":"product","2":"type-product","3":"status-publish","4":"has-post-thumbnail","6":"product_cat-kaporta-aksami","8":"first","9":"instock","10":"taxable","11":"shipping-taxable","12":"purchasable","13":"product-type-simple"},"_links":{"self":[{"href":"https:\/\/ceoparts.com\/fr\/wp-json\/wp\/v2\/product\/16357","targetHints":{"allow":["GET"]}}],"collection":[{"href":"https:\/\/ceoparts.com\/fr\/wp-json\/wp\/v2\/product"}],"about":[{"href":"https:\/\/ceoparts.com\/fr\/wp-json\/wp\/v2\/types\/product"}],"wp:featuredmedia":[{"embeddable":true,"href":"https:\/\/ceoparts.com\/fr\/wp-json\/wp\/v2\/media\/16358"}],"wp:attachment":[{"href":"https:\/\/ceoparts.com\/fr\/wp-json\/wp\/v2\/media?parent=16357"}],"wp:term":[{"taxonomy":"product_brand","embeddable":true,"href":"https:\/\/ceoparts.com\/fr\/wp-json\/wp\/v2\/product_brand?post=16357"},{"taxonomy":"product_cat","embeddable":true,"href":"https:\/\/ceoparts.com\/fr\/wp-json\/wp\/v2\/product_cat?post=16357"},{"taxonomy":"product_tag","embeddable":true,"href":"https:\/\/ceoparts.com\/fr\/wp-json\/wp\/v2\/product_tag?post=16357"}],"curies":[{"name":"wp","href":"https:\/\/api.w.org\/{rel}","templated":true}]}}