{"id":16363,"date":"2025-03-25T11:13:54","date_gmt":"2025-03-25T08:13:54","guid":{"rendered":"https:\/\/ceoparts.com\/?post_type=product&#038;p=16363"},"modified":"2026-05-16T17:35:19","modified_gmt":"2026-05-16T14:35:19","slug":"linde-basinc-sensoru-0009445008","status":"publish","type":"product","link":"https:\/\/ceoparts.com\/fr\/urun\/linde-basinc-sensoru-0009445008\/","title":{"rendered":"Capteur de pression Linde &#8211; 0009445008"},"content":{"rendered":"<p>Capteur de pression Linde &#8211; 0009445008<\/p>","protected":false},"excerpt":{"rendered":"<p data-start=\"2344\" data-end=\"2659\">Le <strong data-start=\"2347\" data-end=\"2389\">Capteur de pression Linde \u2013 0009445008<\/strong> est un capteur d\u2019origine utilis\u00e9 pour le contr\u00f4le de la pression hydraulique dans les chariots \u00e9l\u00e9vateurs et \u00e9quipements d\u2019entrep\u00f4t Linde. Il mesure la pression en temps r\u00e9el et transmet les donn\u00e9es \u00e0 l\u2019unit\u00e9 de contr\u00f4le pour garantir un fonctionnement s\u00fbr et efficace.<\/p>\n<p data-start=\"2661\" data-end=\"2685\"><strong data-start=\"2661\" data-end=\"2683\">Caract\u00e9ristiques :<\/strong><\/p>\n<ul data-start=\"2686\" data-end=\"2872\">\n<li data-start=\"2686\" data-end=\"2748\">\n<p data-start=\"2688\" data-end=\"2748\">Compatible avec : chariots \u00e9l\u00e9vateurs et \u00e9quipements Linde<\/p>\n<\/li>\n<li data-start=\"2749\" data-end=\"2783\">\n<p data-start=\"2751\" data-end=\"2783\">Mesure de pression hydraulique<\/p>\n<\/li>\n<li data-start=\"2784\" data-end=\"2838\">\n<p data-start=\"2786\" data-end=\"2838\">Haute pr\u00e9cision et transmission rapide des donn\u00e9es<\/p>\n<\/li>\n<li data-start=\"2839\" data-end=\"2872\">\n<p data-start=\"2841\" data-end=\"2872\">Conception robuste et durable<\/p>\n<\/li>\n<\/ul>\n","protected":false},"featured_media":16365,"template":"","meta":[],"product_brand":[],"product_cat":[246,461,523],"product_tag":[],"class_list":{"0":"post-16363","1":"product","2":"type-product","3":"status-publish","4":"has-post-thumbnail","6":"product_cat-linde","7":"product_cat-hidrolik-sistemi","8":"product_cat-yedek-parca-linde","10":"first","11":"instock","12":"taxable","13":"shipping-taxable","14":"purchasable","15":"product-type-simple"},"_links":{"self":[{"href":"https:\/\/ceoparts.com\/fr\/wp-json\/wp\/v2\/product\/16363","targetHints":{"allow":["GET"]}}],"collection":[{"href":"https:\/\/ceoparts.com\/fr\/wp-json\/wp\/v2\/product"}],"about":[{"href":"https:\/\/ceoparts.com\/fr\/wp-json\/wp\/v2\/types\/product"}],"wp:featuredmedia":[{"embeddable":true,"href":"https:\/\/ceoparts.com\/fr\/wp-json\/wp\/v2\/media\/16365"}],"wp:attachment":[{"href":"https:\/\/ceoparts.com\/fr\/wp-json\/wp\/v2\/media?parent=16363"}],"wp:term":[{"taxonomy":"product_brand","embeddable":true,"href":"https:\/\/ceoparts.com\/fr\/wp-json\/wp\/v2\/product_brand?post=16363"},{"taxonomy":"product_cat","embeddable":true,"href":"https:\/\/ceoparts.com\/fr\/wp-json\/wp\/v2\/product_cat?post=16363"},{"taxonomy":"product_tag","embeddable":true,"href":"https:\/\/ceoparts.com\/fr\/wp-json\/wp\/v2\/product_tag?post=16363"}],"curies":[{"name":"wp","href":"https:\/\/api.w.org\/{rel}","templated":true}]}}