{"id":16368,"date":"2025-03-25T11:24:51","date_gmt":"2025-03-25T08:24:51","guid":{"rendered":"https:\/\/ceoparts.com\/?post_type=product&#038;p=16368"},"modified":"2026-05-16T15:28:48","modified_gmt":"2026-05-16T12:28:48","slug":"jungheinrich-erc-sensorlu-platform-matt-51470524","status":"publish","type":"product","link":"https:\/\/ceoparts.com\/fr\/urun\/jungheinrich-erc-sensorlu-platform-matt-51470524\/","title":{"rendered":"Tapis de plateforme \u00e0 capteur Jungheinrich ERC &#8211; 51470524"},"content":{"rendered":"<p>Tapis de plateforme \u00e0 capteur Jungheinrich ERC &#8211; 51470524<\/p>\n<p>Jungheinrich 51470524 51091814<\/p>\n<table border=\"0\" width=\"353\" cellspacing=\"0\" cellpadding=\"0\">\n<colgroup>\n<col width=\"233\" \/>\n<col width=\"120\" \/><\/colgroup>\n<tbody>\n<tr>\n<td width=\"233\" height=\"21\">ERE 225 KP<\/td>\n<td width=\"120\">7.08 &#8211;<\/td>\n<\/tr>\n<tr>\n<td height=\"21\">ERC 212 \/ 214 \/ 216<\/td>\n<td>4.09 &#8211;<\/td>\n<\/tr>\n<tr>\n<td height=\"21\">ERD 220<\/td>\n<td>6.10 &#8211;<\/td>\n<\/tr>\n<tr>\n<td height=\"21\">ERC 212z \/ 214z \/ 216z<\/td>\n<td>2.11 &#8211;<\/td>\n<\/tr>\n<tr>\n<td height=\"21\">ERV 308<\/td>\n<td>7.13 &#8211;<\/td>\n<\/tr>\n<tr>\n<td height=\"21\">ERC 214 \/ 216 (US)<\/td>\n<td>8.14 &#8211;<\/td>\n<\/tr>\n<tr>\n<td height=\"21\">ERC 220<\/td>\n<td>1.16 &#8211;<\/td>\n<\/tr>\n<\/tbody>\n<\/table>","protected":false},"excerpt":{"rendered":"<p data-start=\"2230\" data-end=\"2504\">Le <strong data-start=\"2233\" data-end=\"2294\">Tapis de plateforme \u00e0 capteur Jungheinrich ERC \u2013 51470524<\/strong> est con\u00e7u pour les mod\u00e8les Jungheinrich ERC et am\u00e9liore la s\u00e9curit\u00e9 et le confort de l\u2019op\u00e9rateur. Son capteur int\u00e9gr\u00e9 active le syst\u00e8me lorsque l\u2019op\u00e9rateur monte dessus, garantissant une utilisation s\u00e9curis\u00e9e.<\/p>\n<p data-start=\"2506\" data-end=\"2530\"><strong data-start=\"2506\" data-end=\"2528\">Caract\u00e9ristiques :<\/strong><\/p>\n<ul data-start=\"2531\" data-end=\"2678\">\n<li data-start=\"2531\" data-end=\"2577\">\n<p data-start=\"2533\" data-end=\"2577\">Compatible avec : mod\u00e8les Jungheinrich ERC<\/p>\n<\/li>\n<li data-start=\"2578\" data-end=\"2614\">\n<p data-start=\"2580\" data-end=\"2614\">Syst\u00e8me de s\u00e9curit\u00e9 avec capteur<\/p>\n<\/li>\n<li data-start=\"2615\" data-end=\"2654\">\n<p data-start=\"2617\" data-end=\"2654\">Surface antid\u00e9rapante et r\u00e9sistante<\/p>\n<\/li>\n<li data-start=\"2655\" data-end=\"2678\">\n<p data-start=\"2657\" data-end=\"2678\">Installation facile<\/p>\n<\/li>\n<\/ul>\n","protected":false},"featured_media":16369,"template":"","meta":[],"product_brand":[],"product_cat":[469,522,236],"product_tag":[],"class_list":{"0":"post-16368","1":"product","2":"type-product","3":"status-publish","4":"has-post-thumbnail","6":"product_cat-elektrik-ve-sistem-parcalari","7":"product_cat-yedek-parca-jungheinrich","8":"product_cat-jungheinrich","10":"first","11":"instock","12":"taxable","13":"shipping-taxable","14":"purchasable","15":"product-type-simple"},"_links":{"self":[{"href":"https:\/\/ceoparts.com\/fr\/wp-json\/wp\/v2\/product\/16368","targetHints":{"allow":["GET"]}}],"collection":[{"href":"https:\/\/ceoparts.com\/fr\/wp-json\/wp\/v2\/product"}],"about":[{"href":"https:\/\/ceoparts.com\/fr\/wp-json\/wp\/v2\/types\/product"}],"wp:featuredmedia":[{"embeddable":true,"href":"https:\/\/ceoparts.com\/fr\/wp-json\/wp\/v2\/media\/16369"}],"wp:attachment":[{"href":"https:\/\/ceoparts.com\/fr\/wp-json\/wp\/v2\/media?parent=16368"}],"wp:term":[{"taxonomy":"product_brand","embeddable":true,"href":"https:\/\/ceoparts.com\/fr\/wp-json\/wp\/v2\/product_brand?post=16368"},{"taxonomy":"product_cat","embeddable":true,"href":"https:\/\/ceoparts.com\/fr\/wp-json\/wp\/v2\/product_cat?post=16368"},{"taxonomy":"product_tag","embeddable":true,"href":"https:\/\/ceoparts.com\/fr\/wp-json\/wp\/v2\/product_tag?post=16368"}],"curies":[{"name":"wp","href":"https:\/\/api.w.org\/{rel}","templated":true}]}}