{"id":16375,"date":"2025-03-25T11:37:24","date_gmt":"2025-03-25T08:37:24","guid":{"rendered":"https:\/\/ceoparts.com\/?post_type=product&#038;p=16375"},"modified":"2026-05-16T14:33:44","modified_gmt":"2026-05-16T11:33:44","slug":"linde-l16-kol-kablosu-3093810427","status":"publish","type":"product","link":"https:\/\/ceoparts.com\/fr\/urun\/linde-l16-kol-kablosu-3093810427\/","title":{"rendered":"C\u00e2ble de bras Linde L16 &#8211; 3093810427"},"content":{"rendered":"<p>C\u00e2ble de bras Linde L16 &#8211; 3093810427<\/p>","protected":false},"excerpt":{"rendered":"<p data-start=\"1790\" data-end=\"2004\">Le <strong data-start=\"1793\" data-end=\"1833\">C\u00e2ble de bras Linde L16 \u2013 3093810427<\/strong> garantit le bon fonctionnement et la s\u00e9curit\u00e9 de l\u2019unit\u00e9 de commande des chariots \u00e9l\u00e9vateurs Linde. Sa structure souple et r\u00e9sistante assure une utilisation longue dur\u00e9e.<\/p>\n<p data-start=\"2006\" data-end=\"2030\"><strong data-start=\"2006\" data-end=\"2028\">Caract\u00e9ristiques :<\/strong><\/p>\n<ul data-start=\"2031\" data-end=\"2168\">\n<li data-start=\"2031\" data-end=\"2070\">\n<p data-start=\"2033\" data-end=\"2070\">Compatible avec : mod\u00e8les Linde L16<\/p>\n<\/li>\n<li data-start=\"2071\" data-end=\"2110\">\n<p data-start=\"2073\" data-end=\"2110\">C\u00e2ble de haute qualit\u00e9 et r\u00e9sistant<\/p>\n<\/li>\n<li data-start=\"2111\" data-end=\"2134\">\n<p data-start=\"2113\" data-end=\"2134\">Installation facile<\/p>\n<\/li>\n<li data-start=\"2135\" data-end=\"2168\">\n<p data-start=\"2137\" data-end=\"2168\">Connexion stable et s\u00e9curis\u00e9e<\/p>\n<\/li>\n<\/ul>\n","protected":false},"featured_media":16376,"template":"","meta":[],"product_brand":[],"product_cat":[246,469,523],"product_tag":[],"class_list":{"0":"post-16375","1":"product","2":"type-product","3":"status-publish","4":"has-post-thumbnail","6":"product_cat-linde","7":"product_cat-elektrik-ve-sistem-parcalari","8":"product_cat-yedek-parca-linde","10":"first","11":"instock","12":"taxable","13":"shipping-taxable","14":"purchasable","15":"product-type-simple"},"_links":{"self":[{"href":"https:\/\/ceoparts.com\/fr\/wp-json\/wp\/v2\/product\/16375","targetHints":{"allow":["GET"]}}],"collection":[{"href":"https:\/\/ceoparts.com\/fr\/wp-json\/wp\/v2\/product"}],"about":[{"href":"https:\/\/ceoparts.com\/fr\/wp-json\/wp\/v2\/types\/product"}],"wp:featuredmedia":[{"embeddable":true,"href":"https:\/\/ceoparts.com\/fr\/wp-json\/wp\/v2\/media\/16376"}],"wp:attachment":[{"href":"https:\/\/ceoparts.com\/fr\/wp-json\/wp\/v2\/media?parent=16375"}],"wp:term":[{"taxonomy":"product_brand","embeddable":true,"href":"https:\/\/ceoparts.com\/fr\/wp-json\/wp\/v2\/product_brand?post=16375"},{"taxonomy":"product_cat","embeddable":true,"href":"https:\/\/ceoparts.com\/fr\/wp-json\/wp\/v2\/product_cat?post=16375"},{"taxonomy":"product_tag","embeddable":true,"href":"https:\/\/ceoparts.com\/fr\/wp-json\/wp\/v2\/product_tag?post=16375"}],"curies":[{"name":"wp","href":"https:\/\/api.w.org\/{rel}","templated":true}]}}