{"id":16389,"date":"2025-03-25T12:53:27","date_gmt":"2025-03-25T09:53:27","guid":{"rendered":"https:\/\/ceoparts.com\/?post_type=product&#038;p=16389"},"modified":"2026-05-16T15:28:44","modified_gmt":"2026-05-16T12:28:44","slug":"cat-forklift-kol-dayama-alt-plastik-91a7302031","status":"publish","type":"product","link":"https:\/\/ceoparts.com\/fr\/urun\/cat-forklift-kol-dayama-alt-plastik-91a7302031\/","title":{"rendered":"Partie inf\u00e9rieure en plastique du repose-bras pour chariot \u00e9l\u00e9vateur Cat &#8211; 91A7302031"},"content":{"rendered":"<p>Partie inf\u00e9rieure en plastique du repose-bras pour chariot \u00e9l\u00e9vateur Cat &#8211; 91A7302031<\/p>","protected":false},"excerpt":{"rendered":"<p data-start=\"1878\" data-end=\"2125\">Le <strong data-start=\"1881\" data-end=\"1958\">Support inf\u00e9rieur en plastique pour accoudoir de chariot Cat \u2013 91A7302031<\/strong> est con\u00e7u pour am\u00e9liorer le confort de l\u2019op\u00e9rateur et maintenir solidement la partie inf\u00e9rieure de l\u2019accoudoir. Il offre une grande r\u00e9sistance aux chocs et \u00e0 l\u2019usure.<\/p>\n<p data-start=\"2127\" data-end=\"2151\"><strong data-start=\"2127\" data-end=\"2149\">Caract\u00e9ristiques :<\/strong><\/p>\n<ul data-start=\"2152\" data-end=\"2285\">\n<li data-start=\"2152\" data-end=\"2197\">\n<p data-start=\"2154\" data-end=\"2197\">Compatible avec : mod\u00e8les de chariots Cat<\/p>\n<\/li>\n<li data-start=\"2198\" data-end=\"2237\">\n<p data-start=\"2200\" data-end=\"2237\">Mat\u00e9riau plastique de haute qualit\u00e9<\/p>\n<\/li>\n<li data-start=\"2238\" data-end=\"2261\">\n<p data-start=\"2240\" data-end=\"2261\">Installation facile<\/p>\n<\/li>\n<li data-start=\"2262\" data-end=\"2285\">\n<p data-start=\"2264\" data-end=\"2285\">Confort et s\u00e9curit\u00e9<\/p>\n<\/li>\n<\/ul>\n","protected":false},"featured_media":16394,"template":"","meta":[],"product_brand":[],"product_cat":[472],"product_tag":[],"class_list":{"0":"post-16389","1":"product","2":"type-product","3":"status-publish","4":"has-post-thumbnail","6":"product_cat-kaporta-aksami","8":"first","9":"instock","10":"taxable","11":"shipping-taxable","12":"purchasable","13":"product-type-simple"},"_links":{"self":[{"href":"https:\/\/ceoparts.com\/fr\/wp-json\/wp\/v2\/product\/16389","targetHints":{"allow":["GET"]}}],"collection":[{"href":"https:\/\/ceoparts.com\/fr\/wp-json\/wp\/v2\/product"}],"about":[{"href":"https:\/\/ceoparts.com\/fr\/wp-json\/wp\/v2\/types\/product"}],"wp:featuredmedia":[{"embeddable":true,"href":"https:\/\/ceoparts.com\/fr\/wp-json\/wp\/v2\/media\/16394"}],"wp:attachment":[{"href":"https:\/\/ceoparts.com\/fr\/wp-json\/wp\/v2\/media?parent=16389"}],"wp:term":[{"taxonomy":"product_brand","embeddable":true,"href":"https:\/\/ceoparts.com\/fr\/wp-json\/wp\/v2\/product_brand?post=16389"},{"taxonomy":"product_cat","embeddable":true,"href":"https:\/\/ceoparts.com\/fr\/wp-json\/wp\/v2\/product_cat?post=16389"},{"taxonomy":"product_tag","embeddable":true,"href":"https:\/\/ceoparts.com\/fr\/wp-json\/wp\/v2\/product_tag?post=16389"}],"curies":[{"name":"wp","href":"https:\/\/api.w.org\/{rel}","templated":true}]}}