{"id":16398,"date":"2025-03-25T13:21:14","date_gmt":"2025-03-25T10:21:14","guid":{"rendered":"https:\/\/ceoparts.com\/?post_type=product&#038;p=16398"},"modified":"2026-05-16T15:27:45","modified_gmt":"2026-05-16T12:27:45","slug":"cat-forklift-joystick-korugu-91a7304900","status":"publish","type":"product","link":"https:\/\/ceoparts.com\/fr\/urun\/cat-forklift-joystick-korugu-91a7304900\/","title":{"rendered":"Soufflet de joystick pour chariot \u00e9l\u00e9vateur Cat &#8211; 91A7304900"},"content":{"rendered":"<p>Soufflet de joystick pour chariot \u00e9l\u00e9vateur Cat &#8211; 91A7304900<\/p>","protected":false},"excerpt":{"rendered":"<p data-start=\"1861\" data-end=\"2137\">Le <strong data-start=\"1864\" data-end=\"1918\">Soufflet de Joystick pour Chariot Cat \u2013 91A7304900<\/strong> est con\u00e7u pour prot\u00e9ger les commandes de joystick des chariots \u00e9l\u00e9vateurs Cat contre la poussi\u00e8re, la salet\u00e9 et les agressions ext\u00e9rieures. Il garantit un fonctionnement durable et sans probl\u00e8me du syst\u00e8me de commande.<\/p>\n<p data-start=\"2139\" data-end=\"2163\"><strong data-start=\"2139\" data-end=\"2161\">Caract\u00e9ristiques :<\/strong><\/p>\n<ul data-start=\"2164\" data-end=\"2316\">\n<li data-start=\"2164\" data-end=\"2211\">\n<p data-start=\"2166\" data-end=\"2211\">Compatible avec : joysticks de chariots Cat<\/p>\n<\/li>\n<li data-start=\"2212\" data-end=\"2244\">\n<p data-start=\"2214\" data-end=\"2244\">Mat\u00e9riau souple et r\u00e9sistant<\/p>\n<\/li>\n<li data-start=\"2245\" data-end=\"2268\">\n<p data-start=\"2247\" data-end=\"2268\">Installation facile<\/p>\n<\/li>\n<li data-start=\"2269\" data-end=\"2316\">\n<p data-start=\"2271\" data-end=\"2316\">Protection contre la poussi\u00e8re et la salet\u00e9<\/p>\n<\/li>\n<\/ul>\n","protected":false},"featured_media":16399,"template":"","meta":[],"product_brand":[],"product_cat":[471],"product_tag":[],"class_list":{"0":"post-16398","1":"product","2":"type-product","3":"status-publish","4":"has-post-thumbnail","6":"product_cat-joystick-pedal-yedek-parca","8":"first","9":"instock","10":"taxable","11":"shipping-taxable","12":"purchasable","13":"product-type-simple"},"_links":{"self":[{"href":"https:\/\/ceoparts.com\/fr\/wp-json\/wp\/v2\/product\/16398","targetHints":{"allow":["GET"]}}],"collection":[{"href":"https:\/\/ceoparts.com\/fr\/wp-json\/wp\/v2\/product"}],"about":[{"href":"https:\/\/ceoparts.com\/fr\/wp-json\/wp\/v2\/types\/product"}],"wp:featuredmedia":[{"embeddable":true,"href":"https:\/\/ceoparts.com\/fr\/wp-json\/wp\/v2\/media\/16399"}],"wp:attachment":[{"href":"https:\/\/ceoparts.com\/fr\/wp-json\/wp\/v2\/media?parent=16398"}],"wp:term":[{"taxonomy":"product_brand","embeddable":true,"href":"https:\/\/ceoparts.com\/fr\/wp-json\/wp\/v2\/product_brand?post=16398"},{"taxonomy":"product_cat","embeddable":true,"href":"https:\/\/ceoparts.com\/fr\/wp-json\/wp\/v2\/product_cat?post=16398"},{"taxonomy":"product_tag","embeddable":true,"href":"https:\/\/ceoparts.com\/fr\/wp-json\/wp\/v2\/product_tag?post=16398"}],"curies":[{"name":"wp","href":"https:\/\/api.w.org\/{rel}","templated":true}]}}