{"id":16407,"date":"2025-03-25T13:54:32","date_gmt":"2025-03-25T10:54:32","guid":{"rendered":"https:\/\/ceoparts.com\/?post_type=product&#038;p=16407"},"modified":"2026-05-16T18:10:38","modified_gmt":"2026-05-16T15:10:38","slug":"cin-transpalet-kumanda-kolu-kelebegi-takim-turuncu","status":"publish","type":"product","link":"https:\/\/ceoparts.com\/fr\/urun\/cin-transpalet-kumanda-kolu-kelebegi-takim-turuncu\/","title":{"rendered":"Kit papillon de levier de commande chariot \u00e0 palettes Chine orange"},"content":{"rendered":"<p>Kit papillon de levier de commande chariot \u00e0 palettes Chine orange<\/p>","protected":false},"excerpt":{"rendered":"<p data-start=\"2295\" data-end=\"2668\">Le <strong data-start=\"2298\" data-end=\"2365\">Kit papillon de poign\u00e9e de commande transpalette chinois Orange<\/strong> est un ensemble de commande ergonomique et de haute qualit\u00e9 permettant de contr\u00f4ler la direction et la vitesse des transpalettes manuels et \u00e9lectriques. Sa structure en plastique robuste et son installation facile am\u00e9liorent l\u2019efficacit\u00e9 d\u2019utilisation. Sa couleur orange assure une visibilit\u00e9 optimale.<\/p>\n<p data-start=\"2670\" data-end=\"2694\"><strong data-start=\"2670\" data-end=\"2692\">Caract\u00e9ristiques :<\/strong><\/p>\n<ul data-start=\"2695\" data-end=\"2842\">\n<li data-start=\"2695\" data-end=\"2744\">\n<p data-start=\"2697\" data-end=\"2744\">Compatible : mod\u00e8les de transpalettes chinois<\/p>\n<\/li>\n<li data-start=\"2745\" data-end=\"2779\">\n<p data-start=\"2747\" data-end=\"2779\">Mat\u00e9riau : plastique r\u00e9sistant<\/p>\n<\/li>\n<li data-start=\"2780\" data-end=\"2800\">\n<p data-start=\"2782\" data-end=\"2800\">Couleur : orange<\/p>\n<\/li>\n<li data-start=\"2801\" data-end=\"2819\">\n<p data-start=\"2803\" data-end=\"2819\">Montage facile<\/p>\n<\/li>\n<li data-start=\"2820\" data-end=\"2842\">\n<p data-start=\"2822\" data-end=\"2842\">Design ergonomique<\/p>\n<\/li>\n<\/ul>\n","protected":false},"featured_media":16410,"template":"","meta":[],"product_brand":[],"product_cat":[454],"product_tag":[],"class_list":{"0":"post-16407","1":"product","2":"type-product","3":"status-publish","4":"has-post-thumbnail","6":"product_cat-switch-ve-buton","8":"first","9":"instock","10":"taxable","11":"shipping-taxable","12":"purchasable","13":"product-type-simple"},"_links":{"self":[{"href":"https:\/\/ceoparts.com\/fr\/wp-json\/wp\/v2\/product\/16407","targetHints":{"allow":["GET"]}}],"collection":[{"href":"https:\/\/ceoparts.com\/fr\/wp-json\/wp\/v2\/product"}],"about":[{"href":"https:\/\/ceoparts.com\/fr\/wp-json\/wp\/v2\/types\/product"}],"wp:featuredmedia":[{"embeddable":true,"href":"https:\/\/ceoparts.com\/fr\/wp-json\/wp\/v2\/media\/16410"}],"wp:attachment":[{"href":"https:\/\/ceoparts.com\/fr\/wp-json\/wp\/v2\/media?parent=16407"}],"wp:term":[{"taxonomy":"product_brand","embeddable":true,"href":"https:\/\/ceoparts.com\/fr\/wp-json\/wp\/v2\/product_brand?post=16407"},{"taxonomy":"product_cat","embeddable":true,"href":"https:\/\/ceoparts.com\/fr\/wp-json\/wp\/v2\/product_cat?post=16407"},{"taxonomy":"product_tag","embeddable":true,"href":"https:\/\/ceoparts.com\/fr\/wp-json\/wp\/v2\/product_tag?post=16407"}],"curies":[{"name":"wp","href":"https:\/\/api.w.org\/{rel}","templated":true}]}}