{"id":16476,"date":"2025-03-27T10:30:51","date_gmt":"2025-03-27T07:30:51","guid":{"rendered":"https:\/\/ceoparts.com\/?post_type=product&#038;p=16476"},"modified":"2026-05-16T17:29:25","modified_gmt":"2026-05-16T14:29:25","slug":"250x80-80-tellure-rota-yuruyus-tekeri-95306114","status":"publish","type":"product","link":"https:\/\/ceoparts.com\/fr\/urun\/250x80-80-tellure-rota-yuruyus-tekeri-95306114\/","title":{"rendered":"250&#215;80-80 Tellure Rota Roue de marche &#8211; 95306114"},"content":{"rendered":"<p>250&#215;80-80 Tellure Rota Roue de marche &#8211; 95306114<\/p>","protected":false},"excerpt":{"rendered":"<p data-start=\"2631\" data-end=\"2995\">La <strong data-start=\"2634\" data-end=\"2684\">Roue motrice 250\u00d780-80 Tellure Rota \u2013 95306114<\/strong> est con\u00e7ue pour les chariots \u00e9l\u00e9vateurs et machines de manutention, assurant des performances \u00e9lev\u00e9es et une utilisation durable sous fortes charges. Son rev\u00eatement en polyur\u00e9thane et sa structure robuste offrent une excellente maniabilit\u00e9 sans laisser de traces au sol. Fabriqu\u00e9e avec la qualit\u00e9 Tellure Rota.<\/p>\n<p data-start=\"2997\" data-end=\"3021\"><strong data-start=\"2997\" data-end=\"3019\">Caract\u00e9ristiques :<\/strong><\/p>\n<ul data-start=\"3022\" data-end=\"3158\">\n<li data-start=\"3022\" data-end=\"3051\">\n<p data-start=\"3024\" data-end=\"3051\">Dimensions : 250\u00d780-80 mm<\/p>\n<\/li>\n<li data-start=\"3052\" data-end=\"3079\">\n<p data-start=\"3054\" data-end=\"3079\">Mat\u00e9riau : Polyur\u00e9thane<\/p>\n<\/li>\n<li data-start=\"3080\" data-end=\"3105\">\n<p data-start=\"3082\" data-end=\"3105\">Marque : Tellure Rota<\/p>\n<\/li>\n<li data-start=\"3106\" data-end=\"3132\">\n<p data-start=\"3108\" data-end=\"3132\">Durable et silencieuse<\/p>\n<\/li>\n<li data-start=\"3133\" data-end=\"3158\">\n<p data-start=\"3135\" data-end=\"3158\">Respectueuse des sols<\/p>\n<\/li>\n<\/ul>\n<p>OM Pimespo TSX20 Seri: F24522 \/ Komatsu MWP20F1RStill COP-H10 24K Seri: F21061 \/ 2016r. \/ CROWN WT30605<\/p>\n<p>OM Pimespo TSX20 Seri: F24522 \/ 95306114<\/p>\n","protected":false},"featured_media":16478,"template":"","meta":[],"product_brand":[],"product_cat":[414,241,244,272,275,412,193],"product_tag":[],"class_list":{"0":"post-16476","1":"product","2":"type-product","3":"status-publish","4":"has-post-thumbnail","6":"product_cat-yuruyus-tekeri-rota","7":"product_cat-still","8":"product_cat-yuruyus-tekeri-still","9":"product_cat-crown","10":"product_cat-yuruyus-tekeri-crown","11":"product_cat-tellure-rota","12":"product_cat-yuruyus-tekeri","14":"first","15":"instock","16":"taxable","17":"shipping-taxable","18":"purchasable","19":"product-type-simple"},"_links":{"self":[{"href":"https:\/\/ceoparts.com\/fr\/wp-json\/wp\/v2\/product\/16476","targetHints":{"allow":["GET"]}}],"collection":[{"href":"https:\/\/ceoparts.com\/fr\/wp-json\/wp\/v2\/product"}],"about":[{"href":"https:\/\/ceoparts.com\/fr\/wp-json\/wp\/v2\/types\/product"}],"wp:featuredmedia":[{"embeddable":true,"href":"https:\/\/ceoparts.com\/fr\/wp-json\/wp\/v2\/media\/16478"}],"wp:attachment":[{"href":"https:\/\/ceoparts.com\/fr\/wp-json\/wp\/v2\/media?parent=16476"}],"wp:term":[{"taxonomy":"product_brand","embeddable":true,"href":"https:\/\/ceoparts.com\/fr\/wp-json\/wp\/v2\/product_brand?post=16476"},{"taxonomy":"product_cat","embeddable":true,"href":"https:\/\/ceoparts.com\/fr\/wp-json\/wp\/v2\/product_cat?post=16476"},{"taxonomy":"product_tag","embeddable":true,"href":"https:\/\/ceoparts.com\/fr\/wp-json\/wp\/v2\/product_tag?post=16476"}],"curies":[{"name":"wp","href":"https:\/\/api.w.org\/{rel}","templated":true}]}}