{"id":16490,"date":"2025-03-29T12:19:25","date_gmt":"2025-03-29T09:19:25","guid":{"rendered":"https:\/\/ceoparts.com\/?post_type=product&#038;p=16490"},"modified":"2026-05-16T15:27:10","modified_gmt":"2026-05-16T12:27:10","slug":"jungheinrich-forklift-reflektoru-sag-51424903","status":"publish","type":"product","link":"https:\/\/ceoparts.com\/fr\/urun\/jungheinrich-forklift-reflektoru-sag-51424903\/","title":{"rendered":"R\u00e9flecteur droit pour chariot \u00e9l\u00e9vateur Jungheinrich &#8211; 51424903"},"content":{"rendered":"<p>R\u00e9flecteur droit pour chariot \u00e9l\u00e9vateur Jungheinrich &#8211; 51424903<\/p>","protected":false},"excerpt":{"rendered":"<p data-start=\"2305\" data-end=\"2698\">Le <strong data-start=\"2308\" data-end=\"2375\">R\u00e9flecteur droit pour chariot \u00e9l\u00e9vateur Jungheinrich \u2013 51424903<\/strong> est une pi\u00e8ce durable et de haute qualit\u00e9 con\u00e7ue pour am\u00e9liorer la visibilit\u00e9 et la s\u00e9curit\u00e9 de votre chariot \u00e9l\u00e9vateur. Ce r\u00e9flecteur c\u00f4t\u00e9 droit assure la s\u00e9curit\u00e9 de l\u2019op\u00e9rateur et de l\u2019environnement, notamment dans les conditions de faible luminosit\u00e9 ou d\u2019obscurit\u00e9. Pi\u00e8ce de rechange originale compatible Jungheinrich.<\/p>\n<p data-start=\"2700\" data-end=\"2724\"><strong data-start=\"2700\" data-end=\"2722\">Caract\u00e9ristiques :<\/strong><\/p>\n<ul data-start=\"2725\" data-end=\"2853\">\n<li data-start=\"2725\" data-end=\"2750\">\n<p data-start=\"2727\" data-end=\"2750\">Marque : Jungheinrich<\/p>\n<\/li>\n<li data-start=\"2751\" data-end=\"2775\">\n<p data-start=\"2753\" data-end=\"2775\">R\u00e9f\u00e9rence : 51424903<\/p>\n<\/li>\n<li data-start=\"2776\" data-end=\"2801\">\n<p data-start=\"2778\" data-end=\"2801\">R\u00e9flecteur c\u00f4t\u00e9 droit<\/p>\n<\/li>\n<li data-start=\"2802\" data-end=\"2822\">\n<p data-start=\"2804\" data-end=\"2822\">Mat\u00e9riau durable<\/p>\n<\/li>\n<li data-start=\"2823\" data-end=\"2853\">\n<p data-start=\"2825\" data-end=\"2853\">Pi\u00e8ce originale compatible<\/p>\n<\/li>\n<\/ul>\n","protected":false},"featured_media":16494,"template":"","meta":[],"product_brand":[],"product_cat":[236,463,522],"product_tag":[],"class_list":{"0":"post-16490","1":"product","2":"type-product","3":"status-publish","4":"has-post-thumbnail","6":"product_cat-jungheinrich","7":"product_cat-aydinlatma-grubu","8":"product_cat-yedek-parca-jungheinrich","10":"first","11":"instock","12":"taxable","13":"shipping-taxable","14":"purchasable","15":"product-type-simple"},"_links":{"self":[{"href":"https:\/\/ceoparts.com\/fr\/wp-json\/wp\/v2\/product\/16490","targetHints":{"allow":["GET"]}}],"collection":[{"href":"https:\/\/ceoparts.com\/fr\/wp-json\/wp\/v2\/product"}],"about":[{"href":"https:\/\/ceoparts.com\/fr\/wp-json\/wp\/v2\/types\/product"}],"wp:featuredmedia":[{"embeddable":true,"href":"https:\/\/ceoparts.com\/fr\/wp-json\/wp\/v2\/media\/16494"}],"wp:attachment":[{"href":"https:\/\/ceoparts.com\/fr\/wp-json\/wp\/v2\/media?parent=16490"}],"wp:term":[{"taxonomy":"product_brand","embeddable":true,"href":"https:\/\/ceoparts.com\/fr\/wp-json\/wp\/v2\/product_brand?post=16490"},{"taxonomy":"product_cat","embeddable":true,"href":"https:\/\/ceoparts.com\/fr\/wp-json\/wp\/v2\/product_cat?post=16490"},{"taxonomy":"product_tag","embeddable":true,"href":"https:\/\/ceoparts.com\/fr\/wp-json\/wp\/v2\/product_tag?post=16490"}],"curies":[{"name":"wp","href":"https:\/\/api.w.org\/{rel}","templated":true}]}}