{"id":16496,"date":"2025-03-29T12:35:30","date_gmt":"2025-03-29T09:35:30","guid":{"rendered":"https:\/\/ceoparts.com\/?post_type=product&#038;p=16496"},"modified":"2026-05-16T14:33:44","modified_gmt":"2026-05-16T11:33:44","slug":"jungheinrich-panel-51601358","status":"publish","type":"product","link":"https:\/\/ceoparts.com\/fr\/urun\/jungheinrich-panel-51601358\/","title":{"rendered":"Panneau Jungheinrich \u2013 51601358"},"content":{"rendered":"<p>Panneau Jungheinrich \u2013 51601358<\/p>","protected":false},"excerpt":{"rendered":"<p data-start=\"2254\" data-end=\"2490\">Ce panneau de commande est con\u00e7u pour les \u00e9quipements Jungheinrich. R\u00e9f\u00e9rence 51601358, il permet \u00e0 l\u2019op\u00e9rateur de g\u00e9rer en toute s\u00e9curit\u00e9 les fonctions de la machine. Fabriqu\u00e9 avec des mat\u00e9riaux de qualit\u00e9 pour une utilisation durable.<\/p>\n<p data-start=\"2492\" data-end=\"2525\"><strong data-start=\"2492\" data-end=\"2525\">Caract\u00e9ristiques techniques :<\/strong><\/p>\n<ul data-start=\"2526\" data-end=\"2727\">\n<li data-start=\"2526\" data-end=\"2551\">\n<p data-start=\"2528\" data-end=\"2551\">Marque : Jungheinrich<\/p>\n<\/li>\n<li data-start=\"2552\" data-end=\"2576\">\n<p data-start=\"2554\" data-end=\"2576\">R\u00e9f\u00e9rence : 51601358<\/p>\n<\/li>\n<li data-start=\"2577\" data-end=\"2618\">\n<p data-start=\"2579\" data-end=\"2618\">Type de produit : Panneau de commande<\/p>\n<\/li>\n<li data-start=\"2619\" data-end=\"2693\">\n<p data-start=\"2621\" data-end=\"2693\">Application : Chariot \u00e9l\u00e9vateur \/ \u00c9quipement de manutention \u00e9lectrique<\/p>\n<\/li>\n<li data-start=\"2694\" data-end=\"2727\">\n<p data-start=\"2696\" data-end=\"2727\">\u00c9tat : Neuf \/ Pi\u00e8ce d\u2019origine<\/p>\n<\/li>\n<\/ul>\n","protected":false},"featured_media":16497,"template":"","meta":[],"product_brand":[],"product_cat":[236,470,522],"product_tag":[],"class_list":{"0":"post-16496","1":"product","2":"type-product","3":"status-publish","4":"has-post-thumbnail","6":"product_cat-jungheinrich","7":"product_cat-diger-yedek-parcalar","8":"product_cat-yedek-parca-jungheinrich","10":"first","11":"instock","12":"taxable","13":"shipping-taxable","14":"purchasable","15":"product-type-simple"},"_links":{"self":[{"href":"https:\/\/ceoparts.com\/fr\/wp-json\/wp\/v2\/product\/16496","targetHints":{"allow":["GET"]}}],"collection":[{"href":"https:\/\/ceoparts.com\/fr\/wp-json\/wp\/v2\/product"}],"about":[{"href":"https:\/\/ceoparts.com\/fr\/wp-json\/wp\/v2\/types\/product"}],"wp:featuredmedia":[{"embeddable":true,"href":"https:\/\/ceoparts.com\/fr\/wp-json\/wp\/v2\/media\/16497"}],"wp:attachment":[{"href":"https:\/\/ceoparts.com\/fr\/wp-json\/wp\/v2\/media?parent=16496"}],"wp:term":[{"taxonomy":"product_brand","embeddable":true,"href":"https:\/\/ceoparts.com\/fr\/wp-json\/wp\/v2\/product_brand?post=16496"},{"taxonomy":"product_cat","embeddable":true,"href":"https:\/\/ceoparts.com\/fr\/wp-json\/wp\/v2\/product_cat?post=16496"},{"taxonomy":"product_tag","embeddable":true,"href":"https:\/\/ceoparts.com\/fr\/wp-json\/wp\/v2\/product_tag?post=16496"}],"curies":[{"name":"wp","href":"https:\/\/api.w.org\/{rel}","templated":true}]}}