{"id":16543,"date":"2025-04-04T14:19:39","date_gmt":"2025-04-04T11:19:39","guid":{"rendered":"https:\/\/ceoparts.com\/?post_type=product&#038;p=16543"},"modified":"2026-05-16T14:28:38","modified_gmt":"2026-05-16T11:28:38","slug":"jungheinrich-sensor-eje-51488224","status":"publish","type":"product","link":"https:\/\/ceoparts.com\/fr\/urun\/jungheinrich-sensor-eje-51488224\/","title":{"rendered":"Capteur Jungheinrich \u2013 EJE 51488224"},"content":{"rendered":"<p>Capteur Jungheinrich \u2013 EJE 51488224<\/p>","protected":false},"excerpt":{"rendered":"<p data-start=\"2163\" data-end=\"2458\">Ce capteur est con\u00e7u sp\u00e9cialement pour les transpalettes \u00e9lectriques de la s\u00e9rie EJE de Jungheinrich. R\u00e9f\u00e9rence 51488224, il garantit une d\u00e9tection pr\u00e9cise pour les syst\u00e8mes de mouvement et de contr\u00f4le, assurant un fonctionnement s\u00fbr et efficace. Conception robuste pour une longue dur\u00e9e de vie.<\/p>\n<p data-start=\"2460\" data-end=\"2493\"><strong data-start=\"2460\" data-end=\"2493\">Caract\u00e9ristiques techniques :<\/strong><\/p>\n<ul data-start=\"2494\" data-end=\"2642\">\n<li data-start=\"2494\" data-end=\"2519\">\n<p data-start=\"2496\" data-end=\"2519\">Marque : Jungheinrich<\/p>\n<\/li>\n<li data-start=\"2520\" data-end=\"2553\">\n<p data-start=\"2522\" data-end=\"2553\">Mod\u00e8le compatible : S\u00e9rie EJE<\/p>\n<\/li>\n<li data-start=\"2554\" data-end=\"2578\">\n<p data-start=\"2556\" data-end=\"2578\">R\u00e9f\u00e9rence : 51488224<\/p>\n<\/li>\n<li data-start=\"2579\" data-end=\"2608\">\n<p data-start=\"2581\" data-end=\"2608\">Type de produit : Capteur<\/p>\n<\/li>\n<li data-start=\"2609\" data-end=\"2642\">\n<p data-start=\"2611\" data-end=\"2642\">\u00c9tat : Neuf \/ Pi\u00e8ce d\u2019origine<\/p>\n<\/li>\n<\/ul>\n","protected":false},"featured_media":16544,"template":"","meta":[],"product_brand":[],"product_cat":[236,469,522],"product_tag":[],"class_list":{"0":"post-16543","1":"product","2":"type-product","3":"status-publish","4":"has-post-thumbnail","6":"product_cat-jungheinrich","7":"product_cat-elektrik-ve-sistem-parcalari","8":"product_cat-yedek-parca-jungheinrich","10":"first","11":"instock","12":"taxable","13":"shipping-taxable","14":"purchasable","15":"product-type-simple"},"_links":{"self":[{"href":"https:\/\/ceoparts.com\/fr\/wp-json\/wp\/v2\/product\/16543","targetHints":{"allow":["GET"]}}],"collection":[{"href":"https:\/\/ceoparts.com\/fr\/wp-json\/wp\/v2\/product"}],"about":[{"href":"https:\/\/ceoparts.com\/fr\/wp-json\/wp\/v2\/types\/product"}],"wp:featuredmedia":[{"embeddable":true,"href":"https:\/\/ceoparts.com\/fr\/wp-json\/wp\/v2\/media\/16544"}],"wp:attachment":[{"href":"https:\/\/ceoparts.com\/fr\/wp-json\/wp\/v2\/media?parent=16543"}],"wp:term":[{"taxonomy":"product_brand","embeddable":true,"href":"https:\/\/ceoparts.com\/fr\/wp-json\/wp\/v2\/product_brand?post=16543"},{"taxonomy":"product_cat","embeddable":true,"href":"https:\/\/ceoparts.com\/fr\/wp-json\/wp\/v2\/product_cat?post=16543"},{"taxonomy":"product_tag","embeddable":true,"href":"https:\/\/ceoparts.com\/fr\/wp-json\/wp\/v2\/product_tag?post=16543"}],"curies":[{"name":"wp","href":"https:\/\/api.w.org\/{rel}","templated":true}]}}