{"id":16603,"date":"2025-04-05T10:52:06","date_gmt":"2025-04-05T07:52:06","guid":{"rendered":"https:\/\/ceoparts.com\/?post_type=product&#038;p=16603"},"modified":"2026-05-16T18:58:18","modified_gmt":"2026-05-16T15:58:18","slug":"jungheinrich-gosterge-51046599","status":"publish","type":"product","link":"https:\/\/ceoparts.com\/fr\/urun\/jungheinrich-gosterge-51046599\/","title":{"rendered":"Indicateur Jungheinrich &#8211; 51046599, 51201885"},"content":{"rendered":"<p>Indicateur Jungheinrich &#8211; 51046599, 51201885<\/p>\n<p>Jungheinrich 51201885, 51046599<\/p>\n<table border=\"0\" width=\"566\" cellspacing=\"0\" cellpadding=\"0\">\n<colgroup>\n<col width=\"153\" \/>\n<col width=\"98\" \/>\n<col width=\"213\" \/>\n<col width=\"102\" \/><\/colgroup>\n<tbody>\n<tr>\n<td width=\"153\" height=\"19\"><span style=\"font-family: tim;\">EJG 06-10<\/span><\/td>\n<td width=\"98\"><span style=\"font-family: tim;\">12.04 &#8211; 6.08<\/span><\/td>\n<td width=\"213\"><span style=\"font-family: tim;\">EZS 130<\/span><\/td>\n<td width=\"102\"><span style=\"font-family: tim;\">8.09 &#8211; 10.11<\/span><\/td>\n<\/tr>\n<tr>\n<td height=\"19\"><span style=\"font-family: tim;\">EJC 212 &#8211; 216<\/span><\/td>\n<td><span style=\"font-family: tim;\">1.06 &#8211; 10.07<\/span><\/td>\n<td><span style=\"font-family: tim;\">ECE 320<\/span><\/td>\n<td><span style=\"font-family: tim;\">8.09 &#8211; 10.11<\/span><\/td>\n<\/tr>\n<tr>\n<td height=\"19\"><span style=\"font-family: tim;\">WP 12-16<\/span><\/td>\n<td><span style=\"font-family: tim;\">1.06 &#8211; 4.08<\/span><\/td>\n<td><span style=\"font-family: tim;\">ERD K18<\/span><\/td>\n<td><span style=\"font-family: tim;\">10.09 &#8211; 2.10<\/span><\/td>\n<\/tr>\n<tr>\n<td height=\"19\"><span style=\"font-family: tim;\">ERE 120<\/span><\/td>\n<td><span style=\"font-family: tim;\">9.05 &#8211; 10.07<\/span><\/td>\n<td><span style=\"font-family: tim;\">EZS 010<\/span><\/td>\n<td><span style=\"font-family: tim;\">10.09 &#8211;\u00a0<\/span><\/td>\n<\/tr>\n<tr>\n<td height=\"19\"><span style=\"font-family: tim;\">WN20S<\/span><\/td>\n<td><span style=\"font-family: tim;\">9.05 &#8211; 10.07<\/span><\/td>\n<td><span style=\"font-family: tim;\">ECE 118<\/span><\/td>\n<td><span style=\"font-family: tim;\">4.10 &#8211; 2.13<\/span><\/td>\n<\/tr>\n<tr>\n<td height=\"19\"><span style=\"font-family: tim;\">WP4500<\/span><\/td>\n<td><span style=\"font-family: tim;\">9.05 &#8211; 10.07<\/span><\/td>\n<td><span style=\"font-family: tim;\">EKS 110 E<\/span><\/td>\n<td><span style=\"font-family: tim;\">1.10 &#8211;\u00a0<\/span><\/td>\n<\/tr>\n<tr>\n<td height=\"19\"><span style=\"font-family: tim;\">EJC 220<\/span><\/td>\n<td><span style=\"font-family: tim;\">8.06 &#8211; 8.12<\/span><\/td>\n<td><span style=\"font-family: tim;\">EMC 110 RK<\/span><\/td>\n<td><span style=\"font-family: tim;\">1.11 &#8211;\u00a0<\/span><\/td>\n<\/tr>\n<tr>\n<td height=\"19\"><span style=\"font-family: tim;\">EJE 220r\/222r<\/span><\/td>\n<td><span style=\"font-family: tim;\">5.06 &#8211;\u00a0<\/span><\/td>\n<td><span style=\"font-family: tim;\">EJC B12\/14\/16<\/span><\/td>\n<td><span style=\"font-family: tim;\">4.11 &#8211;\u00a0<\/span><\/td>\n<\/tr>\n<tr>\n<td height=\"19\"><span style=\"font-family: tim;\">ERE 120<\/span><\/td>\n<td><span style=\"font-family: tim;\">8.07 &#8211; 5.08<\/span><\/td>\n<td><span style=\"font-family: tim;\">PWT13N\/15N\/18N (EJC B12\/14\/16)<\/span><\/td>\n<td><span style=\"font-family: tim;\">4.11 &#8211;\u00a0<\/span><\/td>\n<\/tr>\n<tr>\n<td height=\"19\"><span style=\"font-family: tim;\">EJC 110\/112<\/span><\/td>\n<td><span style=\"font-family: tim;\">8.07 &#8211; 10.07<\/span><\/td>\n<td><span style=\"font-family: tim;\">EJC B12\/14\/16 (USA)<\/span><\/td>\n<td><span style=\"font-family: tim;\">4.11 &#8211;\u00a0<\/span><\/td>\n<\/tr>\n<tr>\n<td height=\"19\"><span style=\"font-family: tim;\">EMC 110 (US)<\/span><\/td>\n<td><span style=\"font-family: tim;\">3.09 &#8211;\u00a0<\/span><\/td>\n<td><span style=\"font-family: tim;\">ERC 212z \/ 214z \/ 216z<\/span><\/td>\n<td><span style=\"font-family: tim;\">2.11 &#8211;\u00a0<\/span><\/td>\n<\/tr>\n<tr>\n<td height=\"19\"><span style=\"font-family: tim;\">EMC 110<\/span><\/td>\n<td><span style=\"font-family: tim;\">3.09 &#8211;\u00a0<\/span><\/td>\n<td><span style=\"font-family: tim;\">ECE 220\/225<\/span><\/td>\n<td><span style=\"font-family: tim;\">8.11 &#8211;\u00a0<\/span><\/td>\n<\/tr>\n<tr>\n<td height=\"19\"><span style=\"font-family: tim;\">ERE 225<\/span><\/td>\n<td><span style=\"font-family: tim;\">9.07 &#8211;\u00a0<\/span><\/td>\n<td><span style=\"font-family: tim;\">ECE 225 XL<\/span><\/td>\n<td><span style=\"font-family: tim;\">8.11 &#8211;\u00a0<\/span><\/td>\n<\/tr>\n<tr>\n<td height=\"19\"><span style=\"font-family: tim;\">WN 116\/118\/120<\/span><\/td>\n<td><span style=\"font-family: tim;\">4.07 &#8211; 4.08<\/span><\/td>\n<td><span style=\"font-family: tim;\">ERE 120<\/span><\/td>\n<td><span style=\"font-family: tim;\">5.12 &#8211;\u00a0<\/span><\/td>\n<\/tr>\n<tr>\n<td height=\"19\"><span style=\"font-family: tim;\">EJE 116\/118\/120<\/span><\/td>\n<td><span style=\"font-family: tim;\">4.07 &#8211; 6.18<\/span><\/td>\n<td><span style=\"font-family: tim;\">EJC 214 \/ 216<\/span><\/td>\n<td><span style=\"font-family: tim;\">4.11 &#8211;\u00a0<\/span><\/td>\n<\/tr>\n<tr>\n<td height=\"19\"><span style=\"font-family: tim;\">EJE 116\/118\/120 (USA)<\/span><\/td>\n<td><span style=\"font-family: tim;\">9.07 &#8211;\u00a0<\/span><\/td>\n<td><span style=\"font-family: tim;\">EJE120N<\/span><\/td>\n<td><span style=\"font-family: tim;\">1.11 &#8211; 2.20<\/span><\/td>\n<\/tr>\n<tr>\n<td height=\"19\"><span style=\"font-family: tim;\">WN 20C\/25C<\/span><\/td>\n<td><span style=\"font-family: tim;\">5.07 &#8211;\u00a0<\/span><\/td>\n<td><span style=\"font-family: tim;\">ERE 120n (NICHIYU)<\/span><\/td>\n<td><span style=\"font-family: tim;\">1.11 &#8211; 2.20<\/span><\/td>\n<\/tr>\n<tr>\n<td height=\"19\"><span style=\"font-family: tim;\">EJE 220\/225<\/span><\/td>\n<td><span style=\"font-family: tim;\">5.07 &#8211;\u00a0<\/span><\/td>\n<td><span style=\"font-family: tim;\">EJC 112n (NICHIYU)<\/span><\/td>\n<td><span style=\"font-family: tim;\">1.11 &#8211; 2.20<\/span><\/td>\n<\/tr>\n<tr>\n<td height=\"19\"><span style=\"font-family: tim;\">EJE 220\/225 (USA)<\/span><\/td>\n<td><span style=\"font-family: tim;\">8.07 &#8211;\u00a0<\/span><\/td>\n<td><span style=\"font-family: tim;\">ECE 320<\/span><\/td>\n<td><span style=\"font-family: tim;\">11.11 &#8211;\u00a0<\/span><\/td>\n<\/tr>\n<tr>\n<td height=\"19\"><span style=\"font-family: tim;\">EZS 350<\/span><\/td>\n<td><span style=\"font-family: tim;\">9.07 &#8211; 7.09<\/span><\/td>\n<td><span style=\"font-family: tim;\">ECE 310<\/span><\/td>\n<td><span style=\"font-family: tim;\">1.11 &#8211;\u00a0<\/span><\/td>\n<\/tr>\n<tr>\n<td height=\"19\"><span style=\"font-family: tim;\">ECE 320<\/span><\/td>\n<td><span style=\"font-family: tim;\">1.08 &#8211; 7.09<\/span><\/td>\n<td><span style=\"font-family: tim;\">ECE 225 HP<\/span><\/td>\n<td><span style=\"font-family: tim;\">11.11 &#8211;\u00a0<\/span><\/td>\n<\/tr>\n<tr>\n<td height=\"19\"><span style=\"font-family: tim;\">EJC 110\/112<\/span><\/td>\n<td><span style=\"font-family: tim;\">9.07 &#8211; 8.12<\/span><\/td>\n<td><span style=\"font-family: tim;\">EZS 350\/ EZS C40<\/span><\/td>\n<td><span style=\"font-family: tim;\">11.11 &#8211;\u00a0<\/span><\/td>\n<\/tr>\n<tr>\n<td height=\"19\"><span style=\"font-family: tim;\">WP 10\/12<\/span><\/td>\n<td><span style=\"font-family: tim;\">9.07 &#8211; 4.08<\/span><\/td>\n<td><span style=\"font-family: tim;\">EZS 130<\/span><\/td>\n<td><span style=\"font-family: tim;\">11.11 &#8211;\u00a0<\/span><\/td>\n<\/tr>\n<tr>\n<td height=\"19\"><span style=\"font-family: tim;\">EJE C20<\/span><\/td>\n<td><span style=\"font-family: tim;\">10.07 &#8211;\u00a0<\/span><\/td>\n<td><span style=\"font-family: tim;\">EJC 110\/112\/212<\/span><\/td>\n<td><span style=\"font-family: tim;\">8.11 &#8211; 9.19<\/span><\/td>\n<\/tr>\n<tr>\n<td height=\"19\"><span style=\"font-family: tim;\">PW23<\/span><\/td>\n<td><span style=\"font-family: tim;\">9.07 &#8211;\u00a0<\/span><\/td>\n<td><span style=\"font-family: tim;\">EJE 112i<\/span><\/td>\n<td><span style=\"font-family: tim;\">11.11 &#8211; 6.14<\/span><\/td>\n<\/tr>\n<tr>\n<td height=\"19\"><span style=\"font-family: tim;\">2WP4500<\/span><\/td>\n<td><span style=\"font-family: tim;\">9.07 &#8211;\u00a0<\/span><\/td>\n<td><span style=\"font-family: tim;\">EJC 214 \/ 216 (US)<\/span><\/td>\n<td><span style=\"font-family: tim;\">12.11 &#8211;\u00a0<\/span><\/td>\n<\/tr>\n<tr>\n<td height=\"19\"><span style=\"font-family: tim;\">PW30<\/span><\/td>\n<td><span style=\"font-family: tim;\">8.07 &#8211;\u00a0<\/span><\/td>\n<td><span style=\"font-family: tim;\">ECE 220\/225 (US)<\/span><\/td>\n<td><span style=\"font-family: tim;\">1.14 &#8211;\u00a0<\/span><\/td>\n<\/tr>\n<tr>\n<td height=\"19\"><span style=\"font-family: tim;\">2WP6000<\/span><\/td>\n<td><span style=\"font-family: tim;\">8.07 &#8211;\u00a0<\/span><\/td>\n<td><span style=\"font-family: tim;\">ERC 215a<\/span><\/td>\n<td><span style=\"font-family: tim;\">11.12 &#8211;\u00a0<\/span><\/td>\n<\/tr>\n<tr>\n<td height=\"19\"><span style=\"font-family: tim;\">EJC 110\/112<\/span><\/td>\n<td><span style=\"font-family: tim;\">8.07 &#8211; 10.07<\/span><\/td>\n<td><span style=\"font-family: tim;\">EJC 220<\/span><\/td>\n<td><span style=\"font-family: tim;\">9.12 &#8211;\u00a0<\/span><\/td>\n<\/tr>\n<tr>\n<td height=\"19\"><span style=\"font-family: tim;\">WP 10\/12<\/span><\/td>\n<td><span style=\"font-family: tim;\">8.07 &#8211; 10.07<\/span><\/td>\n<td><span style=\"font-family: tim;\">EJC 112 RK<\/span><\/td>\n<td><span style=\"font-family: tim;\">2.13 &#8211;\u00a0<\/span><\/td>\n<\/tr>\n<tr>\n<td height=\"19\"><span style=\"font-family: tim;\">ECE 310<\/span><\/td>\n<td><span style=\"font-family: tim;\">1.08 &#8211; 10.11<\/span><\/td>\n<td><span style=\"font-family: tim;\">ECD 220<\/span><\/td>\n<td><span style=\"font-family: tim;\">11.12 &#8211;\u00a0<\/span><\/td>\n<\/tr>\n<tr>\n<td height=\"19\"><span style=\"font-family: tim;\">ECE 225 HP<\/span><\/td>\n<td><span style=\"font-family: tim;\">12.07 &#8211; 10.11<\/span><\/td>\n<td><span style=\"font-family: tim;\">EJE 220r\/225r<\/span><\/td>\n<td><span style=\"font-family: tim;\">5.15 &#8211;\u00a0<\/span><\/td>\n<\/tr>\n<tr>\n<td height=\"19\"><span style=\"font-family: tim;\">EJE 116\/120 (Qingpu)<\/span><\/td>\n<td><span style=\"font-family: tim;\">10.07 &#8211; 8.09<\/span><\/td>\n<td><span style=\"font-family: tim;\">EJE 230<\/span><\/td>\n<td><span style=\"font-family: tim;\">4.13 &#8211;\u00a0<\/span><\/td>\n<\/tr>\n<tr>\n<td height=\"19\"><span style=\"font-family: tim;\">ERE 120<\/span><\/td>\n<td><span style=\"font-family: tim;\">6.08 &#8211; 11.08<\/span><\/td>\n<td><span style=\"font-family: tim;\">ERE 225a<\/span><\/td>\n<td><span style=\"font-family: tim;\">7.13 &#8211;\u00a0<\/span><\/td>\n<\/tr>\n<tr>\n<td height=\"19\"><span style=\"font-family: tim;\">EJC 110\/112 (Qingpu)<\/span><\/td>\n<td><span style=\"font-family: tim;\">7.08 &#8211; 9.09<\/span><\/td>\n<td><span style=\"font-family: tim;\">ECE 118<\/span><\/td>\n<td><span style=\"font-family: tim;\">4.13 &#8211;\u00a0<\/span><\/td>\n<\/tr>\n<tr>\n<td height=\"19\"><span style=\"font-family: tim;\">EJC 212 \/ 214 \/ 216<\/span><\/td>\n<td><span style=\"font-family: tim;\">6.08 &#8211; 8.12<\/span><\/td>\n<td><span style=\"font-family: tim;\">EJC 214 \/ 216 (BR)<\/span><\/td>\n<td><span style=\"font-family: tim;\">11.13 &#8211;\u00a0<\/span><\/td>\n<\/tr>\n<tr>\n<td height=\"19\"><span style=\"font-family: tim;\">EJD K18<\/span><\/td>\n<td><span style=\"font-family: tim;\">6.08 &#8211;\u00a0<\/span><\/td>\n<td><span style=\"font-family: tim;\">EJC B12\/14\/16<\/span><\/td>\n<td><span style=\"font-family: tim;\">4.14 &#8211;\u00a0<\/span><\/td>\n<\/tr>\n<tr>\n<td height=\"19\"><span style=\"font-family: tim;\">EJE 235<\/span><\/td>\n<td><span style=\"font-family: tim;\">5.08 &#8211;\u00a0<\/span><\/td>\n<td><span style=\"font-family: tim;\">EJR 120n<\/span><\/td>\n<td><span style=\"font-family: tim;\">2.14 &#8211; 1.18<\/span><\/td>\n<\/tr>\n<tr>\n<td height=\"19\"><span style=\"font-family: tim;\">PWF11<\/span><\/td>\n<td><span style=\"font-family: tim;\">3.09 &#8211;\u00a0<\/span><\/td>\n<td><span style=\"font-family: tim;\">ERV 308<\/span><\/td>\n<td><span style=\"font-family: tim;\">7.13 &#8211;\u00a0<\/span><\/td>\n<\/tr>\n<tr>\n<td height=\"19\"><span style=\"font-family: tim;\">EMC 110 (2SF2200)<\/span><\/td>\n<td><span style=\"font-family: tim;\">3.09 &#8211; 3.10<\/span><\/td>\n<td><span style=\"font-family: tim;\">ERC 214 \/ 216 (US)<\/span><\/td>\n<td><span style=\"font-family: tim;\">8.14 &#8211;\u00a0<\/span><\/td>\n<\/tr>\n<tr>\n<td height=\"19\"><span style=\"font-family: tim;\">EMC B10<\/span><\/td>\n<td><span style=\"font-family: tim;\">3.09 &#8211;\u00a0<\/span><\/td>\n<td><span style=\"font-family: tim;\">EJC 214-\/216z (US)<\/span><\/td>\n<td><span style=\"font-family: tim;\">6.14 &#8211;\u00a0<\/span><\/td>\n<\/tr>\n<tr>\n<td height=\"19\"><span style=\"font-family: tim;\">EMC B10 (US)<\/span><\/td>\n<td><span style=\"font-family: tim;\">3.09 &#8211;\u00a0<\/span><\/td>\n<td><span style=\"font-family: tim;\">EJR 120n (NICHIYU)<\/span><\/td>\n<td><span style=\"font-family: tim;\">1.11 &#8211; 2.20<\/span><\/td>\n<\/tr>\n<tr>\n<td height=\"19\"><span style=\"font-family: tim;\">PWT11<\/span><\/td>\n<td><span style=\"font-family: tim;\">3.09 &#8211;\u00a0<\/span><\/td>\n<td><span style=\"font-family: tim;\">EJG 106-112<\/span><\/td>\n<td><span style=\"font-family: tim;\">1.16 &#8211;\u00a0<\/span><\/td>\n<\/tr>\n<tr>\n<td height=\"19\"><span style=\"font-family: tim;\">EMC B10 (2SS2200)<\/span><\/td>\n<td><span style=\"font-family: tim;\">3.09 &#8211;\u00a0<\/span><\/td>\n<td><span style=\"font-family: tim;\">EJC B12N<\/span><\/td>\n<td><span style=\"font-family: tim;\">7.15 &#8211; 1.18<\/span><\/td>\n<\/tr>\n<tr>\n<td height=\"19\"><span style=\"font-family: tim;\">EZS 130<\/span><\/td>\n<td><span style=\"font-family: tim;\">6.08 &#8211; 7.09<\/span><\/td>\n<td><span style=\"font-family: tim;\">EJD 118\/120\/ EMD 118<\/span><\/td>\n<td><span style=\"font-family: tim;\">10.15 &#8211;\u00a0<\/span><\/td>\n<\/tr>\n<tr>\n<td height=\"19\"><span style=\"font-family: tim;\">ERE 225 KP<\/span><\/td>\n<td><span style=\"font-family: tim;\">7.08 &#8211;\u00a0<\/span><\/td>\n<td><span style=\"font-family: tim;\">ERC 220<\/span><\/td>\n<td><span style=\"font-family: tim;\">1.16 &#8211;\u00a0<\/span><\/td>\n<\/tr>\n<tr>\n<td height=\"19\"><span style=\"font-family: tim;\">ECE 220\/225<\/span><\/td>\n<td><span style=\"font-family: tim;\">8.09 &#8211; 7.11<\/span><\/td>\n<td><span style=\"font-family: tim;\">EJC B20<\/span><\/td>\n<td><span style=\"font-family: tim;\">1.16 &#8211;\u00a0<\/span><\/td>\n<\/tr>\n<tr>\n<td height=\"19\"><span style=\"font-family: tim;\">ECE 225 XL<\/span><\/td>\n<td><span style=\"font-family: tim;\">1.09 &#8211; 7.11<\/span><\/td>\n<td><span style=\"font-family: tim;\">EJC 220 (US)<\/span><\/td>\n<td><span style=\"font-family: tim;\">5.16 &#8211;\u00a0<\/span><\/td>\n<\/tr>\n<tr>\n<td height=\"19\"><span style=\"font-family: tim;\">ERC 212 \/ 214 \/ 216<\/span><\/td>\n<td><span style=\"font-family: tim;\">4.09 &#8211;\u00a0<\/span><\/td>\n<td><span style=\"font-family: tim;\">EJC B20 (US)<\/span><\/td>\n<td><span style=\"font-family: tim;\">1.16 &#8211;\u00a0<\/span><\/td>\n<\/tr>\n<tr>\n<td height=\"19\"><span style=\"font-family: tim;\">EJD 220<\/span><\/td>\n<td><span style=\"font-family: tim;\">1.10 &#8211;\u00a0<\/span><\/td>\n<td><span style=\"font-family: tim;\">EJE C20 (US)<\/span><\/td>\n<td><span style=\"font-family: tim;\">8.16 &#8211;\u00a0<\/span><\/td>\n<\/tr>\n<tr>\n<td height=\"19\"><span style=\"font-family: tim;\">ERD 220<\/span><\/td>\n<td><span style=\"font-family: tim;\">6.10 &#8211;\u00a0<\/span><\/td>\n<td><span style=\"font-family: tim;\">EKM 202<\/span><\/td>\n<td><span style=\"font-family: tim;\">2.17 &#8211;\u00a0<\/span><\/td>\n<\/tr>\n<tr>\n<td height=\"19\"><span style=\"font-family: tim;\">EJC 212z \/ 214z \/ 216z<\/span><\/td>\n<td><span style=\"font-family: tim;\">12.10 &#8211;\u00a0<\/span><\/td>\n<td><span style=\"font-family: tim;\">EJE 116n\/120n<\/span><\/td>\n<td><span style=\"font-family: tim;\">1.18 &#8211;\u00a0<\/span><\/td>\n<\/tr>\n<tr>\n<td height=\"19\"><span style=\"font-family: tim;\">ERE 120 (Qingpu)<\/span><\/td>\n<td><span style=\"font-family: tim;\">1.09 &#8211; 8.09<\/span><\/td>\n<td><span style=\"font-family: tim;\">ERE 120n<\/span><\/td>\n<td><span style=\"font-family: tim;\">1.18 &#8211;\u00a0<\/span><\/td>\n<\/tr>\n<tr>\n<td height=\"19\"><span style=\"font-family: tim;\">EJC M10<\/span><\/td>\n<td><span style=\"font-family: tim;\">4.09 &#8211; 4.09<\/span><\/td>\n<td><span style=\"font-family: tim;\">EJR 120n<\/span><\/td>\n<td><span style=\"font-family: tim;\">1.18 &#8211;\u00a0<\/span><\/td>\n<\/tr>\n<tr>\n<td height=\"19\"><span style=\"font-family: tim;\">EZS 010<\/span><\/td>\n<td><span style=\"font-family: tim;\">7.08 &#8211; 9.09<\/span><\/td>\n<td><span style=\"font-family: tim;\">EJC 110n\/112n<\/span><\/td>\n<td><span style=\"font-family: tim;\">1.18 &#8211;\u00a0<\/span><\/td>\n<\/tr>\n<tr>\n<td height=\"19\"><span style=\"font-family: tim;\">EJE 116n\/120n<\/span><\/td>\n<td><span style=\"font-family: tim;\">9.09 &#8211; 1.18<\/span><\/td>\n<td><span style=\"font-family: tim;\">EJC B12N<\/span><\/td>\n<td><span style=\"font-family: tim;\">1.18 &#8211;\u00a0<\/span><\/td>\n<\/tr>\n<tr>\n<td height=\"19\"><span style=\"font-family: tim;\">ERE 120n<\/span><\/td>\n<td><span style=\"font-family: tim;\">9.09 &#8211; 1.18<\/span><\/td>\n<td><span style=\"font-family: tim;\">EJE C20<\/span><\/td>\n<td><span style=\"font-family: tim;\">9.18 &#8211;\u00a0<\/span><\/td>\n<\/tr>\n<tr>\n<td height=\"19\"><span style=\"font-family: tim;\">EJC 110n\/112n<\/span><\/td>\n<td><span style=\"font-family: tim;\">10.09 &#8211; 1.18<\/span><\/td>\n<td><span style=\"font-family: tim;\">EKM 202 (2018)<\/span><\/td>\n<td><span style=\"font-family: tim;\">8.18 &#8211;\u00a0<\/span><\/td>\n<\/tr>\n<tr>\n<td height=\"19\"><span style=\"font-family: tim;\">EZS 350\/ EZS C40<\/span><\/td>\n<td><span style=\"font-family: tim;\">8.09 &#8211; 10.11<\/span><\/td>\n<td><span style=\"font-family: tim;\">EZS MB 230<\/span><\/td>\n<td><span style=\"font-family: tim;\">7.20 &#8211;\u00a0<\/span><\/td>\n<\/tr>\n<tr>\n<td height=\"19\"><span style=\"font-family: tim;\">EZS 350\/ EZS C40 (US)<\/span><\/td>\n<td><span style=\"font-family: tim;\">11.11 &#8211;\u00a0<\/span><\/td>\n<td><\/td>\n<td><\/td>\n<\/tr>\n<\/tbody>\n<\/table>","protected":false},"excerpt":{"rendered":"<p data-start=\"2210\" data-end=\"2551\">L\u2019<strong data-start=\"2212\" data-end=\"2260\">Indicateur Jungheinrich \u2013 51046599, 51201885<\/strong> permet de surveiller en temps r\u00e9el la performance et l\u2019\u00e9tat de fonctionnement de vos chariots \u00e9l\u00e9vateurs et v\u00e9hicules industriels. Il offre une construction durable et une capacit\u00e9 de mesure pr\u00e9cise pour une longue dur\u00e9e de vie. Pi\u00e8ce originale compatible avec les \u00e9quipements Jungheinrich.<\/p>\n<p data-start=\"2553\" data-end=\"2577\"><strong data-start=\"2553\" data-end=\"2575\">Caract\u00e9ristiques :<\/strong><\/p>\n<ul data-start=\"2578\" data-end=\"2724\">\n<li data-start=\"2578\" data-end=\"2603\">\n<p data-start=\"2580\" data-end=\"2603\">Marque : Jungheinrich<\/p>\n<\/li>\n<li data-start=\"2604\" data-end=\"2639\">\n<p data-start=\"2606\" data-end=\"2639\">R\u00e9f\u00e9rences : 51046599, 51201885<\/p>\n<\/li>\n<li data-start=\"2640\" data-end=\"2670\">\n<p data-start=\"2642\" data-end=\"2670\">Indicateur haute pr\u00e9cision<\/p>\n<\/li>\n<li data-start=\"2671\" data-end=\"2693\">\n<p data-start=\"2673\" data-end=\"2693\">Durable et robuste<\/p>\n<\/li>\n<li data-start=\"2694\" data-end=\"2724\">\n<p data-start=\"2696\" data-end=\"2724\">Pi\u00e8ce originale compatible<\/p>\n<\/li>\n<\/ul>\n","protected":false},"featured_media":16604,"template":"","meta":[],"product_brand":[],"product_cat":[236,431,522],"product_tag":[],"class_list":{"0":"post-16603","1":"product","2":"type-product","3":"status-publish","4":"has-post-thumbnail","6":"product_cat-jungheinrich","7":"product_cat-ekranlar-ve-kartlar","8":"product_cat-yedek-parca-jungheinrich","10":"first","11":"instock","12":"taxable","13":"shipping-taxable","14":"purchasable","15":"product-type-simple"},"_links":{"self":[{"href":"https:\/\/ceoparts.com\/fr\/wp-json\/wp\/v2\/product\/16603","targetHints":{"allow":["GET"]}}],"collection":[{"href":"https:\/\/ceoparts.com\/fr\/wp-json\/wp\/v2\/product"}],"about":[{"href":"https:\/\/ceoparts.com\/fr\/wp-json\/wp\/v2\/types\/product"}],"wp:featuredmedia":[{"embeddable":true,"href":"https:\/\/ceoparts.com\/fr\/wp-json\/wp\/v2\/media\/16604"}],"wp:attachment":[{"href":"https:\/\/ceoparts.com\/fr\/wp-json\/wp\/v2\/media?parent=16603"}],"wp:term":[{"taxonomy":"product_brand","embeddable":true,"href":"https:\/\/ceoparts.com\/fr\/wp-json\/wp\/v2\/product_brand?post=16603"},{"taxonomy":"product_cat","embeddable":true,"href":"https:\/\/ceoparts.com\/fr\/wp-json\/wp\/v2\/product_cat?post=16603"},{"taxonomy":"product_tag","embeddable":true,"href":"https:\/\/ceoparts.com\/fr\/wp-json\/wp\/v2\/product_tag?post=16603"}],"curies":[{"name":"wp","href":"https:\/\/api.w.org\/{rel}","templated":true}]}}