{"id":16610,"date":"2025-04-05T11:04:21","date_gmt":"2025-04-05T08:04:21","guid":{"rendered":"https:\/\/ceoparts.com\/?post_type=product&#038;p=16610"},"modified":"2026-05-16T14:33:37","modified_gmt":"2026-05-16T11:33:37","slug":"hyster-kumanda-kolu-4014597","status":"publish","type":"product","link":"https:\/\/ceoparts.com\/fr\/urun\/hyster-kumanda-kolu-4014597\/","title":{"rendered":"Levier de commande Hyster &#8211; 4014597"},"content":{"rendered":"<p>Levier de commande Hyster &#8211; 4014597<\/p>","protected":false},"excerpt":{"rendered":"<p data-start=\"2051\" data-end=\"2328\">Le <strong data-start=\"2054\" data-end=\"2093\">Levier de commande Hyster \u2013 4014597<\/strong> est utilis\u00e9 sur les chariots \u00e9l\u00e9vateurs et \u00e9quipements d\u2019entrep\u00f4t Hyster, garantissant un contr\u00f4le pr\u00e9cis et s\u00e9curis\u00e9 des syst\u00e8mes hydrauliques et \u00e9lectriques. Sa structure robuste et son design ergonomique facilitent la manipulation.<\/p>\n<p data-start=\"2330\" data-end=\"2354\"><strong data-start=\"2330\" data-end=\"2352\">Caract\u00e9ristiques :<\/strong><\/p>\n<ul data-start=\"2355\" data-end=\"2519\">\n<li data-start=\"2355\" data-end=\"2395\">\n<p data-start=\"2357\" data-end=\"2395\">Type de produit : Levier de commande<\/p>\n<\/li>\n<li data-start=\"2396\" data-end=\"2426\">\n<p data-start=\"2398\" data-end=\"2426\">Marque compatible : Hyster<\/p>\n<\/li>\n<li data-start=\"2427\" data-end=\"2450\">\n<p data-start=\"2429\" data-end=\"2450\">R\u00e9f\u00e9rence : 4014597<\/p>\n<\/li>\n<li data-start=\"2451\" data-end=\"2473\">\n<p data-start=\"2453\" data-end=\"2473\">Design ergonomique<\/p>\n<\/li>\n<li data-start=\"2474\" data-end=\"2519\">\n<p data-start=\"2476\" data-end=\"2519\">Pour syst\u00e8mes hydrauliques et \u00e9lectriques<\/p>\n<\/li>\n<\/ul>\n","protected":false},"featured_media":16615,"template":"","meta":[],"product_brand":[],"product_cat":[256,450,520],"product_tag":[],"class_list":{"0":"post-16610","1":"product","2":"type-product","3":"status-publish","4":"has-post-thumbnail","6":"product_cat-hyster","7":"product_cat-direksiyon-sistemleri","8":"product_cat-yedek-parca-hyster","10":"first","11":"instock","12":"taxable","13":"shipping-taxable","14":"purchasable","15":"product-type-simple"},"_links":{"self":[{"href":"https:\/\/ceoparts.com\/fr\/wp-json\/wp\/v2\/product\/16610","targetHints":{"allow":["GET"]}}],"collection":[{"href":"https:\/\/ceoparts.com\/fr\/wp-json\/wp\/v2\/product"}],"about":[{"href":"https:\/\/ceoparts.com\/fr\/wp-json\/wp\/v2\/types\/product"}],"wp:featuredmedia":[{"embeddable":true,"href":"https:\/\/ceoparts.com\/fr\/wp-json\/wp\/v2\/media\/16615"}],"wp:attachment":[{"href":"https:\/\/ceoparts.com\/fr\/wp-json\/wp\/v2\/media?parent=16610"}],"wp:term":[{"taxonomy":"product_brand","embeddable":true,"href":"https:\/\/ceoparts.com\/fr\/wp-json\/wp\/v2\/product_brand?post=16610"},{"taxonomy":"product_cat","embeddable":true,"href":"https:\/\/ceoparts.com\/fr\/wp-json\/wp\/v2\/product_cat?post=16610"},{"taxonomy":"product_tag","embeddable":true,"href":"https:\/\/ceoparts.com\/fr\/wp-json\/wp\/v2\/product_tag?post=16610"}],"curies":[{"name":"wp","href":"https:\/\/api.w.org\/{rel}","templated":true}]}}