{"id":16631,"date":"2025-04-11T14:29:52","date_gmt":"2025-04-11T11:29:52","guid":{"rendered":"https:\/\/ceoparts.com\/?post_type=product&#038;p=16631"},"modified":"2026-05-16T21:24:53","modified_gmt":"2026-05-16T18:24:53","slug":"linde-destek-baglanti-parcasi-3723631403","status":"publish","type":"product","link":"https:\/\/ceoparts.com\/fr\/urun\/linde-destek-baglanti-parcasi-3723631403\/","title":{"rendered":"Support Linde &#8211; Pi\u00e8ce de raccordement &#8211; 3723631403"},"content":{"rendered":"<p>Support Linde &#8211; Pi\u00e8ce de raccordement &#8211; 3723631403<\/p>","protected":false},"excerpt":{"rendered":"<p data-start=\"2278\" data-end=\"2612\">La <strong data-start=\"2281\" data-end=\"2332\">Pi\u00e8ce de support \u2013 connexion Linde \u2013 3723631403<\/strong> offre un soutien fiable aux points de connexion de vos chariots \u00e9l\u00e9vateurs et machines industrielles. Sa construction robuste r\u00e9siste aux vibrations et aux chocs, am\u00e9liorant les performances et la dur\u00e9e de vie de la machine. Pi\u00e8ce originale compatible avec les \u00e9quipements Linde.<\/p>\n<p data-start=\"2614\" data-end=\"2638\"><strong data-start=\"2614\" data-end=\"2636\">Caract\u00e9ristiques :<\/strong><\/p>\n<ul data-start=\"2639\" data-end=\"2805\">\n<li data-start=\"2639\" data-end=\"2657\">\n<p data-start=\"2641\" data-end=\"2657\">Marque : Linde<\/p>\n<\/li>\n<li data-start=\"2658\" data-end=\"2684\">\n<p data-start=\"2660\" data-end=\"2684\">R\u00e9f\u00e9rence : 3723631403<\/p>\n<\/li>\n<li data-start=\"2685\" data-end=\"2719\">\n<p data-start=\"2687\" data-end=\"2719\">Construction durable et solide<\/p>\n<\/li>\n<li data-start=\"2720\" data-end=\"2761\">\n<p data-start=\"2722\" data-end=\"2761\">R\u00e9sistant aux vibrations et aux chocs<\/p>\n<\/li>\n<li data-start=\"2762\" data-end=\"2805\">\n<p data-start=\"2764\" data-end=\"2805\">Pi\u00e8ce de connexion originale compatible<\/p>\n<\/li>\n<\/ul>\n","protected":false},"featured_media":16633,"template":"","meta":[],"product_brand":[],"product_cat":[246,470,523],"product_tag":[],"class_list":{"0":"post-16631","1":"product","2":"type-product","3":"status-publish","4":"has-post-thumbnail","6":"product_cat-linde","7":"product_cat-diger-yedek-parcalar","8":"product_cat-yedek-parca-linde","10":"first","11":"instock","12":"taxable","13":"shipping-taxable","14":"purchasable","15":"product-type-simple"},"_links":{"self":[{"href":"https:\/\/ceoparts.com\/fr\/wp-json\/wp\/v2\/product\/16631","targetHints":{"allow":["GET"]}}],"collection":[{"href":"https:\/\/ceoparts.com\/fr\/wp-json\/wp\/v2\/product"}],"about":[{"href":"https:\/\/ceoparts.com\/fr\/wp-json\/wp\/v2\/types\/product"}],"wp:featuredmedia":[{"embeddable":true,"href":"https:\/\/ceoparts.com\/fr\/wp-json\/wp\/v2\/media\/16633"}],"wp:attachment":[{"href":"https:\/\/ceoparts.com\/fr\/wp-json\/wp\/v2\/media?parent=16631"}],"wp:term":[{"taxonomy":"product_brand","embeddable":true,"href":"https:\/\/ceoparts.com\/fr\/wp-json\/wp\/v2\/product_brand?post=16631"},{"taxonomy":"product_cat","embeddable":true,"href":"https:\/\/ceoparts.com\/fr\/wp-json\/wp\/v2\/product_cat?post=16631"},{"taxonomy":"product_tag","embeddable":true,"href":"https:\/\/ceoparts.com\/fr\/wp-json\/wp\/v2\/product_tag?post=16631"}],"curies":[{"name":"wp","href":"https:\/\/api.w.org\/{rel}","templated":true}]}}