{"id":16635,"date":"2025-04-11T15:38:16","date_gmt":"2025-04-11T12:38:16","guid":{"rendered":"https:\/\/ceoparts.com\/?post_type=product&#038;p=16635"},"modified":"2026-05-16T16:17:43","modified_gmt":"2026-05-16T13:17:43","slug":"hyster-parmak-joystick-mini-lever-2110791","status":"publish","type":"product","link":"https:\/\/ceoparts.com\/fr\/urun\/hyster-parmak-joystick-mini-lever-2110791\/","title":{"rendered":"Joystick \u00e0 doigt Hyster \/ Mini levier &#8211; 2110791"},"content":{"rendered":"<p>Joystick \u00e0 doigt Hyster \/ Mini levier &#8211; 2110791<\/p>","protected":false},"excerpt":{"rendered":"<p data-start=\"2190\" data-end=\"2548\">Le <strong data-start=\"2193\" data-end=\"2244\">Joystick \u00e0 doigt \/ Mini levier Hyster \u2013 2110791<\/strong> est un levier de joystick compact offrant un contr\u00f4le haute pr\u00e9cision pour les chariots \u00e9l\u00e9vateurs et machines industrielles. Son design ergonomique am\u00e9liore le confort de l\u2019op\u00e9rateur et permet une grande pr\u00e9cision dans les mouvements. Construit avec des mat\u00e9riaux durables pour une longue dur\u00e9e de vie.<\/p>\n<p data-start=\"2550\" data-end=\"2574\"><strong data-start=\"2550\" data-end=\"2572\">Caract\u00e9ristiques :<\/strong><\/p>\n<ul data-start=\"2575\" data-end=\"2715\">\n<li data-start=\"2575\" data-end=\"2605\">\n<p data-start=\"2577\" data-end=\"2605\">Marque compatible : Hyster<\/p>\n<\/li>\n<li data-start=\"2606\" data-end=\"2629\">\n<p data-start=\"2608\" data-end=\"2629\">R\u00e9f\u00e9rence : 2110791<\/p>\n<\/li>\n<li data-start=\"2630\" data-end=\"2663\">\n<p data-start=\"2632\" data-end=\"2663\">Design compact et ergonomique<\/p>\n<\/li>\n<li data-start=\"2664\" data-end=\"2692\">\n<p data-start=\"2666\" data-end=\"2692\">Contr\u00f4le haute pr\u00e9cision<\/p>\n<\/li>\n<li data-start=\"2693\" data-end=\"2715\">\n<p data-start=\"2695\" data-end=\"2715\">Mat\u00e9riaux durables<\/p>\n<\/li>\n<\/ul>\n","protected":false},"featured_media":16638,"template":"","meta":[],"product_brand":[],"product_cat":[256,471,520],"product_tag":[],"class_list":{"0":"post-16635","1":"product","2":"type-product","3":"status-publish","4":"has-post-thumbnail","6":"product_cat-hyster","7":"product_cat-joystick-pedal-yedek-parca","8":"product_cat-yedek-parca-hyster","10":"first","11":"instock","12":"taxable","13":"shipping-taxable","14":"purchasable","15":"product-type-simple"},"_links":{"self":[{"href":"https:\/\/ceoparts.com\/fr\/wp-json\/wp\/v2\/product\/16635","targetHints":{"allow":["GET"]}}],"collection":[{"href":"https:\/\/ceoparts.com\/fr\/wp-json\/wp\/v2\/product"}],"about":[{"href":"https:\/\/ceoparts.com\/fr\/wp-json\/wp\/v2\/types\/product"}],"wp:featuredmedia":[{"embeddable":true,"href":"https:\/\/ceoparts.com\/fr\/wp-json\/wp\/v2\/media\/16638"}],"wp:attachment":[{"href":"https:\/\/ceoparts.com\/fr\/wp-json\/wp\/v2\/media?parent=16635"}],"wp:term":[{"taxonomy":"product_brand","embeddable":true,"href":"https:\/\/ceoparts.com\/fr\/wp-json\/wp\/v2\/product_brand?post=16635"},{"taxonomy":"product_cat","embeddable":true,"href":"https:\/\/ceoparts.com\/fr\/wp-json\/wp\/v2\/product_cat?post=16635"},{"taxonomy":"product_tag","embeddable":true,"href":"https:\/\/ceoparts.com\/fr\/wp-json\/wp\/v2\/product_tag?post=16635"}],"curies":[{"name":"wp","href":"https:\/\/api.w.org\/{rel}","templated":true}]}}