{"id":16639,"date":"2025-04-11T16:20:21","date_gmt":"2025-04-11T13:20:21","guid":{"rendered":"https:\/\/ceoparts.com\/?post_type=product&#038;p=16639"},"modified":"2026-05-16T16:32:48","modified_gmt":"2026-05-16T13:32:48","slug":"linde-duz-ve-kelepce-yay-0039314001","status":"publish","type":"product","link":"https:\/\/ceoparts.com\/fr\/urun\/linde-duz-ve-kelepce-yay-0039314001\/","title":{"rendered":"Ressort plat et de serrage Linde &#8211; 0039314001"},"content":{"rendered":"<p>Ressort plat et de serrage Linde &#8211; 0039314001<\/p>","protected":false},"excerpt":{"rendered":"<p data-start=\"2160\" data-end=\"2513\">Le <strong data-start=\"2163\" data-end=\"2212\">Ressort droit et \u00e0 collier Linde \u2013 0039314001<\/strong> est un ensemble de ressorts durable et flexible utilis\u00e9 dans les chariots \u00e9l\u00e9vateurs. Ce produit comprend un ressort droit et un ressort \u00e0 collier, am\u00e9liorant la performance m\u00e9canique et la durabilit\u00e9 des chariots Linde. Fabriqu\u00e9 avec des mat\u00e9riaux de haute qualit\u00e9 pour une utilisation longue dur\u00e9e.<\/p>\n<p data-start=\"2515\" data-end=\"2539\"><strong data-start=\"2515\" data-end=\"2537\">Caract\u00e9ristiques :<\/strong><\/p>\n<ul data-start=\"2540\" data-end=\"2680\">\n<li data-start=\"2540\" data-end=\"2569\">\n<p data-start=\"2542\" data-end=\"2569\">Marque compatible : Linde<\/p>\n<\/li>\n<li data-start=\"2570\" data-end=\"2596\">\n<p data-start=\"2572\" data-end=\"2596\">R\u00e9f\u00e9rence : 0039314001<\/p>\n<\/li>\n<li data-start=\"2597\" data-end=\"2644\">\n<p data-start=\"2599\" data-end=\"2644\">Ensemble ressort droit et ressort \u00e0 collier<\/p>\n<\/li>\n<li data-start=\"2645\" data-end=\"2680\">\n<p data-start=\"2647\" data-end=\"2680\">Haute durabilit\u00e9 et flexibilit\u00e9<\/p>\n<\/li>\n<\/ul>\n","protected":false},"featured_media":16640,"template":"","meta":[],"product_brand":[],"product_cat":[246,470,523],"product_tag":[],"class_list":{"0":"post-16639","1":"product","2":"type-product","3":"status-publish","4":"has-post-thumbnail","6":"product_cat-linde","7":"product_cat-diger-yedek-parcalar","8":"product_cat-yedek-parca-linde","10":"first","11":"instock","12":"taxable","13":"shipping-taxable","14":"purchasable","15":"product-type-simple"},"_links":{"self":[{"href":"https:\/\/ceoparts.com\/fr\/wp-json\/wp\/v2\/product\/16639","targetHints":{"allow":["GET"]}}],"collection":[{"href":"https:\/\/ceoparts.com\/fr\/wp-json\/wp\/v2\/product"}],"about":[{"href":"https:\/\/ceoparts.com\/fr\/wp-json\/wp\/v2\/types\/product"}],"wp:featuredmedia":[{"embeddable":true,"href":"https:\/\/ceoparts.com\/fr\/wp-json\/wp\/v2\/media\/16640"}],"wp:attachment":[{"href":"https:\/\/ceoparts.com\/fr\/wp-json\/wp\/v2\/media?parent=16639"}],"wp:term":[{"taxonomy":"product_brand","embeddable":true,"href":"https:\/\/ceoparts.com\/fr\/wp-json\/wp\/v2\/product_brand?post=16639"},{"taxonomy":"product_cat","embeddable":true,"href":"https:\/\/ceoparts.com\/fr\/wp-json\/wp\/v2\/product_cat?post=16639"},{"taxonomy":"product_tag","embeddable":true,"href":"https:\/\/ceoparts.com\/fr\/wp-json\/wp\/v2\/product_tag?post=16639"}],"curies":[{"name":"wp","href":"https:\/\/api.w.org\/{rel}","templated":true}]}}