{"id":16642,"date":"2025-04-11T16:26:54","date_gmt":"2025-04-11T13:26:54","guid":{"rendered":"https:\/\/ceoparts.com\/?post_type=product&#038;p=16642"},"modified":"2026-05-16T17:57:55","modified_gmt":"2026-05-16T14:57:55","slug":"linde-1100n-amortisor-0009655566","status":"publish","type":"product","link":"https:\/\/ceoparts.com\/fr\/urun\/linde-1100n-amortisor-0009655566\/","title":{"rendered":"Amortisseur Linde 1100N &#8211; 0009655566"},"content":{"rendered":"<p>Amortisseur Linde 1100N &#8211; 0009655566<\/p>","protected":false},"excerpt":{"rendered":"<p data-start=\"1984\" data-end=\"2288\">L\u2019<strong data-start=\"1986\" data-end=\"2013\">Amortisseur Linde 1100N<\/strong> est un composant de haute qualit\u00e9 con\u00e7u pour r\u00e9duire les vibrations et am\u00e9liorer le confort de conduite des chariots \u00e9l\u00e9vateurs et gerbeurs Linde. Avec une capacit\u00e9 de 1100 Newtons, il est durable et am\u00e9liore la performance de la machine ainsi que le confort de l\u2019op\u00e9rateur.<\/p>\n<p data-start=\"2290\" data-end=\"2314\"><strong data-start=\"2290\" data-end=\"2312\">Caract\u00e9ristiques :<\/strong><\/p>\n<ul data-start=\"2315\" data-end=\"2449\">\n<li data-start=\"2315\" data-end=\"2367\">\n<p data-start=\"2317\" data-end=\"2367\">Mod\u00e8les compatibles : chariots et gerbeurs Linde<\/p>\n<\/li>\n<li data-start=\"2368\" data-end=\"2394\">\n<p data-start=\"2370\" data-end=\"2394\">R\u00e9f\u00e9rence : 0009655566<\/p>\n<\/li>\n<li data-start=\"2395\" data-end=\"2415\">\n<p data-start=\"2397\" data-end=\"2415\">Capacit\u00e9 : 1100N<\/p>\n<\/li>\n<li data-start=\"2416\" data-end=\"2449\">\n<p data-start=\"2418\" data-end=\"2449\">Mat\u00e9riau durable et r\u00e9sistant<\/p>\n<\/li>\n<\/ul>\n","protected":false},"featured_media":16646,"template":"","meta":[],"product_brand":[],"product_cat":[246,497,523],"product_tag":[],"class_list":{"0":"post-16642","1":"product","2":"type-product","3":"status-publish","4":"has-post-thumbnail","6":"product_cat-linde","7":"product_cat-amortisor-grubu","8":"product_cat-yedek-parca-linde","10":"first","11":"instock","12":"taxable","13":"shipping-taxable","14":"purchasable","15":"product-type-simple"},"_links":{"self":[{"href":"https:\/\/ceoparts.com\/fr\/wp-json\/wp\/v2\/product\/16642","targetHints":{"allow":["GET"]}}],"collection":[{"href":"https:\/\/ceoparts.com\/fr\/wp-json\/wp\/v2\/product"}],"about":[{"href":"https:\/\/ceoparts.com\/fr\/wp-json\/wp\/v2\/types\/product"}],"wp:featuredmedia":[{"embeddable":true,"href":"https:\/\/ceoparts.com\/fr\/wp-json\/wp\/v2\/media\/16646"}],"wp:attachment":[{"href":"https:\/\/ceoparts.com\/fr\/wp-json\/wp\/v2\/media?parent=16642"}],"wp:term":[{"taxonomy":"product_brand","embeddable":true,"href":"https:\/\/ceoparts.com\/fr\/wp-json\/wp\/v2\/product_brand?post=16642"},{"taxonomy":"product_cat","embeddable":true,"href":"https:\/\/ceoparts.com\/fr\/wp-json\/wp\/v2\/product_cat?post=16642"},{"taxonomy":"product_tag","embeddable":true,"href":"https:\/\/ceoparts.com\/fr\/wp-json\/wp\/v2\/product_tag?post=16642"}],"curies":[{"name":"wp","href":"https:\/\/api.w.org\/{rel}","templated":true}]}}