{"id":16647,"date":"2025-04-11T16:33:38","date_gmt":"2025-04-11T13:33:38","guid":{"rendered":"https:\/\/ceoparts.com\/?post_type=product&#038;p=16647"},"modified":"2026-05-16T21:16:02","modified_gmt":"2026-05-16T18:16:02","slug":"bt-lwe160-dis-kapak","status":"publish","type":"product","link":"https:\/\/ceoparts.com\/fr\/urun\/bt-lwe160-dis-kapak\/","title":{"rendered":"BT LWE160 Couvercle ext\u00e9rieur"},"content":{"rendered":"<p>BT LWE160 Couvercle ext\u00e9rieur<\/p>","protected":false},"excerpt":{"rendered":"<p data-start=\"1744\" data-end=\"2038\">Le <strong data-start=\"1747\" data-end=\"1780\">Couvercle ext\u00e9rieur BT LWE160<\/strong> est une pi\u00e8ce durable et de haute qualit\u00e9 con\u00e7ue pour prot\u00e9ger les m\u00e9canismes externes des chariots \u00e9l\u00e9vateurs. Fabriqu\u00e9 avec des mat\u00e9riaux durables, il am\u00e9liore la performance et la s\u00e9curit\u00e9 de votre machine. Con\u00e7u sp\u00e9cialement pour les chariots BT LWE160.<\/p>\n<p data-start=\"2040\" data-end=\"2064\"><strong data-start=\"2040\" data-end=\"2062\">Caract\u00e9ristiques :<\/strong><\/p>\n<ul data-start=\"2065\" data-end=\"2171\">\n<li data-start=\"2065\" data-end=\"2106\">\n<p data-start=\"2067\" data-end=\"2106\">Mod\u00e8le compatible : chariot BT LWE160<\/p>\n<\/li>\n<li data-start=\"2107\" data-end=\"2147\">\n<p data-start=\"2109\" data-end=\"2147\">Mat\u00e9riau durable et de haute qualit\u00e9<\/p>\n<\/li>\n<li data-start=\"2148\" data-end=\"2171\">\n<p data-start=\"2150\" data-end=\"2171\">Installation facile<\/p>\n<\/li>\n<\/ul>\n","protected":false},"featured_media":16648,"template":"","meta":[],"product_brand":[],"product_cat":[251,472,518],"product_tag":[],"class_list":{"0":"post-16647","1":"product","2":"type-product","3":"status-publish","4":"has-post-thumbnail","6":"product_cat-bt","7":"product_cat-kaporta-aksami","8":"product_cat-yedek-parca-bt","10":"first","11":"instock","12":"taxable","13":"shipping-taxable","14":"purchasable","15":"product-type-simple"},"_links":{"self":[{"href":"https:\/\/ceoparts.com\/fr\/wp-json\/wp\/v2\/product\/16647","targetHints":{"allow":["GET"]}}],"collection":[{"href":"https:\/\/ceoparts.com\/fr\/wp-json\/wp\/v2\/product"}],"about":[{"href":"https:\/\/ceoparts.com\/fr\/wp-json\/wp\/v2\/types\/product"}],"wp:featuredmedia":[{"embeddable":true,"href":"https:\/\/ceoparts.com\/fr\/wp-json\/wp\/v2\/media\/16648"}],"wp:attachment":[{"href":"https:\/\/ceoparts.com\/fr\/wp-json\/wp\/v2\/media?parent=16647"}],"wp:term":[{"taxonomy":"product_brand","embeddable":true,"href":"https:\/\/ceoparts.com\/fr\/wp-json\/wp\/v2\/product_brand?post=16647"},{"taxonomy":"product_cat","embeddable":true,"href":"https:\/\/ceoparts.com\/fr\/wp-json\/wp\/v2\/product_cat?post=16647"},{"taxonomy":"product_tag","embeddable":true,"href":"https:\/\/ceoparts.com\/fr\/wp-json\/wp\/v2\/product_tag?post=16647"}],"curies":[{"name":"wp","href":"https:\/\/api.w.org\/{rel}","templated":true}]}}