{"id":16674,"date":"2025-04-11T17:12:38","date_gmt":"2025-04-11T14:12:38","guid":{"rendered":"https:\/\/ceoparts.com\/?post_type=product&#038;p=16674"},"modified":"2026-05-16T14:27:37","modified_gmt":"2026-05-16T11:27:37","slug":"linde-kafa-karti-3095404009","status":"publish","type":"product","link":"https:\/\/ceoparts.com\/fr\/urun\/linde-kafa-karti-3095404009\/","title":{"rendered":"Carte t\u00eate Linde &#8211; 3095404009"},"content":{"rendered":"<p>Carte t\u00eate Linde &#8211; 3095404009<\/p>\n<table border=\"0\" width=\"255\" cellspacing=\"0\" cellpadding=\"0\">\n<tbody>\n<tr>\n<td align=\"right\" width=\"64\" height=\"19\"><span style=\"font-family: Calibri;\">1170<\/span><\/td>\n<td width=\"191\"><span style=\"font-family: Calibri;\">L06\/10\/12\/16AC<\/span><\/td>\n<\/tr>\n<tr>\n<td align=\"right\" height=\"19\"><span style=\"font-family: Calibri;\">131<\/span><\/td>\n<td><span style=\"font-family: Calibri;\">L14\/16AS<\/span><\/td>\n<\/tr>\n<tr>\n<td align=\"right\" height=\"19\"><span style=\"font-family: Calibri;\">131<\/span><\/td>\n<td><span style=\"font-family: Calibri;\">L14\/16AS<\/span><\/td>\n<\/tr>\n<tr>\n<td align=\"right\" height=\"19\"><span style=\"font-family: Calibri;\">133<\/span><\/td>\n<td><span style=\"font-family: Calibri;\">L12\/L14-L12L\/L14L-L12LHP<\/span><\/td>\n<\/tr>\n<tr>\n<td align=\"right\" height=\"19\"><span style=\"font-family: Calibri;\">372<\/span><\/td>\n<td><span style=\"font-family: Calibri;\">L14\/16\/L14AP\/16AP<\/span><\/td>\n<\/tr>\n<tr>\n<td align=\"right\" height=\"19\"><span style=\"font-family: Calibri;\">372<\/span><\/td>\n<td><span style=\"font-family: Calibri;\">L14\/16\/L14AP\/16AP<\/span><\/td>\n<\/tr>\n<tr>\n<td align=\"right\" height=\"19\"><span style=\"font-family: Calibri;\">372<\/span><\/td>\n<td><span style=\"font-family: Calibri;\">L14\/16\/L14AP\/16AP<\/span><\/td>\n<\/tr>\n<tr>\n<td align=\"right\" height=\"19\"><span style=\"font-family: Calibri;\">372<\/span><\/td>\n<td><span style=\"font-family: Calibri;\">L14\/16\/L14AP\/16AP<\/span><\/td>\n<\/tr>\n<tr>\n<td align=\"right\" height=\"19\"><span style=\"font-family: Calibri;\">379<\/span><\/td>\n<td><span style=\"font-family: Calibri;\">L10\/12-L10\/12AS<\/span><\/td>\n<\/tr>\n<\/tbody>\n<\/table>","protected":false},"excerpt":{"rendered":"<p data-start=\"1785\" data-end=\"1992\">La <strong data-start=\"1788\" data-end=\"1826\">Carte de Commande Principale Linde<\/strong> est le module \u00e9lectronique central pour chariots \u00e9l\u00e9vateurs et gerbeurs Linde. Elle assure la gestion de toutes les commandes et le bon fonctionnement de la machine.<\/p>\n<p data-start=\"1994\" data-end=\"2018\"><strong data-start=\"1994\" data-end=\"2016\">Caract\u00e9ristiques :<\/strong><\/p>\n<ul data-start=\"2019\" data-end=\"2175\">\n<li data-start=\"2019\" data-end=\"2071\">\n<p data-start=\"2021\" data-end=\"2071\">Mod\u00e8les compatibles : chariots et gerbeurs Linde<\/p>\n<\/li>\n<li data-start=\"2072\" data-end=\"2098\">\n<p data-start=\"2074\" data-end=\"2098\">R\u00e9f\u00e9rence : 3095404009<\/p>\n<\/li>\n<li data-start=\"2099\" data-end=\"2143\">\n<p data-start=\"2101\" data-end=\"2143\">Transmission de donn\u00e9es rapide et stable<\/p>\n<\/li>\n<li data-start=\"2144\" data-end=\"2175\">\n<p data-start=\"2146\" data-end=\"2175\">Structure robuste et fiable<\/p>\n<\/li>\n<\/ul>\n","protected":false},"featured_media":16675,"template":"","meta":[],"product_brand":[],"product_cat":[431,523,246],"product_tag":[],"class_list":{"0":"post-16674","1":"product","2":"type-product","3":"status-publish","4":"has-post-thumbnail","6":"product_cat-ekranlar-ve-kartlar","7":"product_cat-yedek-parca-linde","8":"product_cat-linde","10":"first","11":"instock","12":"taxable","13":"shipping-taxable","14":"purchasable","15":"product-type-simple"},"_links":{"self":[{"href":"https:\/\/ceoparts.com\/fr\/wp-json\/wp\/v2\/product\/16674","targetHints":{"allow":["GET"]}}],"collection":[{"href":"https:\/\/ceoparts.com\/fr\/wp-json\/wp\/v2\/product"}],"about":[{"href":"https:\/\/ceoparts.com\/fr\/wp-json\/wp\/v2\/types\/product"}],"wp:featuredmedia":[{"embeddable":true,"href":"https:\/\/ceoparts.com\/fr\/wp-json\/wp\/v2\/media\/16675"}],"wp:attachment":[{"href":"https:\/\/ceoparts.com\/fr\/wp-json\/wp\/v2\/media?parent=16674"}],"wp:term":[{"taxonomy":"product_brand","embeddable":true,"href":"https:\/\/ceoparts.com\/fr\/wp-json\/wp\/v2\/product_brand?post=16674"},{"taxonomy":"product_cat","embeddable":true,"href":"https:\/\/ceoparts.com\/fr\/wp-json\/wp\/v2\/product_cat?post=16674"},{"taxonomy":"product_tag","embeddable":true,"href":"https:\/\/ceoparts.com\/fr\/wp-json\/wp\/v2\/product_tag?post=16674"}],"curies":[{"name":"wp","href":"https:\/\/api.w.org\/{rel}","templated":true}]}}