{"id":16680,"date":"2025-04-11T17:25:43","date_gmt":"2025-04-11T14:25:43","guid":{"rendered":"https:\/\/ceoparts.com\/?post_type=product&#038;p=16680"},"modified":"2026-05-16T18:57:45","modified_gmt":"2026-05-16T15:57:45","slug":"crown-kumanda-kol-potansi-813533-813534","status":"publish","type":"product","link":"https:\/\/ceoparts.com\/fr\/urun\/crown-kumanda-kol-potansi-813533-813534\/","title":{"rendered":"Potentiom\u00e8tre de levier de commande Crown &#8211; 813533, 813534"},"content":{"rendered":"<p>Potentiom\u00e8tre de levier de commande Crown &#8211; 813533, 813534<\/p>","protected":false},"excerpt":{"rendered":"<p data-start=\"1877\" data-end=\"2125\">Le <strong data-start=\"1880\" data-end=\"1925\">Potentiom\u00e8tre de Manche de Commande Crown<\/strong> est utilis\u00e9 sur les chariots \u00e9l\u00e9vateurs et gerbeurs Crown pour contr\u00f4ler la vitesse et la direction. Il garantit une performance fiable et durable dans les environnements de logistique et d&#8217;entrep\u00f4t.<\/p>\n<p data-start=\"2127\" data-end=\"2151\"><strong data-start=\"2127\" data-end=\"2149\">Caract\u00e9ristiques :<\/strong><\/p>\n<ul data-start=\"2152\" data-end=\"2312\">\n<li data-start=\"2152\" data-end=\"2192\">\n<p data-start=\"2154\" data-end=\"2192\">Mod\u00e8les compatibles : chariots Crown<\/p>\n<\/li>\n<li data-start=\"2193\" data-end=\"2224\">\n<p data-start=\"2195\" data-end=\"2224\">R\u00e9f\u00e9rences : 813533, 813534<\/p>\n<\/li>\n<li data-start=\"2225\" data-end=\"2267\">\n<p data-start=\"2227\" data-end=\"2267\">Haute pr\u00e9cision et longue dur\u00e9e de vie<\/p>\n<\/li>\n<li data-start=\"2268\" data-end=\"2312\">\n<p data-start=\"2270\" data-end=\"2312\">Installation facile et structure robuste<\/p>\n<\/li>\n<\/ul>\n","protected":false},"featured_media":16684,"template":"","meta":[],"product_brand":[],"product_cat":[272,470,519],"product_tag":[],"class_list":{"0":"post-16680","1":"product","2":"type-product","3":"status-publish","4":"has-post-thumbnail","6":"product_cat-crown","7":"product_cat-diger-yedek-parcalar","8":"product_cat-yedek-parca-crown","10":"first","11":"instock","12":"taxable","13":"shipping-taxable","14":"purchasable","15":"product-type-simple"},"_links":{"self":[{"href":"https:\/\/ceoparts.com\/fr\/wp-json\/wp\/v2\/product\/16680","targetHints":{"allow":["GET"]}}],"collection":[{"href":"https:\/\/ceoparts.com\/fr\/wp-json\/wp\/v2\/product"}],"about":[{"href":"https:\/\/ceoparts.com\/fr\/wp-json\/wp\/v2\/types\/product"}],"wp:featuredmedia":[{"embeddable":true,"href":"https:\/\/ceoparts.com\/fr\/wp-json\/wp\/v2\/media\/16684"}],"wp:attachment":[{"href":"https:\/\/ceoparts.com\/fr\/wp-json\/wp\/v2\/media?parent=16680"}],"wp:term":[{"taxonomy":"product_brand","embeddable":true,"href":"https:\/\/ceoparts.com\/fr\/wp-json\/wp\/v2\/product_brand?post=16680"},{"taxonomy":"product_cat","embeddable":true,"href":"https:\/\/ceoparts.com\/fr\/wp-json\/wp\/v2\/product_cat?post=16680"},{"taxonomy":"product_tag","embeddable":true,"href":"https:\/\/ceoparts.com\/fr\/wp-json\/wp\/v2\/product_tag?post=16680"}],"curies":[{"name":"wp","href":"https:\/\/api.w.org\/{rel}","templated":true}]}}