{"id":16694,"date":"2025-04-12T11:13:51","date_gmt":"2025-04-12T08:13:51","guid":{"rendered":"https:\/\/ceoparts.com\/?post_type=product&#038;p=16694"},"modified":"2026-05-03T04:07:25","modified_gmt":"2026-05-03T01:07:25","slug":"85x85-90-12-wicke-yuk-tekeri-50307456-8427733-0039903513-2","status":"publish","type":"product","link":"https:\/\/ceoparts.com\/fr\/urun\/85x85-90-12-wicke-yuk-tekeri-50307456-8427733-0039903513-2\/","title":{"rendered":"85\u00d785\/90-12 Roue de charge Wicke \u2013 50307456, 8427733, 0039903513, 0039903579"},"content":{"rendered":"<p>85\u00d785\/90-12 Roue de charge Wicke \u2013 50307456, 8427733, 0039903513, 0039903579<\/p>\n<p>132 N20\/N24\/N20L\/N20LI<br \/>\n133 L12\/L14-L12L\/L14L-L12LHP<br \/>\n141 L12L\/L12LP<br \/>\n149 N20\/N25\/N20L\/LI\/LX<br \/>\n149 N20V-N20VI<br \/>\n360 T16\/T18\/T20\/T16L<br \/>\n372 L14\/16<br \/>\n372 L14\/16\/L14AP\/16AP<br \/>\n379 L10\/12-L10\/12AS<br \/>\n1110 V08-01\/V08-02<br \/>\n1152 T16\/T18\/T20\/T16L<br \/>\n1172 L10\/L12\/L12i<\/p>\n<p>JUNGHEINRICH 51062996, 50307456,51306004 51220203, 71310000<br \/>\n85&#215;90-12<\/p>\n<p>EJC 214 \/ 216 4.11 &#8211;<br \/>\nEJC 110\/112\/212 8.11 &#8211; 9.19<br \/>\nEJC 214 \/ 216 (US) 12.11 &#8211;<br \/>\nEJC 220 9.12 &#8211;<br \/>\nEJC 220 (US) 5.16 &#8211;<br \/>\nEJC 220 \/212 \/ 214 \/ 216\/-z\/-b 6.19 &#8211;<br \/>\nEJC 212 \/ 214 \/ 216 -z\/-b (US) 6.19 &#8211;<br \/>\nESC 214\/216Z 11.22 &#8211;<br \/>\nESC 316\/316Z 11.22 &#8211;<br \/>\nESE 20 3.99 &#8211; 3.04<br \/>\nERE 20 fixed drive system 1.01 &#8211; 10.03<br \/>\nERE 20 SAFEWAY 2.01 &#8211; 8.03<br \/>\nECE 20 AC 7.01 &#8211; 3.04<br \/>\nWO 20 (MIC) AC 7.01 &#8211; 6.03<br \/>\nECE 20 AC XL 6.02 &#8211; 3.04<br \/>\nEKE 20b 9.02 &#8211; 12.04<br \/>\nECE 20 HP AC 12.02 &#8211; 3.04<br \/>\nECC SH 20AC 11.02 &#8211; 3.04<br \/>\nWN 20 S (MIC) 12.02 &#8211; 10.03<br \/>\nERE 220 10.03 &#8211; 9.05<br \/>\nERD 16-20 3.03 &#8211; 10.03<br \/>\nWN 20 S 10.03 &#8211; 9.05<br \/>\nEKE 20s 8.03 &#8211; 12.04<br \/>\nERD 220 10.03 &#8211; 2.11<br \/>\nECE 220 XL 4.04 &#8211; 3.08<br \/>\nECE 220-ac 4.04 &#8211; 4.07<br \/>\nESE 20 4.04 &#8211; 12.04<br \/>\nESE 420\/430 5.05 &#8211; 7.09<br \/>\nESE 220 1.05 &#8211; 1.10<br \/>\nESE 320 1.05 &#8211; 1.10<br \/>\nESE 120 1.05 &#8211;<br \/>\nECE 220 HP AC 4.04 &#8211; 11.07<br \/>\nECE 320 4.04 &#8211; 12.07<br \/>\nWN 24 sC 10.05 &#8211; 4.08<br \/>\nERE K20 6.05 &#8211; 12.12<br \/>\nERE 224 10.05 &#8211; 9.07<br \/>\nEJE 30 6.05 &#8211; 4.08<br \/>\nEJC 212 -216 1.06 &#8211; 10.07<br \/>\nEJC 220 8.06 &#8211; 8.12<br \/>\nECE 220\/225 12.06 &#8211; 7.09<br \/>\nERE 225 9.07 &#8211;<br \/>\nESC 316\/316Z 11.07 &#8211;<br \/>\nECE 225HP 12.07 &#8211; 10.11<br \/>\nECE 225 XL 12.07 &#8211; 12.08<br \/>\nEJC 212 \/ 214 \/216 6.08 &#8211; 8.12<br \/>\nEJE 235 5.08 &#8211;<br \/>\nERE 225 KP 7.08 &#8211;<br \/>\nECE220\/225 8.09 &#8211; 7.11<br \/>\nECE 225 XL 1.09 &#8211; 7.11<br \/>\nERC 212 \/ 214 \/216 4.09 &#8211;<br \/>\nESC 214\/216Z 8.09 &#8211;<br \/>\nESE 220\/320 2.10 &#8211;<br \/>\nECE 118 4.10 &#8211; 2.13<br \/>\nESD 220 10.10 &#8211;<br \/>\nECE 220\/225 8.11 &#8211;<br \/>\nECE 225 XL 8.11 &#8211;<br \/>\nERE 120 5.12 &#8211;<br \/>\nECE 310 1.11 &#8211;<br \/>\nECE 225 HP 11.11 &#8211;<br \/>\nEJC 110\/112\/212 8.11 &#8211; 9.19<br \/>\nERC215a 11.12 &#8211;<br \/>\nEJC 220 9.12 &#8211;<br \/>\nECD 220 11.12 &#8211;<br \/>\nERE225a 7.13 &#8211;<br \/>\nECE 118 4.13 &#8211;<br \/>\nESC 316 5.13 &#8211;<br \/>\nECE 220\/225\/227 5.15 &#8211;<br \/>\nERC 214 \/ 216 (US) 8.14 &#8211;<br \/>\nECE 225 HP \/HP-LJ 5.15 &#8211;<br \/>\nECE 220\/225\/227 (US) 5.15 &#8211;<br \/>\nECE 225 HP \/ HP-LJ(US) 5.15 &#8211;<br \/>\nECE 310\/320 8.15 &#8211;<br \/>\nECE 310\/320 (US) 8.15 &#8211;<br \/>\nECE 310\/320\u00a0 HP\/HP-LJ 8.15 &#8211;<br \/>\nECE 310\/320 HP\/HP-LJ (US) 8.15 &#8211;<br \/>\nERC 220 1.16 &#8211;<br \/>\nERE 120 \/ 125 \/ 225 10.16 &#8211;<br \/>\nERE 120 \/ 125\/ 225 (US) 10.16 &#8211;<br \/>\nECD 320 8.16 &#8211;<br \/>\nEJE 114 \/ 116 \/ 118 \/ 120 3.18 &#8211;<br \/>\nEJE 120 US 3.18 &#8211;<br \/>\nPW23P 3.18 &#8211;<br \/>\n2WP4500 3.18 &#8211;<br \/>\nEJE 222\/225 8.18 &#8211;<br \/>\nEJE 225 (USA) 8.18 &#8211;<br \/>\nPW30P 8.18 &#8211;<br \/>\n2WP6000 8.18 &#8211;<br \/>\nESE 120 12.17 &#8211;<br \/>\nERC\/ERC-B 212 \/ 214 \/ 216 12.18 &#8211;<br \/>\nERC\/ERC-B 212 \/ 214 \/ 216 US 12.18 &#8211; 1.22<br \/>\nEJC 220 \/212 \/ 214 \/ 216\/-z\/-b 6.19 &#8211;<br \/>\nERC 213a 5.19 &#8211;<br \/>\nERC 214i\/216i 2.20 &#8211;<br \/>\nEJE 230-235 2.20 &#8211;<br \/>\nERC 214bi\/216bi US 2.20 &#8211;<br \/>\nERE 225a 12.20 &#8211;<br \/>\nESE 220\/320 (US) 2.10 &#8211;<br \/>\nESE 120 (US) 12.17 &#8211;<br \/>\nERE 225i 10.21 &#8211;<br \/>\nERE 225i (US) 10.21 &#8211;<br \/>\nESE 220\/320 11.22 &#8211;<br \/>\nESE 220\/320 (US) 11.22 &#8211;<br \/>\nESC 214\/216Z 11.22 &#8211;<br \/>\nESC 316\/316Z 11.22 &#8211;<br \/>\nESD 220 11.22 &#8211;<br \/>\nESE 430 (2023) 5.23 &#8211;<br \/>\nERE 20 narrow 10.95 &#8211; 12.98<br \/>\nEJE\/-R 20-25 1.97 &#8211; 8.03<br \/>\nEJC 10\/12 10.97 &#8211; 12.08<br \/>\nERE 20 7.97 &#8211; 9.98<br \/>\nEKE 20 24V 8.97 &#8211; 5.03<br \/>\nECE 20 9.97 &#8211; 3.98<br \/>\nECE 20 lifting operator platform 9.97 &#8211; 12.02<br \/>\nECE 20 Serie\/Tesco -03.2000 4.98 &#8211; 2.00<br \/>\nEJC 14\/16 6.98 &#8211; 2.06<br \/>\nERE 20 11.98 &#8211; 1.01<br \/>\nWP 10\/12 C (MIC) 12.98 &#8211; 10.02<br \/>\nWP 10\/12 C (STB) 12.98 &#8211; 10.02<br \/>\nWP 10\/12 C (BOSS) 12.98 &#8211; 10.02<br \/>\nWP 14\/16 (MIC) 12.98 &#8211; 8.02<br \/>\nWP 14\/16 (STB) 12.98 &#8211; 7.02<br \/>\nWP 14\/16 (BOSS) 12.98 &#8211; 8.02<br \/>\nMWH 14\/16 (KOM) 12.98 &#8211; 8.02<br \/>\nWQ 20 (MIC) 4.99 &#8211; 5.01<br \/>\nESD 20 11.99 &#8211; 7.03<br \/>\nECC 10 4.98 &#8211; 4.98<br \/>\nECE 20 &#8211; TC 7.99 &#8211; 3.03<br \/>\nWN 20 S (MIC) 2.01 &#8211; 11.02<br \/>\nWN 20S (STB) 2.01 &#8211; 11.02<br \/>\nWN 20 S (BOSS) 2.01 &#8211; 11.02<br \/>\nWO 20 (MIC) lifting op. platf. 2.01 &#8211; 6.02<br \/>\nWO 20 (STB) lifting op. platf. 2.01 &#8211; 6.02<br \/>\nWO 20 (BOSS) lifting op. platf. 2.01 &#8211; 6.02<br \/>\nWO 20 (MIC) fixedop. platf. 2.01 &#8211; 4.02<br \/>\nWO 20 (STB) fixed op. platf. 2.01 &#8211; 4.02<br \/>\nWO 20 (BOSS) fixed op. platf. 2.01 &#8211; 4.02<br \/>\nERC 12-16 4.01 &#8211; 3.04<br \/>\nECE 20 Tesco 3.00 &#8211; 9.02<br \/>\nECE 20 ASDA\/SAFEWAY 3.00 &#8211; 9.02<br \/>\nWP12\/14\/16 S (MIC) 4.01 &#8211; 4.08<br \/>\nWP12\/14\/16 S (STB) 4.01 &#8211; 12.01<br \/>\nWP12\/14\/16 S (BOSS) 4.01 &#8211; 12.01<br \/>\nEJE 30 1.98 &#8211; 5.05<br \/>\nWP 10\/12 C (MIC) 8.02 &#8211;<br \/>\nWP 14\/16 (MIC) 8.02 &#8211; 4.08<br \/>\nEJC 12 C 7.03 &#8211; 11.05<br \/>\nWP 12 C 7.03 &#8211; 11.05<br \/>\nECE 116 4.04 &#8211; 7.06<br \/>\nEJE 220\/222\/225\/ 220r\/222r 9.03 &#8211; 11.07<br \/>\nERC 212\/214\/216 4.04 &#8211; 4.11<br \/>\nWN 20-25 C\/WN20-22rC 9.03 &#8211; 10.07<br \/>\nESC 2 1.05 &#8211; 7.09<br \/>\nWP 12-16 1.06 &#8211; 4.08<br \/>\nEJE 220r\/222r 5.06 &#8211;<br \/>\nWN 116\/118\/120 4.07 &#8211; 4.08<br \/>\nEJE 116\/118\/120 4.07 &#8211; 6.18<br \/>\nEJE 116\/118\/120 (USA) 9.07 &#8211;<br \/>\nWN 20C\/25C 5.07 &#8211;<br \/>\nEJE 220\/225 5.07 &#8211;<br \/>\nEJC 110\/112 9.07 &#8211; 8.12<br \/>\nEJE 116\/120 (Qingpu) 10.07 &#8211; 8.09<br \/>\nEJC 110\/112 (Qingpu) 7.08 &#8211; 9.09<br \/>\nEJE116n\/120n 9.09 &#8211; 1.18<br \/>\nEJC 110n\/112n 10.09 &#8211; 1.18<br \/>\nEJE 112i 11.11 &#8211; 6.14<br \/>\nEJE 220r\/225r 5.15 &#8211;<br \/>\nEJE 230 4.13 &#8211;<br \/>\nEJE 112I \/ 114I 8.14 &#8211;<br \/>\nEJC 110\/112\/212 9.19 &#8211;<br \/>\nEJE 114-120 fvz 8.19 &#8211;<br \/>\nEJE 222R\/225R 3.20 &#8211;<\/p>","protected":false},"excerpt":{"rendered":"<p data-start=\"2238\" data-end=\"2573\">La <strong data-start=\"2241\" data-end=\"2277\">Roue de Charge Wicke 85\u00d785\/90-12<\/strong> est une roue durable et robuste pour chariots \u00e9l\u00e9vateurs et gerbeurs, id\u00e9ale pour la manutention de charges lourdes. Gr\u00e2ce \u00e0 son rev\u00eatement en polyur\u00e9thane, elle offre une excellente r\u00e9sistance \u00e0 l\u2019usure et un fonctionnement silencieux. Parfaite pour les entrep\u00f4ts, la logistique et l\u2019industrie.<\/p>\n<p data-start=\"2575\" data-end=\"2599\"><strong data-start=\"2575\" data-end=\"2597\">Caract\u00e9ristiques :<\/strong><\/p>\n<ul data-start=\"2600\" data-end=\"2787\">\n<li data-start=\"2600\" data-end=\"2631\">\n<p data-start=\"2602\" data-end=\"2631\">Dimensions : 85\u00d785\/90-12 mm<\/p>\n<\/li>\n<li data-start=\"2632\" data-end=\"2678\">\n<p data-start=\"2634\" data-end=\"2678\">R\u00e9f\u00e9rences : 50307456, 8427733, 0039903513<\/p>\n<\/li>\n<li data-start=\"2679\" data-end=\"2717\">\n<p data-start=\"2681\" data-end=\"2717\">Rev\u00eatement en polyur\u00e9thane durable<\/p>\n<\/li>\n<li data-start=\"2718\" data-end=\"2747\">\n<p data-start=\"2720\" data-end=\"2747\">Grande capacit\u00e9 de charge<\/p>\n<\/li>\n<li data-start=\"2748\" data-end=\"2787\">\n<p data-start=\"2750\" data-end=\"2787\">Fonctionnement silencieux et fluide<\/p>\n<\/li>\n<\/ul>\n","protected":false},"featured_media":16696,"template":"","meta":[],"product_brand":[],"product_cat":[238,400,402,236],"product_tag":[],"class_list":{"0":"post-16694","1":"product","2":"type-product","3":"status-publish","4":"has-post-thumbnail","6":"product_cat-catal-tekeri-jungheinrich","7":"product_cat-catal-tekeri","8":"product_cat-catal-tekeri-wicke","9":"product_cat-jungheinrich","11":"first","12":"instock","13":"taxable","14":"shipping-taxable","15":"purchasable","16":"product-type-simple"},"_links":{"self":[{"href":"https:\/\/ceoparts.com\/fr\/wp-json\/wp\/v2\/product\/16694","targetHints":{"allow":["GET"]}}],"collection":[{"href":"https:\/\/ceoparts.com\/fr\/wp-json\/wp\/v2\/product"}],"about":[{"href":"https:\/\/ceoparts.com\/fr\/wp-json\/wp\/v2\/types\/product"}],"wp:featuredmedia":[{"embeddable":true,"href":"https:\/\/ceoparts.com\/fr\/wp-json\/wp\/v2\/media\/16696"}],"wp:attachment":[{"href":"https:\/\/ceoparts.com\/fr\/wp-json\/wp\/v2\/media?parent=16694"}],"wp:term":[{"taxonomy":"product_brand","embeddable":true,"href":"https:\/\/ceoparts.com\/fr\/wp-json\/wp\/v2\/product_brand?post=16694"},{"taxonomy":"product_cat","embeddable":true,"href":"https:\/\/ceoparts.com\/fr\/wp-json\/wp\/v2\/product_cat?post=16694"},{"taxonomy":"product_tag","embeddable":true,"href":"https:\/\/ceoparts.com\/fr\/wp-json\/wp\/v2\/product_tag?post=16694"}],"curies":[{"name":"wp","href":"https:\/\/api.w.org\/{rel}","templated":true}]}}