{"id":16702,"date":"2025-04-12T11:30:21","date_gmt":"2025-04-12T08:30:21","guid":{"rendered":"https:\/\/ceoparts.com\/?post_type=product&#038;p=16702"},"modified":"2026-05-16T14:00:29","modified_gmt":"2026-05-16T11:00:29","slug":"85x110-115-17-wicke-yuk-tekeri-4081700-4081636-2","status":"publish","type":"product","link":"https:\/\/ceoparts.com\/fr\/urun\/85x110-115-17-wicke-yuk-tekeri-4081700-4081636-2\/","title":{"rendered":"85\u00d7110\/115-17 Roue de charge Wicke \u2013 4081700, 4081636"},"content":{"rendered":"<p>85\u00d7110\/115-17 Roue de charge Wicke \u2013 4081700, 4081636<\/p>","protected":false},"excerpt":{"rendered":"<p data-start=\"2309\" data-end=\"2659\">La <strong data-start=\"2312\" data-end=\"2350\">Roue de Charge Wicke 85\u00d7110\/115-17<\/strong> est con\u00e7ue pour les chariots \u00e9l\u00e9vateurs et transpalettes. Gr\u00e2ce \u00e0 son rev\u00eatement en polyur\u00e9thane r\u00e9sistant et sa structure robuste, elle offre une excellente r\u00e9sistance \u00e0 l\u2019usure. Parfaite pour les entrep\u00f4ts et les op\u00e9rations logistiques gr\u00e2ce \u00e0 son fonctionnement silencieux et sa grande capacit\u00e9 de charge.<\/p>\n<p data-start=\"2661\" data-end=\"2685\"><strong data-start=\"2661\" data-end=\"2683\">Caract\u00e9ristiques :<\/strong><\/p>\n<ul data-start=\"2686\" data-end=\"2876\">\n<li data-start=\"2686\" data-end=\"2719\">\n<p data-start=\"2688\" data-end=\"2719\">Dimensions : 85\u00d7110\/115-17 mm<\/p>\n<\/li>\n<li data-start=\"2720\" data-end=\"2752\">\n<p data-start=\"2722\" data-end=\"2752\">R\u00e9f\u00e9rence : 4081700, 4081636<\/p>\n<\/li>\n<li data-start=\"2753\" data-end=\"2783\">\n<p data-start=\"2755\" data-end=\"2783\">Rev\u00eatement en polyur\u00e9thane<\/p>\n<\/li>\n<li data-start=\"2784\" data-end=\"2814\">\n<p data-start=\"2786\" data-end=\"2814\">Haute r\u00e9sistance \u00e0 l\u2019usure<\/p>\n<\/li>\n<li data-start=\"2815\" data-end=\"2854\">\n<p data-start=\"2817\" data-end=\"2854\">Fonctionnement silencieux et stable<\/p>\n<\/li>\n<li data-start=\"2855\" data-end=\"2876\">\n<p data-start=\"2857\" data-end=\"2876\">Structure durable<\/p>\n<\/li>\n<\/ul>\n<p>Hyster 4081700 P 1,6 A418<\/p>\n<p>Yale 582032968 MP16<\/p>\n","protected":false},"featured_media":16705,"template":"","meta":[],"product_brand":[],"product_cat":[256,259,400,402],"product_tag":[],"class_list":{"0":"post-16702","1":"product","2":"type-product","3":"status-publish","4":"has-post-thumbnail","6":"product_cat-hyster","7":"product_cat-catal-tekeri-hyster","8":"product_cat-catal-tekeri","9":"product_cat-catal-tekeri-wicke","11":"first","12":"instock","13":"taxable","14":"shipping-taxable","15":"purchasable","16":"product-type-simple"},"_links":{"self":[{"href":"https:\/\/ceoparts.com\/fr\/wp-json\/wp\/v2\/product\/16702","targetHints":{"allow":["GET"]}}],"collection":[{"href":"https:\/\/ceoparts.com\/fr\/wp-json\/wp\/v2\/product"}],"about":[{"href":"https:\/\/ceoparts.com\/fr\/wp-json\/wp\/v2\/types\/product"}],"wp:featuredmedia":[{"embeddable":true,"href":"https:\/\/ceoparts.com\/fr\/wp-json\/wp\/v2\/media\/16705"}],"wp:attachment":[{"href":"https:\/\/ceoparts.com\/fr\/wp-json\/wp\/v2\/media?parent=16702"}],"wp:term":[{"taxonomy":"product_brand","embeddable":true,"href":"https:\/\/ceoparts.com\/fr\/wp-json\/wp\/v2\/product_brand?post=16702"},{"taxonomy":"product_cat","embeddable":true,"href":"https:\/\/ceoparts.com\/fr\/wp-json\/wp\/v2\/product_cat?post=16702"},{"taxonomy":"product_tag","embeddable":true,"href":"https:\/\/ceoparts.com\/fr\/wp-json\/wp\/v2\/product_tag?post=16702"}],"curies":[{"name":"wp","href":"https:\/\/api.w.org\/{rel}","templated":true}]}}