{"id":16726,"date":"2025-04-16T15:20:30","date_gmt":"2025-04-16T12:20:30","guid":{"rendered":"https:\/\/ceoparts.com\/?post_type=product&#038;p=16726"},"modified":"2026-05-16T17:29:09","modified_gmt":"2026-05-16T14:29:09","slug":"jungheinrich-etv-mast-rulmani","status":"publish","type":"product","link":"https:\/\/ceoparts.com\/fr\/urun\/jungheinrich-etv-mast-rulmani\/","title":{"rendered":"Roulement de m\u00e2t Jungheinrich ETV"},"content":{"rendered":"<p>Roulement de m\u00e2t Jungheinrich ETV<\/p>","protected":false},"excerpt":{"rendered":"<p data-start=\"2179\" data-end=\"2448\">Le <strong data-start=\"2182\" data-end=\"2219\">Roulement de M\u00e2t Jungheinrich ETV<\/strong> est un roulement sp\u00e9cialement con\u00e7u pour les gerbeurs et chariots \u00e0 m\u00e2t r\u00e9tractable Jungheinrich ETV. Il assure un fonctionnement fluide et silencieux du m\u00e2t et am\u00e9liore la stabilit\u00e9 lors des op\u00e9rations de levage et de descente.<\/p>\n<p data-start=\"2450\" data-end=\"2474\"><strong data-start=\"2450\" data-end=\"2472\">Caract\u00e9ristiques :<\/strong><\/p>\n<ul data-start=\"2475\" data-end=\"2668\">\n<li data-start=\"2475\" data-end=\"2513\">\n<p data-start=\"2477\" data-end=\"2513\">Type de produit : Roulement de m\u00e2t<\/p>\n<\/li>\n<li data-start=\"2514\" data-end=\"2554\">\n<p data-start=\"2516\" data-end=\"2554\">Mod\u00e8le compatible : Jungheinrich ETV<\/p>\n<\/li>\n<li data-start=\"2555\" data-end=\"2596\">\n<p data-start=\"2557\" data-end=\"2596\">Haute qualit\u00e9 et r\u00e9sistance \u00e0 l\u2019usure<\/p>\n<\/li>\n<li data-start=\"2597\" data-end=\"2632\">\n<p data-start=\"2599\" data-end=\"2632\">Conception de roulement pr\u00e9cise<\/p>\n<\/li>\n<li data-start=\"2633\" data-end=\"2668\">\n<p data-start=\"2635\" data-end=\"2668\">Utilisation stable et s\u00e9curis\u00e9e<\/p>\n<\/li>\n<\/ul>\n","protected":false},"featured_media":16730,"template":"","meta":[],"product_brand":[],"product_cat":[236,460,522],"product_tag":[],"class_list":{"0":"post-16726","1":"product","2":"type-product","3":"status-publish","4":"has-post-thumbnail","6":"product_cat-jungheinrich","7":"product_cat-yuk-ve-mekanizma-rulmanlari","8":"product_cat-yedek-parca-jungheinrich","10":"first","11":"instock","12":"taxable","13":"shipping-taxable","14":"purchasable","15":"product-type-simple"},"_links":{"self":[{"href":"https:\/\/ceoparts.com\/fr\/wp-json\/wp\/v2\/product\/16726","targetHints":{"allow":["GET"]}}],"collection":[{"href":"https:\/\/ceoparts.com\/fr\/wp-json\/wp\/v2\/product"}],"about":[{"href":"https:\/\/ceoparts.com\/fr\/wp-json\/wp\/v2\/types\/product"}],"wp:featuredmedia":[{"embeddable":true,"href":"https:\/\/ceoparts.com\/fr\/wp-json\/wp\/v2\/media\/16730"}],"wp:attachment":[{"href":"https:\/\/ceoparts.com\/fr\/wp-json\/wp\/v2\/media?parent=16726"}],"wp:term":[{"taxonomy":"product_brand","embeddable":true,"href":"https:\/\/ceoparts.com\/fr\/wp-json\/wp\/v2\/product_brand?post=16726"},{"taxonomy":"product_cat","embeddable":true,"href":"https:\/\/ceoparts.com\/fr\/wp-json\/wp\/v2\/product_cat?post=16726"},{"taxonomy":"product_tag","embeddable":true,"href":"https:\/\/ceoparts.com\/fr\/wp-json\/wp\/v2\/product_tag?post=16726"}],"curies":[{"name":"wp","href":"https:\/\/api.w.org\/{rel}","templated":true}]}}