{"id":16732,"date":"2025-04-16T15:36:31","date_gmt":"2025-04-16T12:36:31","guid":{"rendered":"https:\/\/ceoparts.com\/?post_type=product&#038;p=16732"},"modified":"2026-05-16T10:57:15","modified_gmt":"2026-05-16T07:57:15","slug":"denge-mekanizmasi-jungheinrich-ere120-tekerleksiz-51233772","status":"publish","type":"product","link":"https:\/\/ceoparts.com\/fr\/urun\/denge-mekanizmasi-jungheinrich-ere120-tekerleksiz-51233772\/","title":{"rendered":"M\u00e9canisme de stabilisation Jungheinrich ERE120 (Sans roue) &#8211; 51233772"},"content":{"rendered":"<p>M\u00e9canisme de stabilisation Jungheinrich ERE120 (Sans roue) &#8211; 51233772<\/p>","protected":false},"excerpt":{"rendered":"<p data-start=\"2338\" data-end=\"2588\">Le <strong data-start=\"2341\" data-end=\"2411\">M\u00e9canisme d\u2019\u00e9quilibrage Jungheinrich ERE120 (Sans Roue) \u2013 51233772<\/strong> est un composant stabilisateur sp\u00e9cialement con\u00e7u pour les transpalettes et gerbeurs Jungheinrich ERE120. Livr\u00e9 sans roue, il am\u00e9liore l\u2019\u00e9quilibre et l\u2019adh\u00e9rence de la machine.<\/p>\n<p data-start=\"2590\" data-end=\"2614\"><strong data-start=\"2590\" data-end=\"2612\">Caract\u00e9ristiques :<\/strong><\/p>\n<ul data-start=\"2615\" data-end=\"2805\">\n<li data-start=\"2615\" data-end=\"2672\">\n<p data-start=\"2617\" data-end=\"2672\">Type de produit : M\u00e9canisme d\u2019\u00e9quilibrage (Sans Roue)<\/p>\n<\/li>\n<li data-start=\"2673\" data-end=\"2716\">\n<p data-start=\"2675\" data-end=\"2716\">Mod\u00e8le compatible : Jungheinrich ERE120<\/p>\n<\/li>\n<li data-start=\"2717\" data-end=\"2741\">\n<p data-start=\"2719\" data-end=\"2741\">R\u00e9f\u00e9rence : 51233772<\/p>\n<\/li>\n<li data-start=\"2742\" data-end=\"2763\">\n<p data-start=\"2744\" data-end=\"2763\">Grande durabilit\u00e9<\/p>\n<\/li>\n<li data-start=\"2764\" data-end=\"2805\">\n<p data-start=\"2766\" data-end=\"2805\">Optimise la stabilit\u00e9 de l\u2019\u00e9quipement<\/p>\n<\/li>\n<\/ul>\n","protected":false},"featured_media":16739,"template":"","meta":[],"product_brand":[],"product_cat":[236,422,522],"product_tag":[],"class_list":{"0":"post-16732","1":"product","2":"type-product","3":"status-publish","4":"has-post-thumbnail","6":"product_cat-jungheinrich","7":"product_cat-jungheinrich-denge-mekanizma","8":"product_cat-yedek-parca-jungheinrich","10":"first","11":"instock","12":"taxable","13":"shipping-taxable","14":"purchasable","15":"product-type-simple"},"_links":{"self":[{"href":"https:\/\/ceoparts.com\/fr\/wp-json\/wp\/v2\/product\/16732","targetHints":{"allow":["GET"]}}],"collection":[{"href":"https:\/\/ceoparts.com\/fr\/wp-json\/wp\/v2\/product"}],"about":[{"href":"https:\/\/ceoparts.com\/fr\/wp-json\/wp\/v2\/types\/product"}],"wp:featuredmedia":[{"embeddable":true,"href":"https:\/\/ceoparts.com\/fr\/wp-json\/wp\/v2\/media\/16739"}],"wp:attachment":[{"href":"https:\/\/ceoparts.com\/fr\/wp-json\/wp\/v2\/media?parent=16732"}],"wp:term":[{"taxonomy":"product_brand","embeddable":true,"href":"https:\/\/ceoparts.com\/fr\/wp-json\/wp\/v2\/product_brand?post=16732"},{"taxonomy":"product_cat","embeddable":true,"href":"https:\/\/ceoparts.com\/fr\/wp-json\/wp\/v2\/product_cat?post=16732"},{"taxonomy":"product_tag","embeddable":true,"href":"https:\/\/ceoparts.com\/fr\/wp-json\/wp\/v2\/product_tag?post=16732"}],"curies":[{"name":"wp","href":"https:\/\/api.w.org\/{rel}","templated":true}]}}