{"id":16740,"date":"2025-04-19T11:26:46","date_gmt":"2025-04-19T08:26:46","guid":{"rendered":"https:\/\/ceoparts.com\/?post_type=product&#038;p=16740"},"modified":"2026-05-16T19:51:40","modified_gmt":"2026-05-16T16:51:40","slug":"still-kontaktor-exusf-150a-24v","status":"publish","type":"product","link":"https:\/\/ceoparts.com\/fr\/urun\/still-kontaktor-exusf-150a-24v\/","title":{"rendered":"Contacteur Still EXUSF 150A 24V"},"content":{"rendered":"<p>Contacteur Still EXUSF 150A 24V<\/p>","protected":false},"excerpt":{"rendered":"<p data-start=\"1959\" data-end=\"2196\">Le <strong data-start=\"1962\" data-end=\"1997\">Contacteur Still EXUSF 150A 24V<\/strong> est con\u00e7u pour les chariots \u00e9l\u00e9vateurs, transpalettes \u00e9lectriques et \u00e9quipements de manutention industriels. Id\u00e9al pour les syst\u00e8mes 24V DC, il garantit une utilisation fiable, durable et s\u00e9curis\u00e9e.<\/p>\n<p data-start=\"2198\" data-end=\"2222\"><strong data-start=\"2198\" data-end=\"2220\">Caract\u00e9ristiques :<\/strong><\/p>\n<ul data-start=\"2223\" data-end=\"2379\">\n<li data-start=\"2223\" data-end=\"2258\">\n<p data-start=\"2225\" data-end=\"2258\">Type de produit : Contacteur DC<\/p>\n<\/li>\n<li data-start=\"2259\" data-end=\"2277\">\n<p data-start=\"2261\" data-end=\"2277\">Marque : Still<\/p>\n<\/li>\n<li data-start=\"2278\" data-end=\"2301\">\n<p data-start=\"2280\" data-end=\"2301\">Mod\u00e8le : EXUSF 150A<\/p>\n<\/li>\n<li data-start=\"2302\" data-end=\"2322\">\n<p data-start=\"2304\" data-end=\"2322\">Tension : 24V DC<\/p>\n<\/li>\n<li data-start=\"2323\" data-end=\"2353\">\n<p data-start=\"2325\" data-end=\"2353\">Capacit\u00e9 de courant : 150A<\/p>\n<\/li>\n<li data-start=\"2354\" data-end=\"2379\">\n<p data-start=\"2356\" data-end=\"2379\">Pour usage industriel<\/p>\n<\/li>\n<\/ul>\n","protected":false},"featured_media":16744,"template":"","meta":[],"product_brand":[],"product_cat":[241,462,524],"product_tag":[],"class_list":{"0":"post-16740","1":"product","2":"type-product","3":"status-publish","4":"has-post-thumbnail","6":"product_cat-still","7":"product_cat-kontaktorler","8":"product_cat-yedek-parca-still","10":"first","11":"instock","12":"taxable","13":"shipping-taxable","14":"purchasable","15":"product-type-simple"},"_links":{"self":[{"href":"https:\/\/ceoparts.com\/fr\/wp-json\/wp\/v2\/product\/16740","targetHints":{"allow":["GET"]}}],"collection":[{"href":"https:\/\/ceoparts.com\/fr\/wp-json\/wp\/v2\/product"}],"about":[{"href":"https:\/\/ceoparts.com\/fr\/wp-json\/wp\/v2\/types\/product"}],"wp:featuredmedia":[{"embeddable":true,"href":"https:\/\/ceoparts.com\/fr\/wp-json\/wp\/v2\/media\/16744"}],"wp:attachment":[{"href":"https:\/\/ceoparts.com\/fr\/wp-json\/wp\/v2\/media?parent=16740"}],"wp:term":[{"taxonomy":"product_brand","embeddable":true,"href":"https:\/\/ceoparts.com\/fr\/wp-json\/wp\/v2\/product_brand?post=16740"},{"taxonomy":"product_cat","embeddable":true,"href":"https:\/\/ceoparts.com\/fr\/wp-json\/wp\/v2\/product_cat?post=16740"},{"taxonomy":"product_tag","embeddable":true,"href":"https:\/\/ceoparts.com\/fr\/wp-json\/wp\/v2\/product_tag?post=16740"}],"curies":[{"name":"wp","href":"https:\/\/api.w.org\/{rel}","templated":true}]}}