{"id":16745,"date":"2025-04-19T11:32:16","date_gmt":"2025-04-19T08:32:16","guid":{"rendered":"https:\/\/ceoparts.com\/?post_type=product&#038;p=16745"},"modified":"2026-05-16T18:35:14","modified_gmt":"2026-05-16T15:35:14","slug":"albright-kontaktor-sw190b-368","status":"publish","type":"product","link":"https:\/\/ceoparts.com\/fr\/urun\/albright-kontaktor-sw190b-368\/","title":{"rendered":"Albright Contacteur SW190B &#8211; 368"},"content":{"rendered":"<p>Albright Contacteur SW190B &#8211; 368<\/p>","protected":false},"excerpt":{"rendered":"<p data-start=\"2237\" data-end=\"2554\">Le <strong data-start=\"2240\" data-end=\"2276\">Contacteur Albright SW190B &#8211; 368<\/strong> est un contacteur robuste \u00e0 haute capacit\u00e9 de courant, utilis\u00e9 dans les chariots \u00e9l\u00e9vateurs, transpalettes \u00e9lectriques, voiturettes de golf et v\u00e9hicules industriels. Il commande les circuits dans les syst\u00e8mes DC de 48V et plus, garantissant un fonctionnement fiable et durable.<\/p>\n<p data-start=\"2556\" data-end=\"2580\"><strong data-start=\"2556\" data-end=\"2578\">Caract\u00e9ristiques :<\/strong><\/p>\n<ul data-start=\"2581\" data-end=\"2750\">\n<li data-start=\"2581\" data-end=\"2621\">\n<p data-start=\"2583\" data-end=\"2621\">Type de produit : Contacteur robuste<\/p>\n<\/li>\n<li data-start=\"2622\" data-end=\"2647\">\n<p data-start=\"2624\" data-end=\"2647\">Mod\u00e8le : SW190B &#8211; 368<\/p>\n<\/li>\n<li data-start=\"2648\" data-end=\"2669\">\n<p data-start=\"2650\" data-end=\"2669\">Marque : Albright<\/p>\n<\/li>\n<li data-start=\"2670\" data-end=\"2699\">\n<p data-start=\"2672\" data-end=\"2699\">Haute capacit\u00e9 de courant<\/p>\n<\/li>\n<li data-start=\"2700\" data-end=\"2750\">\n<p data-start=\"2702\" data-end=\"2750\">Id\u00e9al pour syst\u00e8mes industriels et \u00e9lectriques<\/p>\n<\/li>\n<\/ul>\n","protected":false},"featured_media":16748,"template":"","meta":[],"product_brand":[],"product_cat":[462],"product_tag":[],"class_list":{"0":"post-16745","1":"product","2":"type-product","3":"status-publish","4":"has-post-thumbnail","6":"product_cat-kontaktorler","8":"first","9":"instock","10":"taxable","11":"shipping-taxable","12":"purchasable","13":"product-type-simple"},"_links":{"self":[{"href":"https:\/\/ceoparts.com\/fr\/wp-json\/wp\/v2\/product\/16745","targetHints":{"allow":["GET"]}}],"collection":[{"href":"https:\/\/ceoparts.com\/fr\/wp-json\/wp\/v2\/product"}],"about":[{"href":"https:\/\/ceoparts.com\/fr\/wp-json\/wp\/v2\/types\/product"}],"wp:featuredmedia":[{"embeddable":true,"href":"https:\/\/ceoparts.com\/fr\/wp-json\/wp\/v2\/media\/16748"}],"wp:attachment":[{"href":"https:\/\/ceoparts.com\/fr\/wp-json\/wp\/v2\/media?parent=16745"}],"wp:term":[{"taxonomy":"product_brand","embeddable":true,"href":"https:\/\/ceoparts.com\/fr\/wp-json\/wp\/v2\/product_brand?post=16745"},{"taxonomy":"product_cat","embeddable":true,"href":"https:\/\/ceoparts.com\/fr\/wp-json\/wp\/v2\/product_cat?post=16745"},{"taxonomy":"product_tag","embeddable":true,"href":"https:\/\/ceoparts.com\/fr\/wp-json\/wp\/v2\/product_tag?post=16745"}],"curies":[{"name":"wp","href":"https:\/\/api.w.org\/{rel}","templated":true}]}}