{"id":16782,"date":"2025-04-28T10:19:53","date_gmt":"2025-04-28T07:19:53","guid":{"rendered":"https:\/\/ceoparts.com\/?post_type=product&#038;p=16782"},"modified":"2026-05-16T17:35:45","modified_gmt":"2026-05-16T14:35:45","slug":"teleco-bt-lpe200-yeni-tip-fren-manyetigi","status":"publish","type":"product","link":"https:\/\/ceoparts.com\/fr\/urun\/teleco-bt-lpe200-yeni-tip-fren-manyetigi\/","title":{"rendered":"\u00c9lectroaimant de Frein Nouveau Type Teleco BT LPE200"},"content":{"rendered":"<p>\u00c9lectroaimant de Frein Nouveau Type Teleco BT LPE200<\/p>","protected":false},"excerpt":{"rendered":"<p data-start=\"2169\" data-end=\"2487\"><strong data-start=\"2169\" data-end=\"2227\">\u00c9lectroaimant de frein Teleco BT LPE200 nouveau mod\u00e8le<\/strong> est un composant de freinage de haute qualit\u00e9 pour les transpalettes et gerbeurs BT LPE200. Il assure un arr\u00eat s\u00e9curis\u00e9 et un contr\u00f4le optimal des charges gr\u00e2ce \u00e0 sa structure robuste et fiable. Enti\u00e8rement compatible avec les machines Teleco et BT d\u2019origine.<\/p>\n<p data-start=\"2489\" data-end=\"2513\"><strong data-start=\"2489\" data-end=\"2511\">Caract\u00e9ristiques :<\/strong><\/p>\n<ul data-start=\"2514\" data-end=\"2692\">\n<li data-start=\"2514\" data-end=\"2558\">\n<p data-start=\"2516\" data-end=\"2558\">Type de produit : \u00c9lectroaimant de frein<\/p>\n<\/li>\n<li data-start=\"2559\" data-end=\"2592\">\n<p data-start=\"2561\" data-end=\"2592\">Mod\u00e8le compatible : BT LPE200<\/p>\n<\/li>\n<li data-start=\"2593\" data-end=\"2612\">\n<p data-start=\"2595\" data-end=\"2612\">Marque : Teleco<\/p>\n<\/li>\n<li data-start=\"2613\" data-end=\"2692\">\n<p data-start=\"2615\" data-end=\"2692\">Avantages : Freinage puissant, longue dur\u00e9e de vie, compatibilit\u00e9 d\u2019origine<\/p>\n<\/li>\n<\/ul>\n","protected":false},"featured_media":16784,"template":"","meta":[],"product_brand":[],"product_cat":[251,449,518],"product_tag":[],"class_list":{"0":"post-16782","1":"product","2":"type-product","3":"status-publish","4":"has-post-thumbnail","6":"product_cat-bt","7":"product_cat-fren-sistem-parcalari","8":"product_cat-yedek-parca-bt","10":"first","11":"instock","12":"taxable","13":"shipping-taxable","14":"purchasable","15":"product-type-simple"},"_links":{"self":[{"href":"https:\/\/ceoparts.com\/fr\/wp-json\/wp\/v2\/product\/16782","targetHints":{"allow":["GET"]}}],"collection":[{"href":"https:\/\/ceoparts.com\/fr\/wp-json\/wp\/v2\/product"}],"about":[{"href":"https:\/\/ceoparts.com\/fr\/wp-json\/wp\/v2\/types\/product"}],"wp:featuredmedia":[{"embeddable":true,"href":"https:\/\/ceoparts.com\/fr\/wp-json\/wp\/v2\/media\/16784"}],"wp:attachment":[{"href":"https:\/\/ceoparts.com\/fr\/wp-json\/wp\/v2\/media?parent=16782"}],"wp:term":[{"taxonomy":"product_brand","embeddable":true,"href":"https:\/\/ceoparts.com\/fr\/wp-json\/wp\/v2\/product_brand?post=16782"},{"taxonomy":"product_cat","embeddable":true,"href":"https:\/\/ceoparts.com\/fr\/wp-json\/wp\/v2\/product_cat?post=16782"},{"taxonomy":"product_tag","embeddable":true,"href":"https:\/\/ceoparts.com\/fr\/wp-json\/wp\/v2\/product_tag?post=16782"}],"curies":[{"name":"wp","href":"https:\/\/api.w.org\/{rel}","templated":true}]}}