{"id":16791,"date":"2025-04-28T13:10:36","date_gmt":"2025-04-28T10:10:36","guid":{"rendered":"https:\/\/ceoparts.com\/?post_type=product&#038;p=16791"},"modified":"2026-05-16T16:34:10","modified_gmt":"2026-05-16T13:34:10","slug":"bt-boru-tip-sogutma-fani-7516127","status":"publish","type":"product","link":"https:\/\/ceoparts.com\/fr\/urun\/bt-boru-tip-sogutma-fani-7516127\/","title":{"rendered":"Ventilateur de Refroidissement Type Tube BT \u2013 7516127"},"content":{"rendered":"<p>Ventilateur de Refroidissement Type Tube BT \u2013 7516127<\/p>","protected":false},"excerpt":{"rendered":"<p data-start=\"2313\" data-end=\"2638\"><strong data-start=\"2313\" data-end=\"2370\">Ventilateur de refroidissement tubulaire BT \u2013 7516127<\/strong> est con\u00e7u pour maintenir une temp\u00e9rature optimale des moteurs et syst\u00e8mes \u00e9lectroniques des chariots \u00e9l\u00e9vateurs et gerbeurs. Offre des performances fiables gr\u00e2ce \u00e0 sa structure robuste et \u00e0 son moteur durable. Enti\u00e8rement compatible avec les \u00e9quipements BT d\u2019origine.<\/p>\n<p data-start=\"2640\" data-end=\"2664\"><strong data-start=\"2640\" data-end=\"2662\">Caract\u00e9ristiques :<\/strong><\/p>\n<ul data-start=\"2665\" data-end=\"2877\">\n<li data-start=\"2665\" data-end=\"2727\">\n<p data-start=\"2667\" data-end=\"2727\">Type de produit : Ventilateur de refroidissement tubulaire<\/p>\n<\/li>\n<li data-start=\"2728\" data-end=\"2751\">\n<p data-start=\"2730\" data-end=\"2751\">R\u00e9f\u00e9rence : 7516127<\/p>\n<\/li>\n<li data-start=\"2752\" data-end=\"2778\">\n<p data-start=\"2754\" data-end=\"2778\">Marque compatible : BT<\/p>\n<\/li>\n<li data-start=\"2779\" data-end=\"2877\">\n<p data-start=\"2781\" data-end=\"2877\">Avantages : Haute efficacit\u00e9 de refroidissement, structure r\u00e9sistante, compatibilit\u00e9 d\u2019origine<\/p>\n<\/li>\n<\/ul>\n","protected":false},"featured_media":16794,"template":"","meta":[],"product_brand":[],"product_cat":[251,470,518],"product_tag":[],"class_list":{"0":"post-16791","1":"product","2":"type-product","3":"status-publish","4":"has-post-thumbnail","6":"product_cat-bt","7":"product_cat-diger-yedek-parcalar","8":"product_cat-yedek-parca-bt","10":"first","11":"instock","12":"taxable","13":"shipping-taxable","14":"purchasable","15":"product-type-simple"},"_links":{"self":[{"href":"https:\/\/ceoparts.com\/fr\/wp-json\/wp\/v2\/product\/16791","targetHints":{"allow":["GET"]}}],"collection":[{"href":"https:\/\/ceoparts.com\/fr\/wp-json\/wp\/v2\/product"}],"about":[{"href":"https:\/\/ceoparts.com\/fr\/wp-json\/wp\/v2\/types\/product"}],"wp:featuredmedia":[{"embeddable":true,"href":"https:\/\/ceoparts.com\/fr\/wp-json\/wp\/v2\/media\/16794"}],"wp:attachment":[{"href":"https:\/\/ceoparts.com\/fr\/wp-json\/wp\/v2\/media?parent=16791"}],"wp:term":[{"taxonomy":"product_brand","embeddable":true,"href":"https:\/\/ceoparts.com\/fr\/wp-json\/wp\/v2\/product_brand?post=16791"},{"taxonomy":"product_cat","embeddable":true,"href":"https:\/\/ceoparts.com\/fr\/wp-json\/wp\/v2\/product_cat?post=16791"},{"taxonomy":"product_tag","embeddable":true,"href":"https:\/\/ceoparts.com\/fr\/wp-json\/wp\/v2\/product_tag?post=16791"}],"curies":[{"name":"wp","href":"https:\/\/api.w.org\/{rel}","templated":true}]}}