{"id":16797,"date":"2025-04-28T13:55:51","date_gmt":"2025-04-28T10:55:51","guid":{"rendered":"https:\/\/ceoparts.com\/?post_type=product&#038;p=16797"},"modified":"2026-05-16T21:00:13","modified_gmt":"2026-05-16T18:00:13","slug":"jungheinrich-basinc-cubugu-51502512","status":"publish","type":"product","link":"https:\/\/ceoparts.com\/fr\/urun\/jungheinrich-basinc-cubugu-51502512\/","title":{"rendered":"Tige de Pression Jungheinrich \u2013 51502512"},"content":{"rendered":"<p>Tige de Pression Jungheinrich \u2013 51502512<\/p>","protected":false},"excerpt":{"rendered":"<p data-start=\"2269\" data-end=\"2588\"><strong data-start=\"2269\" data-end=\"2313\">Tige de pression Jungheinrich \u2013 51502512<\/strong> est une pi\u00e8ce de rechange essentielle assurant le fonctionnement stable et s\u00e9curis\u00e9 du syst\u00e8me hydraulique des chariots \u00e9l\u00e9vateurs. Fabriqu\u00e9e \u00e0 partir de mat\u00e9riaux de haute qualit\u00e9 pour une durabilit\u00e9 optimale. Enti\u00e8rement compatible avec les mod\u00e8les originaux Jungheinrich.<\/p>\n<p data-start=\"2590\" data-end=\"2614\"><strong data-start=\"2590\" data-end=\"2612\">Caract\u00e9ristiques :<\/strong><\/p>\n<ul data-start=\"2615\" data-end=\"2795\">\n<li data-start=\"2615\" data-end=\"2653\">\n<p data-start=\"2617\" data-end=\"2653\">Type de produit : Tige de pression<\/p>\n<\/li>\n<li data-start=\"2654\" data-end=\"2678\">\n<p data-start=\"2656\" data-end=\"2678\">R\u00e9f\u00e9rence : 51502512<\/p>\n<\/li>\n<li data-start=\"2679\" data-end=\"2715\">\n<p data-start=\"2681\" data-end=\"2715\">Marque compatible : Jungheinrich<\/p>\n<\/li>\n<li data-start=\"2716\" data-end=\"2795\">\n<p data-start=\"2718\" data-end=\"2795\">Avantages : Structure robuste, compatibilit\u00e9 d\u2019origine, longue dur\u00e9e de vie<\/p>\n<\/li>\n<\/ul>\n","protected":false},"featured_media":16801,"template":"","meta":[],"product_brand":[],"product_cat":[236,470,522],"product_tag":[],"class_list":{"0":"post-16797","1":"product","2":"type-product","3":"status-publish","4":"has-post-thumbnail","6":"product_cat-jungheinrich","7":"product_cat-diger-yedek-parcalar","8":"product_cat-yedek-parca-jungheinrich","10":"first","11":"instock","12":"taxable","13":"shipping-taxable","14":"purchasable","15":"product-type-simple"},"_links":{"self":[{"href":"https:\/\/ceoparts.com\/fr\/wp-json\/wp\/v2\/product\/16797","targetHints":{"allow":["GET"]}}],"collection":[{"href":"https:\/\/ceoparts.com\/fr\/wp-json\/wp\/v2\/product"}],"about":[{"href":"https:\/\/ceoparts.com\/fr\/wp-json\/wp\/v2\/types\/product"}],"wp:featuredmedia":[{"embeddable":true,"href":"https:\/\/ceoparts.com\/fr\/wp-json\/wp\/v2\/media\/16801"}],"wp:attachment":[{"href":"https:\/\/ceoparts.com\/fr\/wp-json\/wp\/v2\/media?parent=16797"}],"wp:term":[{"taxonomy":"product_brand","embeddable":true,"href":"https:\/\/ceoparts.com\/fr\/wp-json\/wp\/v2\/product_brand?post=16797"},{"taxonomy":"product_cat","embeddable":true,"href":"https:\/\/ceoparts.com\/fr\/wp-json\/wp\/v2\/product_cat?post=16797"},{"taxonomy":"product_tag","embeddable":true,"href":"https:\/\/ceoparts.com\/fr\/wp-json\/wp\/v2\/product_tag?post=16797"}],"curies":[{"name":"wp","href":"https:\/\/api.w.org\/{rel}","templated":true}]}}