{"id":16802,"date":"2025-04-28T14:07:54","date_gmt":"2025-04-28T11:07:54","guid":{"rendered":"https:\/\/ceoparts.com\/?post_type=product&#038;p=16802"},"modified":"2026-05-16T14:00:55","modified_gmt":"2026-05-16T11:00:55","slug":"bt-lpe200-dayanma-kolu-montaj-takoz-seti-2715037-7547703-7547702","status":"publish","type":"product","link":"https:\/\/ceoparts.com\/fr\/urun\/bt-lpe200-dayanma-kolu-montaj-takoz-seti-2715037-7547703-7547702\/","title":{"rendered":"Kit de Blocs de Montage du Bras de Support BT LPE200 \u2013 2715037, 7547703, 7547702"},"content":{"rendered":"<p>Kit de Blocs de Montage du Bras de Support BT LPE200 \u2013 2715037, 7547703, 7547702<\/p>","protected":false},"excerpt":{"rendered":"<p data-start=\"2592\" data-end=\"3000\">Le <strong data-start=\"2595\" data-end=\"2659\">Kit de supports de montage pour poign\u00e9e de support BT LPE200<\/strong> est un ensemble de pi\u00e8ces de rechange de haute qualit\u00e9 con\u00e7u pour monter solidement et en toute s\u00e9curit\u00e9 la poign\u00e9e de support du chariot \u00e9l\u00e9vateur. Compos\u00e9 des pi\u00e8ces 2715037, 7547703 et 7547702, ce kit offre une durabilit\u00e9 prolong\u00e9e. Enti\u00e8rement compatible avec les \u00e9quipements d\u2019origine BT, il optimise les performances de votre chariot.<\/p>\n<p data-start=\"3002\" data-end=\"3026\"><strong data-start=\"3002\" data-end=\"3024\">Caract\u00e9ristiques :<\/strong><\/p>\n<ul data-start=\"3027\" data-end=\"3238\">\n<li data-start=\"3027\" data-end=\"3075\">\n<p data-start=\"3029\" data-end=\"3075\">Type de produit : Kit de supports de montage<\/p>\n<\/li>\n<li data-start=\"3076\" data-end=\"3109\">\n<p data-start=\"3078\" data-end=\"3109\">Mod\u00e8le compatible : BT LPE200<\/p>\n<\/li>\n<li data-start=\"3110\" data-end=\"3159\">\n<p data-start=\"3112\" data-end=\"3159\">Num\u00e9ros de pi\u00e8ces : 2715037, 7547703, 7547702<\/p>\n<\/li>\n<li data-start=\"3160\" data-end=\"3238\">\n<p data-start=\"3162\" data-end=\"3238\">Avantages : Haute durabilit\u00e9, installation facile, compatibilit\u00e9 d\u2019origine<\/p>\n<\/li>\n<\/ul>\n<p>LPE200<br \/>\nLPE220<br \/>\nLPE250<\/p>\n","protected":false},"featured_media":16806,"template":"","meta":[],"product_brand":[],"product_cat":[251,470,518],"product_tag":[],"class_list":{"0":"post-16802","1":"product","2":"type-product","3":"status-publish","4":"has-post-thumbnail","6":"product_cat-bt","7":"product_cat-diger-yedek-parcalar","8":"product_cat-yedek-parca-bt","10":"first","11":"instock","12":"taxable","13":"shipping-taxable","14":"purchasable","15":"product-type-simple"},"_links":{"self":[{"href":"https:\/\/ceoparts.com\/fr\/wp-json\/wp\/v2\/product\/16802","targetHints":{"allow":["GET"]}}],"collection":[{"href":"https:\/\/ceoparts.com\/fr\/wp-json\/wp\/v2\/product"}],"about":[{"href":"https:\/\/ceoparts.com\/fr\/wp-json\/wp\/v2\/types\/product"}],"wp:featuredmedia":[{"embeddable":true,"href":"https:\/\/ceoparts.com\/fr\/wp-json\/wp\/v2\/media\/16806"}],"wp:attachment":[{"href":"https:\/\/ceoparts.com\/fr\/wp-json\/wp\/v2\/media?parent=16802"}],"wp:term":[{"taxonomy":"product_brand","embeddable":true,"href":"https:\/\/ceoparts.com\/fr\/wp-json\/wp\/v2\/product_brand?post=16802"},{"taxonomy":"product_cat","embeddable":true,"href":"https:\/\/ceoparts.com\/fr\/wp-json\/wp\/v2\/product_cat?post=16802"},{"taxonomy":"product_tag","embeddable":true,"href":"https:\/\/ceoparts.com\/fr\/wp-json\/wp\/v2\/product_tag?post=16802"}],"curies":[{"name":"wp","href":"https:\/\/api.w.org\/{rel}","templated":true}]}}