{"id":16816,"date":"2025-05-02T13:42:43","date_gmt":"2025-05-02T10:42:43","guid":{"rendered":"https:\/\/ceoparts.com\/?post_type=product&#038;p=16816"},"modified":"2026-05-16T10:58:05","modified_gmt":"2026-05-16T07:58:05","slug":"285-243x100-45-stellana-vulkollan-yuk-tekerlegi-820184","status":"publish","type":"product","link":"https:\/\/ceoparts.com\/fr\/urun\/285-243x100-45-stellana-vulkollan-yuk-tekerlegi-820184\/","title":{"rendered":"285\/243&#215;100-45 Roue de charge Stellana Vulkollan &#8211; 820184"},"content":{"rendered":"<p>285\/243&#215;100-45 Roue de charge Stellana Vulkollan &#8211; 820184<\/p>","protected":false},"excerpt":{"rendered":"<p data-start=\"2768\" data-end=\"3210\"><strong data-start=\"2768\" data-end=\"2829\">285\/243\u00d7100-45 Roue de charge Stellana Vulkollan \u2013 820184<\/strong> est une roue durable et performante con\u00e7ue pour les chariots \u00e9l\u00e9vateurs et les \u00e9quipements de manutention lourde. Fabriqu\u00e9e en Vulkollan, elle offre une excellente r\u00e9sistance \u00e0 l\u2019usure et une longue dur\u00e9e de vie. Ses dimensions de 285 mm de diam\u00e8tre ext\u00e9rieur, 243 mm de largeur et 100-45 mm la rendent adapt\u00e9e \u00e0 une haute capacit\u00e9 de charge. Id\u00e9ale pour la marche et l\u2019\u00e9quilibre.<\/p>\n<p data-start=\"3212\" data-end=\"3236\"><strong data-start=\"3212\" data-end=\"3234\">Caract\u00e9ristiques :<\/strong><\/p>\n<ul data-start=\"3237\" data-end=\"3462\">\n<li data-start=\"3237\" data-end=\"3258\">\n<p data-start=\"3239\" data-end=\"3258\">Marque : Stellana<\/p>\n<\/li>\n<li data-start=\"3259\" data-end=\"3283\">\n<p data-start=\"3261\" data-end=\"3283\">Mat\u00e9riau : Vulkollan<\/p>\n<\/li>\n<li data-start=\"3284\" data-end=\"3314\">\n<p data-start=\"3286\" data-end=\"3314\">Taille : 285\/243\u00d7100-45 mm<\/p>\n<\/li>\n<li data-start=\"3315\" data-end=\"3375\">\n<p data-start=\"3317\" data-end=\"3375\">Usage : Roue pour chariots \u00e9l\u00e9vateurs et charges lourdes<\/p>\n<\/li>\n<li data-start=\"3376\" data-end=\"3462\">\n<p data-start=\"3378\" data-end=\"3462\">Avantages : Haute durabilit\u00e9, longue dur\u00e9e de vie, excellente r\u00e9sistance \u00e0 l\u2019usure<\/p>\n<\/li>\n<\/ul>\n<p>285&#215;100-45 Crown 820183, 820184<\/p>\n<p>Crown ESR 5000 1,4<\/p>\n","protected":false},"featured_media":16822,"template":"","meta":[],"product_brand":[],"product_cat":[272,276,416,419,194],"product_tag":[],"class_list":{"0":"post-16816","1":"product","2":"type-product","3":"status-publish","4":"has-post-thumbnail","6":"product_cat-crown","7":"product_cat-yuk-tekeri-crown","8":"product_cat-stellana","9":"product_cat-yuk-tekeri-stellana","10":"product_cat-yuk-tekeri","12":"first","13":"instock","14":"taxable","15":"shipping-taxable","16":"purchasable","17":"product-type-simple"},"_links":{"self":[{"href":"https:\/\/ceoparts.com\/fr\/wp-json\/wp\/v2\/product\/16816","targetHints":{"allow":["GET"]}}],"collection":[{"href":"https:\/\/ceoparts.com\/fr\/wp-json\/wp\/v2\/product"}],"about":[{"href":"https:\/\/ceoparts.com\/fr\/wp-json\/wp\/v2\/types\/product"}],"wp:featuredmedia":[{"embeddable":true,"href":"https:\/\/ceoparts.com\/fr\/wp-json\/wp\/v2\/media\/16822"}],"wp:attachment":[{"href":"https:\/\/ceoparts.com\/fr\/wp-json\/wp\/v2\/media?parent=16816"}],"wp:term":[{"taxonomy":"product_brand","embeddable":true,"href":"https:\/\/ceoparts.com\/fr\/wp-json\/wp\/v2\/product_brand?post=16816"},{"taxonomy":"product_cat","embeddable":true,"href":"https:\/\/ceoparts.com\/fr\/wp-json\/wp\/v2\/product_cat?post=16816"},{"taxonomy":"product_tag","embeddable":true,"href":"https:\/\/ceoparts.com\/fr\/wp-json\/wp\/v2\/product_tag?post=16816"}],"curies":[{"name":"wp","href":"https:\/\/api.w.org\/{rel}","templated":true}]}}