{"id":16829,"date":"2025-05-08T09:53:09","date_gmt":"2025-05-08T06:53:09","guid":{"rendered":"https:\/\/ceoparts.com\/?post_type=product&#038;p=16829"},"modified":"2026-05-16T10:50:57","modified_gmt":"2026-05-16T07:50:57","slug":"frotek-forklift-aku-baglanti-kablosu-25x95","status":"publish","type":"product","link":"https:\/\/ceoparts.com\/fr\/urun\/frotek-forklift-aku-baglanti-kablosu-25x95\/","title":{"rendered":"C\u00e2ble de connexion de batterie pour chariot \u00e9l\u00e9vateur Frotek 25&#215;95"},"content":{"rendered":"<p>C\u00e2ble de connexion de batterie pour chariot \u00e9l\u00e9vateur Frotek 25&#215;95<\/p>","protected":false},"excerpt":{"rendered":"<p data-start=\"2344\" data-end=\"2714\"><strong data-start=\"2344\" data-end=\"2402\">C\u00e2ble de connexion de cellule de batterie Fr\u00f6tek 25\u00d795<\/strong> assure des connexions durables et fiables entre les cellules de batterie dans les chariots \u00e9l\u00e9vateurs et les syst\u00e8mes industriels. Avec une section de 25 mm\u00b2 et une longueur de 95 mm, il offre une grande capacit\u00e9 de courant. Une conception flexible et une isolation robuste garantissent une longue dur\u00e9e de vie.<\/p>\n<p data-start=\"2716\" data-end=\"2740\"><strong data-start=\"2716\" data-end=\"2738\">Caract\u00e9ristiques :<\/strong><\/p>\n<ul data-start=\"2741\" data-end=\"2954\">\n<li data-start=\"2741\" data-end=\"2760\">\n<p data-start=\"2743\" data-end=\"2760\">Marque : Fr\u00f6tek<\/p>\n<\/li>\n<li data-start=\"2761\" data-end=\"2781\">\n<p data-start=\"2763\" data-end=\"2781\">Section : 25 mm\u00b2<\/p>\n<\/li>\n<li data-start=\"2782\" data-end=\"2802\">\n<p data-start=\"2784\" data-end=\"2802\">Longueur : 95 mm<\/p>\n<\/li>\n<li data-start=\"2803\" data-end=\"2880\">\n<p data-start=\"2805\" data-end=\"2880\">Utilisation : Connexions de cellules de batterie pour chariots \u00e9l\u00e9vateurs<\/p>\n<\/li>\n<li data-start=\"2881\" data-end=\"2954\">\n<p data-start=\"2883\" data-end=\"2954\">Avantages : Haute conductivit\u00e9, isolation robuste, structure flexible<\/p>\n<\/li>\n<\/ul>\n","protected":false},"featured_media":16831,"template":"","meta":[],"product_brand":[],"product_cat":[446],"product_tag":[],"class_list":{"0":"post-16829","1":"product","2":"type-product","3":"status-publish","4":"has-post-thumbnail","6":"product_cat-aku-bar","8":"first","9":"instock","10":"taxable","11":"shipping-taxable","12":"purchasable","13":"product-type-simple"},"_links":{"self":[{"href":"https:\/\/ceoparts.com\/fr\/wp-json\/wp\/v2\/product\/16829","targetHints":{"allow":["GET"]}}],"collection":[{"href":"https:\/\/ceoparts.com\/fr\/wp-json\/wp\/v2\/product"}],"about":[{"href":"https:\/\/ceoparts.com\/fr\/wp-json\/wp\/v2\/types\/product"}],"wp:featuredmedia":[{"embeddable":true,"href":"https:\/\/ceoparts.com\/fr\/wp-json\/wp\/v2\/media\/16831"}],"wp:attachment":[{"href":"https:\/\/ceoparts.com\/fr\/wp-json\/wp\/v2\/media?parent=16829"}],"wp:term":[{"taxonomy":"product_brand","embeddable":true,"href":"https:\/\/ceoparts.com\/fr\/wp-json\/wp\/v2\/product_brand?post=16829"},{"taxonomy":"product_cat","embeddable":true,"href":"https:\/\/ceoparts.com\/fr\/wp-json\/wp\/v2\/product_cat?post=16829"},{"taxonomy":"product_tag","embeddable":true,"href":"https:\/\/ceoparts.com\/fr\/wp-json\/wp\/v2\/product_tag?post=16829"}],"curies":[{"name":"wp","href":"https:\/\/api.w.org\/{rel}","templated":true}]}}