{"id":16862,"date":"2025-05-08T12:52:31","date_gmt":"2025-05-08T09:52:31","guid":{"rendered":"https:\/\/ceoparts.com\/?post_type=product&#038;p=16862"},"modified":"2026-05-16T10:41:43","modified_gmt":"2026-05-16T07:41:43","slug":"frotek-forklift-aku-baglanti-kablosu-70x130","status":"publish","type":"product","link":"https:\/\/ceoparts.com\/fr\/urun\/frotek-forklift-aku-baglanti-kablosu-70x130\/","title":{"rendered":"C\u00e2ble de connexion de batterie pour chariot \u00e9l\u00e9vateur Frotek 70&#215;130"},"content":{"rendered":"<p>C\u00e2ble de connexion de batterie pour chariot \u00e9l\u00e9vateur Frotek 70&#215;130<\/p>","protected":false},"excerpt":{"rendered":"<p data-start=\"2472\" data-end=\"2865\"><strong data-start=\"2472\" data-end=\"2531\">C\u00e2ble de connexion de cellule de batterie Fr\u00f6tek 70\u00d7130<\/strong> est un c\u00e2ble de haute qualit\u00e9 con\u00e7u pour connecter en toute s\u00e9curit\u00e9 les cellules de batterie dans les chariots \u00e9l\u00e9vateurs et les syst\u00e8mes industriels. Avec une section de 70 mm\u00b2 et une longueur de 130 mm, il assure une capacit\u00e9 de courant \u00e9lev\u00e9e. Sa conception flexible et son isolation durable garantissent une longue dur\u00e9e de vie.<\/p>\n<p data-start=\"2867\" data-end=\"2891\"><strong data-start=\"2867\" data-end=\"2889\">Caract\u00e9ristiques :<\/strong><\/p>\n<ul data-start=\"2892\" data-end=\"3125\">\n<li data-start=\"2892\" data-end=\"2915\">\n<p data-start=\"2894\" data-end=\"2915\"><strong data-start=\"2894\" data-end=\"2906\">Marque :<\/strong> Fr\u00f6tek<\/p>\n<\/li>\n<li data-start=\"2916\" data-end=\"2940\">\n<p data-start=\"2918\" data-end=\"2940\"><strong data-start=\"2918\" data-end=\"2931\">Section :<\/strong> 70 mm\u00b2<\/p>\n<\/li>\n<li data-start=\"2941\" data-end=\"2966\">\n<p data-start=\"2943\" data-end=\"2966\"><strong data-start=\"2943\" data-end=\"2957\">Longueur :<\/strong> 130 mm<\/p>\n<\/li>\n<li data-start=\"2967\" data-end=\"3048\">\n<p data-start=\"2969\" data-end=\"3048\"><strong data-start=\"2969\" data-end=\"2986\">Utilisation :<\/strong> Connexions de cellules de batterie pour chariots \u00e9l\u00e9vateurs<\/p>\n<\/li>\n<li data-start=\"3049\" data-end=\"3125\">\n<p data-start=\"3051\" data-end=\"3125\"><strong data-start=\"3051\" data-end=\"3065\">Avantages:<\/strong> Haute conductivit\u00e9, isolation robuste, structure flexible<\/p>\n<\/li>\n<\/ul>\n","protected":false},"featured_media":16863,"template":"","meta":[],"product_brand":[],"product_cat":[446],"product_tag":[],"class_list":{"0":"post-16862","1":"product","2":"type-product","3":"status-publish","4":"has-post-thumbnail","6":"product_cat-aku-bar","8":"first","9":"instock","10":"taxable","11":"shipping-taxable","12":"purchasable","13":"product-type-simple"},"_links":{"self":[{"href":"https:\/\/ceoparts.com\/fr\/wp-json\/wp\/v2\/product\/16862","targetHints":{"allow":["GET"]}}],"collection":[{"href":"https:\/\/ceoparts.com\/fr\/wp-json\/wp\/v2\/product"}],"about":[{"href":"https:\/\/ceoparts.com\/fr\/wp-json\/wp\/v2\/types\/product"}],"wp:featuredmedia":[{"embeddable":true,"href":"https:\/\/ceoparts.com\/fr\/wp-json\/wp\/v2\/media\/16863"}],"wp:attachment":[{"href":"https:\/\/ceoparts.com\/fr\/wp-json\/wp\/v2\/media?parent=16862"}],"wp:term":[{"taxonomy":"product_brand","embeddable":true,"href":"https:\/\/ceoparts.com\/fr\/wp-json\/wp\/v2\/product_brand?post=16862"},{"taxonomy":"product_cat","embeddable":true,"href":"https:\/\/ceoparts.com\/fr\/wp-json\/wp\/v2\/product_cat?post=16862"},{"taxonomy":"product_tag","embeddable":true,"href":"https:\/\/ceoparts.com\/fr\/wp-json\/wp\/v2\/product_tag?post=16862"}],"curies":[{"name":"wp","href":"https:\/\/api.w.org\/{rel}","templated":true}]}}