{"id":16887,"date":"2025-05-08T17:34:54","date_gmt":"2025-05-08T14:34:54","guid":{"rendered":"https:\/\/ceoparts.com\/?post_type=product&#038;p=16887"},"modified":"2026-05-16T22:11:36","modified_gmt":"2026-05-16T19:11:36","slug":"toyota-direksiyon-dingili-43110f318271","status":"publish","type":"product","link":"https:\/\/ceoparts.com\/fr\/urun\/toyota-direksiyon-dingili-43110f318271\/","title":{"rendered":"Arbre de direction Toyota \u2013 43110F318271"},"content":{"rendered":"<p>Arbre de direction Toyota \u2013 43110F318271<\/p>","protected":false},"excerpt":{"rendered":"<p data-start=\"2142\" data-end=\"2454\"><strong data-start=\"2142\" data-end=\"2186\">Arbre de direction Toyota \u2013 43110F318271<\/strong> est une pi\u00e8ce d\u00e9tach\u00e9e de haute qualit\u00e9 utilis\u00e9e dans les chariots \u00e9l\u00e9vateurs et \u00e9quipements industriels Toyota pour transmettre et stabiliser les mouvements de direction. Sa structure solide et sa compatibilit\u00e9 d\u2019origine garantissent une utilisation s\u00fbre et durable.<\/p>\n<p data-start=\"2456\" data-end=\"2480\"><strong data-start=\"2456\" data-end=\"2478\">Caract\u00e9ristiques :<\/strong><\/p>\n<ul data-start=\"2481\" data-end=\"2660\">\n<li data-start=\"2481\" data-end=\"2504\">\n<p data-start=\"2483\" data-end=\"2504\"><strong data-start=\"2483\" data-end=\"2495\">Marque :<\/strong> Toyota<\/p>\n<\/li>\n<li data-start=\"2505\" data-end=\"2537\">\n<p data-start=\"2507\" data-end=\"2537\"><strong data-start=\"2507\" data-end=\"2522\">R\u00e9f\u00e9rence :<\/strong> 43110F318271<\/p>\n<\/li>\n<li data-start=\"2538\" data-end=\"2580\">\n<p data-start=\"2540\" data-end=\"2580\"><strong data-start=\"2540\" data-end=\"2557\">Utilisation :<\/strong> Syst\u00e8me de direction<\/p>\n<\/li>\n<li data-start=\"2581\" data-end=\"2660\">\n<p data-start=\"2583\" data-end=\"2660\"><strong data-start=\"2583\" data-end=\"2598\">Avantages :<\/strong> Structure robuste, haute compatibilit\u00e9, longue dur\u00e9e de vie<\/p>\n<\/li>\n<\/ul>\n","protected":false},"featured_media":16895,"template":"","meta":[],"product_brand":[],"product_cat":[470,521,530],"product_tag":[],"class_list":{"0":"post-16887","1":"product","2":"type-product","3":"status-publish","4":"has-post-thumbnail","6":"product_cat-diger-yedek-parcalar","7":"product_cat-toyota","8":"product_cat-yedek-parca-toyota","10":"first","11":"instock","12":"taxable","13":"shipping-taxable","14":"purchasable","15":"product-type-simple"},"_links":{"self":[{"href":"https:\/\/ceoparts.com\/fr\/wp-json\/wp\/v2\/product\/16887","targetHints":{"allow":["GET"]}}],"collection":[{"href":"https:\/\/ceoparts.com\/fr\/wp-json\/wp\/v2\/product"}],"about":[{"href":"https:\/\/ceoparts.com\/fr\/wp-json\/wp\/v2\/types\/product"}],"wp:featuredmedia":[{"embeddable":true,"href":"https:\/\/ceoparts.com\/fr\/wp-json\/wp\/v2\/media\/16895"}],"wp:attachment":[{"href":"https:\/\/ceoparts.com\/fr\/wp-json\/wp\/v2\/media?parent=16887"}],"wp:term":[{"taxonomy":"product_brand","embeddable":true,"href":"https:\/\/ceoparts.com\/fr\/wp-json\/wp\/v2\/product_brand?post=16887"},{"taxonomy":"product_cat","embeddable":true,"href":"https:\/\/ceoparts.com\/fr\/wp-json\/wp\/v2\/product_cat?post=16887"},{"taxonomy":"product_tag","embeddable":true,"href":"https:\/\/ceoparts.com\/fr\/wp-json\/wp\/v2\/product_tag?post=16887"}],"curies":[{"name":"wp","href":"https:\/\/api.w.org\/{rel}","templated":true}]}}