{"id":16901,"date":"2025-05-09T14:43:11","date_gmt":"2025-05-09T11:43:11","guid":{"rendered":"https:\/\/ceoparts.com\/?post_type=product&#038;p=16901"},"modified":"2026-05-16T17:34:05","modified_gmt":"2026-05-16T14:34:05","slug":"still-ecu-korna-butonu-452049160","status":"publish","type":"product","link":"https:\/\/ceoparts.com\/fr\/urun\/still-ecu-korna-butonu-452049160\/","title":{"rendered":"Bouton de klaxon ECU Still \u2013 452049160"},"content":{"rendered":"<p>Bouton de klaxon ECU Still \u2013 452049160<\/p>","protected":false},"excerpt":{"rendered":"<p data-start=\"2227\" data-end=\"2555\"><strong data-start=\"2227\" data-end=\"2269\">Bouton de klaxon Still ECU \u2013 452049160<\/strong> est un bouton de commande de haute qualit\u00e9 sp\u00e9cialement con\u00e7u pour les chariots \u00e9l\u00e9vateurs et v\u00e9hicules industriels de marque Still, permettant au conducteur d\u2019\u00e9mettre des alertes sonores sur le lieu de travail. Conception ergonomique et structure robuste pour une performance durable.<\/p>\n<p data-start=\"2557\" data-end=\"2581\"><strong data-start=\"2557\" data-end=\"2579\">Caract\u00e9ristiques :<\/strong><\/p>\n<ul data-start=\"2582\" data-end=\"2742\">\n<li data-start=\"2582\" data-end=\"2604\">\n<p data-start=\"2584\" data-end=\"2604\"><strong data-start=\"2584\" data-end=\"2596\">Marque :<\/strong> Still<\/p>\n<\/li>\n<li data-start=\"2605\" data-end=\"2634\">\n<p data-start=\"2607\" data-end=\"2634\"><strong data-start=\"2607\" data-end=\"2622\">R\u00e9f\u00e9rence :<\/strong> 452049160<\/p>\n<\/li>\n<li data-start=\"2635\" data-end=\"2673\">\n<p data-start=\"2637\" data-end=\"2673\"><strong data-start=\"2637\" data-end=\"2654\">Utilisation :<\/strong> Bouton de klaxon<\/p>\n<\/li>\n<li data-start=\"2674\" data-end=\"2742\">\n<p data-start=\"2676\" data-end=\"2742\"><strong data-start=\"2676\" data-end=\"2691\">Avantages :<\/strong> Robuste, installation facile, performance fiable<\/p>\n<\/li>\n<\/ul>\n","protected":false},"featured_media":16905,"template":"","meta":[],"product_brand":[],"product_cat":[241,454,524],"product_tag":[],"class_list":{"0":"post-16901","1":"product","2":"type-product","3":"status-publish","4":"has-post-thumbnail","6":"product_cat-still","7":"product_cat-switch-ve-buton","8":"product_cat-yedek-parca-still","10":"first","11":"instock","12":"taxable","13":"shipping-taxable","14":"purchasable","15":"product-type-simple"},"_links":{"self":[{"href":"https:\/\/ceoparts.com\/fr\/wp-json\/wp\/v2\/product\/16901","targetHints":{"allow":["GET"]}}],"collection":[{"href":"https:\/\/ceoparts.com\/fr\/wp-json\/wp\/v2\/product"}],"about":[{"href":"https:\/\/ceoparts.com\/fr\/wp-json\/wp\/v2\/types\/product"}],"wp:featuredmedia":[{"embeddable":true,"href":"https:\/\/ceoparts.com\/fr\/wp-json\/wp\/v2\/media\/16905"}],"wp:attachment":[{"href":"https:\/\/ceoparts.com\/fr\/wp-json\/wp\/v2\/media?parent=16901"}],"wp:term":[{"taxonomy":"product_brand","embeddable":true,"href":"https:\/\/ceoparts.com\/fr\/wp-json\/wp\/v2\/product_brand?post=16901"},{"taxonomy":"product_cat","embeddable":true,"href":"https:\/\/ceoparts.com\/fr\/wp-json\/wp\/v2\/product_cat?post=16901"},{"taxonomy":"product_tag","embeddable":true,"href":"https:\/\/ceoparts.com\/fr\/wp-json\/wp\/v2\/product_tag?post=16901"}],"curies":[{"name":"wp","href":"https:\/\/api.w.org\/{rel}","templated":true}]}}